{"id":115812,"date":"2015-09-23T15:56:17","date_gmt":"2015-09-23T13:56:17","guid":{"rendered":"https:\/\/www.fabioferro.eu\/festina-herren-stahl-solo-time-uhr-mit-silber-zifferblatt.html"},"modified":"2015-09-23T15:56:17","modified_gmt":"2015-09-23T13:56:17","slug":"festina-herren-stahl-solo-time-uhr-mit-silber-zifferblatt","status":"publish","type":"product","link":"https:\/\/www.fabioferro.eu\/de\/festina-herren-stahl-solo-time-uhr-mit-silber-zifferblatt.html","title":{"rendered":"Festina Herren Stahl Solo Time Uhr mit Silber Zifferblatt"},"content":{"rendered":"<p>Festina Herrenuhr Classica Kollektion Edelstahl Solo Tempo<\/p>\n<p>Klassisches Modell<\/p>\n<p>Quarzwerk nur f\u00fcr die Zeit<\/p>\n<p>Stahlgeh\u00e4use mit polierter Oberfl\u00e4che, Durchmesser mm 43,00, Dicke mm 9,00. Wasserdichte Krone aus ger\u00e4ndeltem Stahl. Edelstahlboden mit Druckverschluss und wasserdicht bis 5 ATM.<\/p>\n<p>Mineralglas<\/p>\n<p>Versilbertes Zifferblatt mit nachleuchtenden Stunden- und Minutenzeigern aus poliertem Metall, zentraler Sekundenzeiger aus poliertem Metall. Angewandte gl\u00e4nzende Indizes.<\/p>\n<p>Satiniertes\/poliertes Stahlarmband mit Kastenschlie\u00dfe und zwei \u00d6ffnungskn\u00f6pfen.<\/p>\n<p>Original Festina Zwei-Jahres-Box und Garantie<\/p>\n<p>&nbsp;<\/p>\n","protected":false},"excerpt":{"rendered":"<p>Festina Herrenuhr klassisches Modell in Stahl mit silbernem Zifferblatt<\/p>\n","protected":false},"featured_media":115819,"comment_status":"open","ping_status":"closed","template":"","meta":[],"product_brand":[171],"product_cat":[5998],"product_tag":[],"class_list":{"0":"post-115812","1":"product","2":"type-product","3":"status-publish","4":"has-post-thumbnail","6":"product_brand-festina","7":"product_cat-festina-herrenuhren","9":"first","10":"outofstock","11":"sale","12":"taxable","13":"shipping-taxable","14":"purchasable","15":"product-type-simple"},"exclude_global_add_ons":[],"addons":[],"df_price":71.2,"df_sale_price":71.2,"df_regular_price":89,"df_image_link":"https:\/\/cdn02.fabioferro.eu\/wp-content\/uploads\/virtuemart\/product\/f16807_1.jpg","_links":{"self":[{"href":"https:\/\/www.fabioferro.eu\/de\/wp-json\/wp\/v2\/product\/115812","targetHints":{"allow":["GET"]}}],"collection":[{"href":"https:\/\/www.fabioferro.eu\/de\/wp-json\/wp\/v2\/product"}],"about":[{"href":"https:\/\/www.fabioferro.eu\/de\/wp-json\/wp\/v2\/types\/product"}],"replies":[{"embeddable":true,"href":"https:\/\/www.fabioferro.eu\/de\/wp-json\/wp\/v2\/comments?post=115812"}],"version-history":[{"count":0,"href":"https:\/\/www.fabioferro.eu\/de\/wp-json\/wp\/v2\/product\/115812\/revisions"}],"wp:featuredmedia":[{"embeddable":true,"href":"https:\/\/www.fabioferro.eu\/de\/wp-json\/wp\/v2\/media\/115819"}],"wp:attachment":[{"href":"https:\/\/www.fabioferro.eu\/de\/wp-json\/wp\/v2\/media?parent=115812"}],"wp:term":[{"taxonomy":"product_brand","embeddable":true,"href":"https:\/\/www.fabioferro.eu\/de\/wp-json\/wp\/v2\/product_brand?post=115812"},{"taxonomy":"product_cat","embeddable":true,"href":"https:\/\/www.fabioferro.eu\/de\/wp-json\/wp\/v2\/product_cat?post=115812"},{"taxonomy":"product_tag","embeddable":true,"href":"https:\/\/www.fabioferro.eu\/de\/wp-json\/wp\/v2\/product_tag?post=115812"}],"curies":[{"name":"wp","href":"https:\/\/api.w.org\/{rel}","templated":true}]}}