{"id":115833,"date":"2015-07-24T15:34:46","date_gmt":"2015-07-24T13:34:46","guid":{"rendered":"https:\/\/www.fabioferro.eu\/12-13-mm-graue-suesswasser-zuchtperlen-aus-eisen-fabio-halskette.html"},"modified":"2015-07-24T15:34:46","modified_gmt":"2015-07-24T13:34:46","slug":"12-13-mm-graue-suesswasser-zuchtperlen-aus-eisen-fabio-halskette","status":"publish","type":"product","link":"https:\/\/www.fabioferro.eu\/de\/12-13-mm-graue-suesswasser-zuchtperlen-aus-eisen-fabio-halskette.html","title":{"rendered":"12-13 mm Graue S\u00fc\u00dfwasser-Zuchtperlen aus Eisen Fabio Halskette"},"content":{"rendered":"<p>Fabio Ferro Halskette aus grauen Naturzuchtperlen mit 12\/13 mm Durchmesser.<\/p>\n<p>Dieser besondere Perlenstrang besteht aus 36 S\u00fc\u00dfwasser-Zuchtperlen in einem silbergrauen Farbton, der Durchmesser der Perlen betr\u00e4gt 12\/13 mm.<\/p>\n<p>Die Perlen wurden fachm\u00e4nnisch Knoten f\u00fcr Knoten von Hand gemustert, so dass jede einzelne Perle fester und sicherer ist und sie nicht aneinander reiben und Abnutzung durch<\/p>\n<p>Die Kette ist mit einem eleganten, kugelf\u00f6rmigen Verschluss aus 925er Sterling Silber mit polierten Durchbr\u00fcchen verziert.<\/p>\n<p>Die Gesamtl\u00e4nge der Kette betr\u00e4gt 46,00 cm einschlie\u00dflich des Verschlusses.<\/p>\n<p>Die Farbe der Perlen kann leicht von der Abbildung abweichen, da es sich um nat\u00fcrliche Perlen handelt und eine Perle von der anderen verschieden ist.<\/p>\n<p>Die Halskette wird in einer eleganten Geschenkbox mit einem Garantie- und Qualit\u00e4tszertifikat von Fabio Ferro I Gioielli geliefert.<\/p>\n","protected":false},"excerpt":{"rendered":"<p>Halskette aus grauen S\u00fc\u00dfwasser-Zuchtperlen Durchmesser 12\/13 mm mit Silber-Verschluss<\/p>\n","protected":false},"featured_media":115837,"comment_status":"open","ping_status":"closed","template":"","meta":[],"product_brand":[152],"product_cat":[6301],"product_tag":[],"class_list":{"0":"post-115833","1":"product","2":"type-product","3":"status-publish","4":"has-post-thumbnail","6":"product_brand-fabio-ferro-i-gioielli","7":"product_cat-perlenketten","9":"first","10":"outofstock","11":"sale","12":"taxable","13":"shipping-taxable","14":"purchasable","15":"product-type-simple"},"exclude_global_add_ons":[],"addons":[],"df_price":504,"df_sale_price":504,"df_regular_price":630,"df_image_link":"https:\/\/cdn02.fabioferro.eu\/wp-content\/uploads\/collana-di-perle-fabio-ferro-grigie-alepe8-3.jpg","_links":{"self":[{"href":"https:\/\/www.fabioferro.eu\/de\/wp-json\/wp\/v2\/product\/115833","targetHints":{"allow":["GET"]}}],"collection":[{"href":"https:\/\/www.fabioferro.eu\/de\/wp-json\/wp\/v2\/product"}],"about":[{"href":"https:\/\/www.fabioferro.eu\/de\/wp-json\/wp\/v2\/types\/product"}],"replies":[{"embeddable":true,"href":"https:\/\/www.fabioferro.eu\/de\/wp-json\/wp\/v2\/comments?post=115833"}],"version-history":[{"count":0,"href":"https:\/\/www.fabioferro.eu\/de\/wp-json\/wp\/v2\/product\/115833\/revisions"}],"wp:featuredmedia":[{"embeddable":true,"href":"https:\/\/www.fabioferro.eu\/de\/wp-json\/wp\/v2\/media\/115837"}],"wp:attachment":[{"href":"https:\/\/www.fabioferro.eu\/de\/wp-json\/wp\/v2\/media?parent=115833"}],"wp:term":[{"taxonomy":"product_brand","embeddable":true,"href":"https:\/\/www.fabioferro.eu\/de\/wp-json\/wp\/v2\/product_brand?post=115833"},{"taxonomy":"product_cat","embeddable":true,"href":"https:\/\/www.fabioferro.eu\/de\/wp-json\/wp\/v2\/product_cat?post=115833"},{"taxonomy":"product_tag","embeddable":true,"href":"https:\/\/www.fabioferro.eu\/de\/wp-json\/wp\/v2\/product_tag?post=115833"}],"curies":[{"name":"wp","href":"https:\/\/api.w.org\/{rel}","templated":true}]}}