{"id":115870,"date":"2015-03-13T15:53:12","date_gmt":"2015-03-13T14:53:12","guid":{"rendered":"https:\/\/www.fabioferro.eu\/festina-herren-chrono-sport-in-stahl-mit-silber-und-schwarzem-zifferblatt.html"},"modified":"2015-03-13T15:53:12","modified_gmt":"2015-03-13T14:53:12","slug":"festina-herren-chrono-sport-in-stahl-mit-silber-und-schwarzem-zifferblatt","status":"publish","type":"product","link":"https:\/\/www.fabioferro.eu\/de\/festina-herren-chrono-sport-in-stahl-mit-silber-und-schwarzem-zifferblatt.html","title":{"rendered":"Festina Herren Chrono Sport in Stahl mit Silber und schwarzem Zifferblatt"},"content":{"rendered":"<p>Festina Herrenuhr Chrono Sport aus Edelstahl mit silberfarbenem und schwarzem Zifferblatt<\/p>\n<p>Modell Chronograph<\/p>\n<p>Quarz-Chronowerk<\/p>\n<p>Geh\u00e4use aus poliertem\/satiniertem Stahl Durchmesser mm 41,00 Dicke mm 11,00. Gesch\u00fctzte und wasserdichte Krone aus poliertem, ger\u00e4ndeltem Stahl. Geh\u00e4useboden aus Stahl, druckfest verschlossen und wasserdicht bis 5 ATM.<\/p>\n<p>Geh\u00e4rtetes Mineralglas<\/p>\n<p>Silbernes Zifferblatt, Stunden- und Minutenzeiger aus Metall mit Leuchtmasse, Chrono-Sekundenzeiger in der Mitte. Angewandte gl\u00e4nzende Indizes. Datumsfeld auf 4 Uhr. Schwarz umrandete Chronographenzifferbl\u00e4tter.<\/p>\n<p>Satiniertes\/poliertes Stahlarmband mit Kastenschlie\u00dfe und 2 \u00d6ffnungskn\u00f6pfen.<\/p>\n<p>Original Festina Zwei-Jahres-Box und Garantie<\/p>\n<p>Ausstellen einer Quittung und\/oder Rechnung<\/p>\n","protected":false},"excerpt":{"rendered":"<p>Festina Chrono Sport Herrenuhr aus Stahl mit silbernem und schwarzem Zifferblatt<\/p>\n","protected":false},"featured_media":115879,"comment_status":"open","ping_status":"closed","template":"","meta":[],"product_brand":[171],"product_cat":[5998],"product_tag":[],"class_list":{"0":"post-115870","1":"product","2":"type-product","3":"status-publish","4":"has-post-thumbnail","6":"product_brand-festina","7":"product_cat-festina-herrenuhren","9":"first","10":"outofstock","11":"sale","12":"taxable","13":"shipping-taxable","14":"purchasable","15":"product-type-simple"},"exclude_global_add_ons":[],"addons":[],"df_price":111.2,"df_sale_price":111.2,"df_regular_price":139,"df_image_link":"https:\/\/cdn02.fabioferro.eu\/wp-content\/uploads\/virtuemart\/product\/f16678-4.jpg","_links":{"self":[{"href":"https:\/\/www.fabioferro.eu\/de\/wp-json\/wp\/v2\/product\/115870","targetHints":{"allow":["GET"]}}],"collection":[{"href":"https:\/\/www.fabioferro.eu\/de\/wp-json\/wp\/v2\/product"}],"about":[{"href":"https:\/\/www.fabioferro.eu\/de\/wp-json\/wp\/v2\/types\/product"}],"replies":[{"embeddable":true,"href":"https:\/\/www.fabioferro.eu\/de\/wp-json\/wp\/v2\/comments?post=115870"}],"version-history":[{"count":0,"href":"https:\/\/www.fabioferro.eu\/de\/wp-json\/wp\/v2\/product\/115870\/revisions"}],"wp:featuredmedia":[{"embeddable":true,"href":"https:\/\/www.fabioferro.eu\/de\/wp-json\/wp\/v2\/media\/115879"}],"wp:attachment":[{"href":"https:\/\/www.fabioferro.eu\/de\/wp-json\/wp\/v2\/media?parent=115870"}],"wp:term":[{"taxonomy":"product_brand","embeddable":true,"href":"https:\/\/www.fabioferro.eu\/de\/wp-json\/wp\/v2\/product_brand?post=115870"},{"taxonomy":"product_cat","embeddable":true,"href":"https:\/\/www.fabioferro.eu\/de\/wp-json\/wp\/v2\/product_cat?post=115870"},{"taxonomy":"product_tag","embeddable":true,"href":"https:\/\/www.fabioferro.eu\/de\/wp-json\/wp\/v2\/product_tag?post=115870"}],"curies":[{"name":"wp","href":"https:\/\/api.w.org\/{rel}","templated":true}]}}