{"id":115875,"date":"2015-02-28T17:12:34","date_gmt":"2015-02-28T16:12:34","guid":{"rendered":"https:\/\/www.fabioferro.eu\/eternity-bliss-first-class-ring-aus-weissgold-mit-gruenem-tsavorit.html"},"modified":"2025-06-06T16:21:45","modified_gmt":"2025-06-06T14:21:45","slug":"eternity-bliss-first-class-ring-aus-weissgold-mit-gruenem-tsavorit","status":"publish","type":"product","link":"https:\/\/www.fabioferro.eu\/de\/eternity-bliss-first-class-ring-aus-weissgold-mit-gruenem-tsavorit.html","title":{"rendered":"Eternity Bliss First Class Ring aus Wei\u00dfgold mit gr\u00fcnem Tsavorit"},"content":{"rendered":"<p>Ewiger Ring aus der Bliss &#8220;First Class&#8221; Kollektion, ganz aus 750\/1000 Wei\u00dfgold mit nat\u00fcrlichem gr\u00fcnen Tsavorit. Klassische Wei\u00dfgoldfassung mit 4 Riffs, besetzt mit 44 nat\u00fcrlichen gr\u00fcnen Tsavoriten von insgesamt 0,47 Karat. Sehr leicht, da die Fassung innen hohl ist, wodurch sie angenehm zu tragen ist. Das Schmuckst\u00fcck wird von einer Originalschatulle von Bliss Jewels und einer Garantie begleitet.<\/p>\n","protected":false},"excerpt":{"rendered":"<p>Ein Juwel von unvergleichlichem Licht und Eigenschaften.<\/p>\n","protected":false},"featured_media":115883,"comment_status":"open","ping_status":"closed","template":"","meta":[],"product_brand":[],"product_cat":[7620],"product_tag":[7442],"class_list":{"0":"post-115875","1":"product","2":"type-product","3":"status-publish","4":"has-post-thumbnail","6":"product_cat-outlet-schmuck","7":"product_tag-verfugbar","9":"first","10":"instock","11":"sale","12":"taxable","13":"shipping-taxable","14":"purchasable","15":"product-type-variable","16":"has-default-attributes"},"exclude_global_add_ons":[],"addons":[],"df_price":560,"df_sale_price":"","df_regular_price":560,"df_image_link":"https:\/\/cdn02.fabioferro.eu\/wp-content\/uploads\/virtuemart\/product\/eternity-20063218-verde.jpg","_links":{"self":[{"href":"https:\/\/www.fabioferro.eu\/de\/wp-json\/wp\/v2\/product\/115875","targetHints":{"allow":["GET"]}}],"collection":[{"href":"https:\/\/www.fabioferro.eu\/de\/wp-json\/wp\/v2\/product"}],"about":[{"href":"https:\/\/www.fabioferro.eu\/de\/wp-json\/wp\/v2\/types\/product"}],"replies":[{"embeddable":true,"href":"https:\/\/www.fabioferro.eu\/de\/wp-json\/wp\/v2\/comments?post=115875"}],"version-history":[{"count":0,"href":"https:\/\/www.fabioferro.eu\/de\/wp-json\/wp\/v2\/product\/115875\/revisions"}],"wp:featuredmedia":[{"embeddable":true,"href":"https:\/\/www.fabioferro.eu\/de\/wp-json\/wp\/v2\/media\/115883"}],"wp:attachment":[{"href":"https:\/\/www.fabioferro.eu\/de\/wp-json\/wp\/v2\/media?parent=115875"}],"wp:term":[{"taxonomy":"product_brand","embeddable":true,"href":"https:\/\/www.fabioferro.eu\/de\/wp-json\/wp\/v2\/product_brand?post=115875"},{"taxonomy":"product_cat","embeddable":true,"href":"https:\/\/www.fabioferro.eu\/de\/wp-json\/wp\/v2\/product_cat?post=115875"},{"taxonomy":"product_tag","embeddable":true,"href":"https:\/\/www.fabioferro.eu\/de\/wp-json\/wp\/v2\/product_tag?post=115875"}],"curies":[{"name":"wp","href":"https:\/\/api.w.org\/{rel}","templated":true}]}}