{"id":115894,"date":"2015-04-01T13:57:29","date_gmt":"2015-04-01T11:57:29","guid":{"rendered":"https:\/\/www.fabioferro.eu\/zancan-herrenring-aus-gelbgold-mit-diamanten.html"},"modified":"2015-04-01T13:57:29","modified_gmt":"2015-04-01T11:57:29","slug":"zancan-herrenring-aus-gelbgold-mit-diamanten","status":"publish","type":"product","link":"https:\/\/www.fabioferro.eu\/de\/zancan-herrenring-aus-gelbgold-mit-diamanten.html","title":{"rendered":"Zancan Herrenring aus Gelbgold mit Diamanten"},"content":{"rendered":"<p>Herrenring Zancan aus Gelbgold 750\/1000 mit kt. Diamanten im Brillantschliff. 0,09<\/p>\n<p>Handgefertigter Ring Made in Italy aus Gelb- und Wei\u00dfgold, Gewicht 6,50 g.<\/p>\n<p>Verf\u00fcgbare Gr\u00f6\u00dfe Nr. 21.<\/p>\n<p>Schachtel mit Garantiezertifikat Fabio Ferro i Gioielli.<\/p>\n<p>&nbsp;<\/p>\n","protected":false},"excerpt":{"rendered":"<p>Zancan Herrenring aus Gelbgold mit Diamanten im Brillantschliff<\/p>\n","protected":false},"featured_media":115901,"comment_status":"open","ping_status":"closed","template":"","meta":[],"product_brand":[],"product_cat":[7620],"product_tag":[7442],"class_list":{"0":"post-115894","1":"product","2":"type-product","3":"status-publish","4":"has-post-thumbnail","6":"product_cat-outlet-schmuck","7":"product_tag-verfugbar","9":"first","10":"instock","11":"sale","12":"taxable","13":"shipping-taxable","14":"purchasable","15":"product-type-simple"},"exclude_global_add_ons":[],"addons":[],"df_price":1260,"df_sale_price":1260,"df_regular_price":1800,"df_image_link":"https:\/\/cdn02.fabioferro.eu\/wp-content\/uploads\/virtuemart\/product\/anello_og_brill.jpg","_links":{"self":[{"href":"https:\/\/www.fabioferro.eu\/de\/wp-json\/wp\/v2\/product\/115894","targetHints":{"allow":["GET"]}}],"collection":[{"href":"https:\/\/www.fabioferro.eu\/de\/wp-json\/wp\/v2\/product"}],"about":[{"href":"https:\/\/www.fabioferro.eu\/de\/wp-json\/wp\/v2\/types\/product"}],"replies":[{"embeddable":true,"href":"https:\/\/www.fabioferro.eu\/de\/wp-json\/wp\/v2\/comments?post=115894"}],"version-history":[{"count":0,"href":"https:\/\/www.fabioferro.eu\/de\/wp-json\/wp\/v2\/product\/115894\/revisions"}],"wp:featuredmedia":[{"embeddable":true,"href":"https:\/\/www.fabioferro.eu\/de\/wp-json\/wp\/v2\/media\/115901"}],"wp:attachment":[{"href":"https:\/\/www.fabioferro.eu\/de\/wp-json\/wp\/v2\/media?parent=115894"}],"wp:term":[{"taxonomy":"product_brand","embeddable":true,"href":"https:\/\/www.fabioferro.eu\/de\/wp-json\/wp\/v2\/product_brand?post=115894"},{"taxonomy":"product_cat","embeddable":true,"href":"https:\/\/www.fabioferro.eu\/de\/wp-json\/wp\/v2\/product_cat?post=115894"},{"taxonomy":"product_tag","embeddable":true,"href":"https:\/\/www.fabioferro.eu\/de\/wp-json\/wp\/v2\/product_tag?post=115894"}],"curies":[{"name":"wp","href":"https:\/\/api.w.org\/{rel}","templated":true}]}}