{"id":115895,"date":"2015-03-14T15:33:18","date_gmt":"2015-03-14T14:33:18","guid":{"rendered":"https:\/\/www.fabioferro.eu\/festina-ladies-steel-mit-schwarzem-zifferblatt-und-strasssteinen.html"},"modified":"2015-03-14T15:33:18","modified_gmt":"2015-03-14T14:33:18","slug":"festina-ladies-steel-mit-schwarzem-zifferblatt-und-strasssteinen","status":"publish","type":"product","link":"https:\/\/www.fabioferro.eu\/de\/festina-ladies-steel-mit-schwarzem-zifferblatt-und-strasssteinen.html","title":{"rendered":"Festina Ladies&#8217; Steel mit schwarzem Zifferblatt und Strasssteinen"},"content":{"rendered":"<p>Festina Damenuhr aus poliertem Edelstahl mit schwarzem Zifferblatt und wei\u00dfen Strasssteinen.<\/p>\n<p>Quarzwerk nur f\u00fcr die Zeit<\/p>\n<p>Geh\u00e4use aus poliertem Edelstahl, Durchmesser 36,50 mm, Dicke 9,00 mm. Au\u00dfenl\u00fcnette mit wei\u00dfen Strasssteinen verziert. Wasserdichte Krone aus ger\u00e4ndeltem Stahl. Edelstahlboden und wasserdicht bis 5 ATM.<\/p>\n<p>Mineralglas<\/p>\n<p>Schwarzes Zifferblatt mit Stunden-, Minuten- und Sekundenzeiger aus poliertem Metall. R\u00f6mische Ziffern im Wechsel mit wei\u00dfen Strasssteinen.<\/p>\n<p>Poliertes Stahlarmband mit Kastenschlie\u00dfe und zwei \u00d6ffnungskn\u00f6pfen.<\/p>\n<p>Original Festina Zwei-Jahres-Box und Garantie.<\/p>\n<p>Ausstellen einer Quittung und\/oder Rechnung<\/p>\n","protected":false},"excerpt":{"rendered":"<p>Festina Damenuhr aus Stahl mit schwarzem Zifferblatt und wei\u00dfer Strassl\u00fcnette<\/p>\n","protected":false},"featured_media":115908,"comment_status":"open","ping_status":"closed","template":"","meta":[],"product_brand":[171],"product_cat":[5976],"product_tag":[7442],"class_list":{"0":"post-115895","1":"product","2":"type-product","3":"status-publish","4":"has-post-thumbnail","6":"product_brand-festina","7":"product_cat-festina-damenuhren","8":"product_tag-verfugbar","10":"first","11":"instock","12":"sale","13":"taxable","14":"shipping-taxable","15":"purchasable","16":"product-type-simple"},"exclude_global_add_ons":[],"addons":[],"df_price":79.2,"df_sale_price":79.2,"df_regular_price":99,"df_image_link":"https:\/\/cdn02.fabioferro.eu\/wp-content\/uploads\/virtuemart\/product\/f16719-2.jpg","_links":{"self":[{"href":"https:\/\/www.fabioferro.eu\/de\/wp-json\/wp\/v2\/product\/115895","targetHints":{"allow":["GET"]}}],"collection":[{"href":"https:\/\/www.fabioferro.eu\/de\/wp-json\/wp\/v2\/product"}],"about":[{"href":"https:\/\/www.fabioferro.eu\/de\/wp-json\/wp\/v2\/types\/product"}],"replies":[{"embeddable":true,"href":"https:\/\/www.fabioferro.eu\/de\/wp-json\/wp\/v2\/comments?post=115895"}],"version-history":[{"count":0,"href":"https:\/\/www.fabioferro.eu\/de\/wp-json\/wp\/v2\/product\/115895\/revisions"}],"wp:featuredmedia":[{"embeddable":true,"href":"https:\/\/www.fabioferro.eu\/de\/wp-json\/wp\/v2\/media\/115908"}],"wp:attachment":[{"href":"https:\/\/www.fabioferro.eu\/de\/wp-json\/wp\/v2\/media?parent=115895"}],"wp:term":[{"taxonomy":"product_brand","embeddable":true,"href":"https:\/\/www.fabioferro.eu\/de\/wp-json\/wp\/v2\/product_brand?post=115895"},{"taxonomy":"product_cat","embeddable":true,"href":"https:\/\/www.fabioferro.eu\/de\/wp-json\/wp\/v2\/product_cat?post=115895"},{"taxonomy":"product_tag","embeddable":true,"href":"https:\/\/www.fabioferro.eu\/de\/wp-json\/wp\/v2\/product_tag?post=115895"}],"curies":[{"name":"wp","href":"https:\/\/api.w.org\/{rel}","templated":true}]}}