{"id":115897,"date":"2015-03-13T15:36:20","date_gmt":"2015-03-13T14:36:20","guid":{"rendered":"https:\/\/www.fabioferro.eu\/festina-herren-chrono-sport-in-stahl-mit-silber-zifferblatt.html"},"modified":"2015-03-13T15:36:20","modified_gmt":"2015-03-13T14:36:20","slug":"festina-herren-chrono-sport-in-stahl-mit-silber-zifferblatt","status":"publish","type":"product","link":"https:\/\/www.fabioferro.eu\/de\/festina-herren-chrono-sport-in-stahl-mit-silber-zifferblatt.html","title":{"rendered":"Festina Herren Chrono Sport in Stahl mit Silber Zifferblatt"},"content":{"rendered":"<p>Festina Herren-Chrono-Sport-Edelstahluhr mit silbernem Zifferblatt<\/p>\n<p>Modell Chrono Sport<\/p>\n<p>Quarz-Chronographenwerk<\/p>\n<p>Geh\u00e4use aus poliertem Stahl Durchmesser mm 43,00 Dicke mm 12,00. Wasserdichte Krone aus poliertem Stahl mit R\u00e4ndelung. Stahlpumpen-Chronokn\u00f6pfe. Geh\u00e4useboden aus Stahl, druckfest verschlossen und wasserdicht bis 5 ATM. Externer Tachymeterring aus satiniertem Stahl.<\/p>\n<p>Geh\u00e4rtetes Mineralglas<\/p>\n<p>Silbernes Zifferblatt mit nachleuchtenden Metallzeigern f\u00fcr Stunden und Minuten, Chronosekundenzeiger in der Mitte. Angewandte gl\u00e4nzende Indizes. Datumsfeld auf 3 Uhr.<\/p>\n<p>Satiniertes\/poliertes Stahlarmband mit Kastenschlie\u00dfe und 2 \u00d6ffnungskn\u00f6pfen.<\/p>\n<p>Original Festina Zwei-Jahres-Box und Garantie<\/p>\n<p>Ausstellen einer Quittung und\/oder Rechnung<\/p>\n","protected":false},"excerpt":{"rendered":"<p>Festina Chrono Sport Herrenuhr aus Stahl mit silbernem Zifferblatt<\/p>\n","protected":false},"featured_media":115910,"comment_status":"open","ping_status":"closed","template":"","meta":[],"product_brand":[171],"product_cat":[5998],"product_tag":[7442],"class_list":{"0":"post-115897","1":"product","2":"type-product","3":"status-publish","4":"has-post-thumbnail","6":"product_brand-festina","7":"product_cat-festina-herrenuhren","8":"product_tag-verfugbar","10":"first","11":"outofstock","12":"sale","13":"taxable","14":"shipping-taxable","15":"purchasable","16":"product-type-simple"},"exclude_global_add_ons":[],"addons":[],"df_price":111.2,"df_sale_price":111.2,"df_regular_price":139,"df_image_link":"https:\/\/cdn02.fabioferro.eu\/wp-content\/uploads\/virtuemart\/product\/f16759-festina-grigio.jpg","_links":{"self":[{"href":"https:\/\/www.fabioferro.eu\/de\/wp-json\/wp\/v2\/product\/115897","targetHints":{"allow":["GET"]}}],"collection":[{"href":"https:\/\/www.fabioferro.eu\/de\/wp-json\/wp\/v2\/product"}],"about":[{"href":"https:\/\/www.fabioferro.eu\/de\/wp-json\/wp\/v2\/types\/product"}],"replies":[{"embeddable":true,"href":"https:\/\/www.fabioferro.eu\/de\/wp-json\/wp\/v2\/comments?post=115897"}],"version-history":[{"count":0,"href":"https:\/\/www.fabioferro.eu\/de\/wp-json\/wp\/v2\/product\/115897\/revisions"}],"wp:featuredmedia":[{"embeddable":true,"href":"https:\/\/www.fabioferro.eu\/de\/wp-json\/wp\/v2\/media\/115910"}],"wp:attachment":[{"href":"https:\/\/www.fabioferro.eu\/de\/wp-json\/wp\/v2\/media?parent=115897"}],"wp:term":[{"taxonomy":"product_brand","embeddable":true,"href":"https:\/\/www.fabioferro.eu\/de\/wp-json\/wp\/v2\/product_brand?post=115897"},{"taxonomy":"product_cat","embeddable":true,"href":"https:\/\/www.fabioferro.eu\/de\/wp-json\/wp\/v2\/product_cat?post=115897"},{"taxonomy":"product_tag","embeddable":true,"href":"https:\/\/www.fabioferro.eu\/de\/wp-json\/wp\/v2\/product_tag?post=115897"}],"curies":[{"name":"wp","href":"https:\/\/api.w.org\/{rel}","templated":true}]}}