{"id":115916,"date":"2015-03-12T18:38:14","date_gmt":"2015-03-12T17:38:14","guid":{"rendered":"https:\/\/www.fabioferro.eu\/ti-sento-milano-ohrringe-mit-weissen-perlen-mm-8.html"},"modified":"2024-10-30T10:10:48","modified_gmt":"2024-10-30T09:10:48","slug":"ti-sento-milano-ohrringe-mit-weissen-perlen-mm-8","status":"publish","type":"product","link":"https:\/\/www.fabioferro.eu\/de\/ti-sento-milano-ohrringe-mit-weissen-perlen-mm-8.html","title":{"rendered":"Ti Sento Milano Ohrringe mit wei\u00dfen Perlen mm.8"},"content":{"rendered":"<p>Ti Sento Milano Ohrringe aus 925\/1000 rhodiniertem und hypoallergenem Sterlingsilber Mit Schmetterlingsverschluss am Ohrl\u00e4ppchen befestigt Wei\u00dfe Perle, Gr\u00f6\u00dfe 8 mm Neuware mit eleganter Satinverpackung und entsprechender Ti Sento Milano Garantie<\/p>\n","protected":false},"excerpt":{"rendered":"<p>Ti Sento Milano Damen Ohrringe aus Silber mit wei\u00dfen Perlen<\/p>\n","protected":false},"featured_media":115925,"comment_status":"open","ping_status":"closed","template":"","meta":[],"product_brand":[158],"product_cat":[6060],"product_tag":[7551],"class_list":{"0":"post-115916","1":"product","2":"type-product","3":"status-publish","4":"has-post-thumbnail","6":"product_brand-ti-sento-milano","7":"product_cat-ti-sento-milano-ohrringe","8":"product_tag-ausschlusse","10":"first","11":"outofstock","12":"taxable","13":"shipping-taxable","14":"purchasable","15":"product-type-simple"},"exclude_global_add_ons":[],"addons":[],"df_price":49,"df_sale_price":"","df_regular_price":49,"df_image_link":"https:\/\/cdn02.fabioferro.eu\/wp-content\/uploads\/virtuemart\/product\/7386pw.jpg","_links":{"self":[{"href":"https:\/\/www.fabioferro.eu\/de\/wp-json\/wp\/v2\/product\/115916","targetHints":{"allow":["GET"]}}],"collection":[{"href":"https:\/\/www.fabioferro.eu\/de\/wp-json\/wp\/v2\/product"}],"about":[{"href":"https:\/\/www.fabioferro.eu\/de\/wp-json\/wp\/v2\/types\/product"}],"replies":[{"embeddable":true,"href":"https:\/\/www.fabioferro.eu\/de\/wp-json\/wp\/v2\/comments?post=115916"}],"version-history":[{"count":0,"href":"https:\/\/www.fabioferro.eu\/de\/wp-json\/wp\/v2\/product\/115916\/revisions"}],"wp:featuredmedia":[{"embeddable":true,"href":"https:\/\/www.fabioferro.eu\/de\/wp-json\/wp\/v2\/media\/115925"}],"wp:attachment":[{"href":"https:\/\/www.fabioferro.eu\/de\/wp-json\/wp\/v2\/media?parent=115916"}],"wp:term":[{"taxonomy":"product_brand","embeddable":true,"href":"https:\/\/www.fabioferro.eu\/de\/wp-json\/wp\/v2\/product_brand?post=115916"},{"taxonomy":"product_cat","embeddable":true,"href":"https:\/\/www.fabioferro.eu\/de\/wp-json\/wp\/v2\/product_cat?post=115916"},{"taxonomy":"product_tag","embeddable":true,"href":"https:\/\/www.fabioferro.eu\/de\/wp-json\/wp\/v2\/product_tag?post=115916"}],"curies":[{"name":"wp","href":"https:\/\/api.w.org\/{rel}","templated":true}]}}