{"id":115937,"date":"2015-01-14T10:34:44","date_gmt":"2015-01-14T09:34:44","guid":{"rendered":"https:\/\/www.fabioferro.eu\/fabio-ferro-tahiti-perlen-ohrringe-in-9-mm-weissgold.html"},"modified":"2024-09-18T17:20:28","modified_gmt":"2024-09-18T15:20:28","slug":"fabio-ferro-tahiti-perlen-ohrringe-in-9-mm-weissgold","status":"publish","type":"product","link":"https:\/\/www.fabioferro.eu\/de\/fabio-ferro-tahiti-perlen-ohrringe-in-9-mm-weissgold.html","title":{"rendered":"Fabio Ferro Tahiti Wei\u00dfgold 8-8,50 mm Perlenohrringe"},"content":{"rendered":"<p>In unserer Goldschmiedewerkstatt konzipierter, entworfener und handgefertigter Schmuck aus 750\/1000er Wei\u00dfgold und nat\u00fcrlichen Perlen aus Tahiti. Sie sind am Lappen befestigt und haben ein Gesamtgewicht von 1,20 g. Die beiden gl\u00e4nzend grauen Tahiti-Naturperlen mit einem Durchmesser von 9 mm zeigen diese besondere Farbe in der Natur. Praktischer und bequemer Verschluss mit Fliege. Die Farbe der Perlen kann leicht von der Abbildung abweichen, da es sich um nat\u00fcrliche Perlen handelt und eine Perle von der anderen verschieden ist. Die Ohrringe werden mit einer eleganten Geschenkbox und einer von Fabio Ferro I Gioielli unterzeichneten Garantie geliefert.<\/p>\n","protected":false},"excerpt":{"rendered":"<p>Ein Schmuckst\u00fcck, das Sie dank seiner extremen Sch\u00f6nheit wieder mit dem Meer verbinden wird.<\/p>\n","protected":false},"featured_media":115938,"comment_status":"open","ping_status":"closed","template":"","meta":[],"product_brand":[152],"product_cat":[6022],"product_tag":[],"class_list":{"0":"post-115937","1":"product","2":"type-product","3":"status-publish","4":"has-post-thumbnail","6":"product_brand-fabio-ferro-i-gioielli","7":"product_cat-perlen-ohrringe","9":"first","10":"instock","11":"sale","12":"taxable","13":"shipping-taxable","14":"purchasable","15":"product-type-simple"},"exclude_global_add_ons":[],"addons":[],"df_price":472,"df_sale_price":472,"df_regular_price":590,"df_image_link":"https:\/\/cdn02.fabioferro.eu\/wp-content\/uploads\/orecchini-fabio-ferro-perle-tahiti-in-oor-bianco-ff4828-2.jpg","_links":{"self":[{"href":"https:\/\/www.fabioferro.eu\/de\/wp-json\/wp\/v2\/product\/115937","targetHints":{"allow":["GET"]}}],"collection":[{"href":"https:\/\/www.fabioferro.eu\/de\/wp-json\/wp\/v2\/product"}],"about":[{"href":"https:\/\/www.fabioferro.eu\/de\/wp-json\/wp\/v2\/types\/product"}],"replies":[{"embeddable":true,"href":"https:\/\/www.fabioferro.eu\/de\/wp-json\/wp\/v2\/comments?post=115937"}],"version-history":[{"count":0,"href":"https:\/\/www.fabioferro.eu\/de\/wp-json\/wp\/v2\/product\/115937\/revisions"}],"wp:featuredmedia":[{"embeddable":true,"href":"https:\/\/www.fabioferro.eu\/de\/wp-json\/wp\/v2\/media\/115938"}],"wp:attachment":[{"href":"https:\/\/www.fabioferro.eu\/de\/wp-json\/wp\/v2\/media?parent=115937"}],"wp:term":[{"taxonomy":"product_brand","embeddable":true,"href":"https:\/\/www.fabioferro.eu\/de\/wp-json\/wp\/v2\/product_brand?post=115937"},{"taxonomy":"product_cat","embeddable":true,"href":"https:\/\/www.fabioferro.eu\/de\/wp-json\/wp\/v2\/product_cat?post=115937"},{"taxonomy":"product_tag","embeddable":true,"href":"https:\/\/www.fabioferro.eu\/de\/wp-json\/wp\/v2\/product_tag?post=115937"}],"curies":[{"name":"wp","href":"https:\/\/api.w.org\/{rel}","templated":true}]}}