{"id":116017,"date":"2014-11-18T17:38:22","date_gmt":"2014-11-18T16:38:22","guid":{"rendered":"https:\/\/www.fabioferro.eu\/fope-flex-it-vendome-armband-in-rose-gold-mit-diamanten.html"},"modified":"2026-01-09T16:29:31","modified_gmt":"2026-01-09T15:29:31","slug":"fope-flex-it-vendome-armband-in-rose-gold-mit-diamanten","status":"publish","type":"product","link":"https:\/\/www.fabioferro.eu\/de\/fope-flex-it-vendome-armband-in-rose-gold-mit-diamanten.html","title":{"rendered":"Fope Flex It Vendome Armband in Rose Gold mit Diamanten"},"content":{"rendered":"<p>Die FOPE-Schmuckst\u00fccke sind in drei Goldfarben erh\u00e4ltlich und haben eine 24-monatige Garantie gegen Herstellungsfehler, die von unserem offiziellen Servicecenter \u00fcberpr\u00fcft wird. Wer seinen Schmuck pflegt, sorgt daf\u00fcr, dass er ewig h\u00e4lt. <\/p>\n<p>Armband der Flex&#8217;it Vendome-Kollektion aus 18 Karat Ros\u00e9gold mit patentiertem elastischem Fope-Glied.<\/p>\n<p>Das Armband der Flex&#8217;it-Konstruktion enth\u00e4lt im Inneren Dutzende von Federn aus Ros\u00e9gold, die es erm\u00f6glichen, dass das Armband selbst, das keine Schlie\u00dfe hat, immer leistungsf\u00e4hig und sicher am Handgelenk bleibt.<\/p>\n<p>Das Netz ist 6,50 mm breit und 4 mm dick.<\/p>\n<p>Das zentrale Motiv aus Wei\u00dfgold ist 9 mm gro\u00df und 6,50 mm dick. Es ist mit Diamanten im Brillantschliff von 0,10 Karat besetzt, Farbe G und Reinheit VS1.<\/p>\n<p>Das Armband wird von einem eleganten Etui und der offiziellen Fope-Garantie begleitet.<\/p>\n<p><img decoding=\"async\" class=\"alignnone size-full wp-image-205465\" src=\"http:\/\/cdn02.fabioferro.eu\/wp-content\/uploads\/tabelle-misure-bracciali.jpg\" alt=\"\" width=\"1900\" height=\"153\" title=\"\" srcset=\"https:\/\/cdn02.fabioferro.eu\/wp-content\/uploads\/tabelle-misure-bracciali.jpg 1900w, https:\/\/cdn02.fabioferro.eu\/wp-content\/uploads\/tabelle-misure-bracciali-768x62.jpg 768w, https:\/\/cdn02.fabioferro.eu\/wp-content\/uploads\/tabelle-misure-bracciali-1536x124.jpg 1536w, https:\/\/cdn02.fabioferro.eu\/wp-content\/uploads\/tabelle-misure-bracciali-990x80.jpg 990w, https:\/\/cdn02.fabioferro.eu\/wp-content\/uploads\/tabelle-misure-bracciali-441x36.jpg 441w, https:\/\/cdn02.fabioferro.eu\/wp-content\/uploads\/tabelle-misure-bracciali-600x48.jpg 600w, https:\/\/cdn02.fabioferro.eu\/wp-content\/uploads\/tabelle-misure-bracciali-150x12.jpg 150w\" sizes=\"(max-width: 1900px) 100vw, 1900px\" \/><\/p>\n","protected":false},"excerpt":{"rendered":"<p>Eine elegante handgefertigte Kreation, die Raffinesse, Eleganz und Technik vereint.<\/p>\n","protected":false},"featured_media":116028,"comment_status":"open","ping_status":"closed","template":"","meta":[],"product_brand":[154],"product_cat":[6161],"product_tag":[],"class_list":{"0":"post-116017","1":"product","2":"type-product","3":"status-publish","4":"has-post-thumbnail","6":"product_brand-fope","7":"product_cat-fope-armbander","9":"first","10":"instock","11":"taxable","12":"shipping-taxable","13":"purchasable","14":"product-type-variable","15":"has-default-attributes"},"exclude_global_add_ons":[],"addons":[],"df_price":5670,"df_sale_price":"","df_regular_price":5670,"df_image_link":"https:\/\/cdn02.fabioferro.eu\/wp-content\/uploads\/virtuemart\/product\/bracciale_fope_collezione_vendome_in_oro_rosa_560B_BBR_BR__1594804611_944.jpg","_links":{"self":[{"href":"https:\/\/www.fabioferro.eu\/de\/wp-json\/wp\/v2\/product\/116017","targetHints":{"allow":["GET"]}}],"collection":[{"href":"https:\/\/www.fabioferro.eu\/de\/wp-json\/wp\/v2\/product"}],"about":[{"href":"https:\/\/www.fabioferro.eu\/de\/wp-json\/wp\/v2\/types\/product"}],"replies":[{"embeddable":true,"href":"https:\/\/www.fabioferro.eu\/de\/wp-json\/wp\/v2\/comments?post=116017"}],"version-history":[{"count":1,"href":"https:\/\/www.fabioferro.eu\/de\/wp-json\/wp\/v2\/product\/116017\/revisions"}],"predecessor-version":[{"id":206748,"href":"https:\/\/www.fabioferro.eu\/de\/wp-json\/wp\/v2\/product\/116017\/revisions\/206748"}],"wp:featuredmedia":[{"embeddable":true,"href":"https:\/\/www.fabioferro.eu\/de\/wp-json\/wp\/v2\/media\/116028"}],"wp:attachment":[{"href":"https:\/\/www.fabioferro.eu\/de\/wp-json\/wp\/v2\/media?parent=116017"}],"wp:term":[{"taxonomy":"product_brand","embeddable":true,"href":"https:\/\/www.fabioferro.eu\/de\/wp-json\/wp\/v2\/product_brand?post=116017"},{"taxonomy":"product_cat","embeddable":true,"href":"https:\/\/www.fabioferro.eu\/de\/wp-json\/wp\/v2\/product_cat?post=116017"},{"taxonomy":"product_tag","embeddable":true,"href":"https:\/\/www.fabioferro.eu\/de\/wp-json\/wp\/v2\/product_tag?post=116017"}],"curies":[{"name":"wp","href":"https:\/\/api.w.org\/{rel}","templated":true}]}}