{"id":116037,"date":"2014-10-22T10:14:19","date_gmt":"2014-10-22T08:14:19","guid":{"rendered":"https:\/\/www.fabioferro.eu\/ti-sento-milano-damen-silber-anhaenger-mit-champagner-zirkonen-und-schwarzem-spinell.html"},"modified":"2014-10-22T10:14:19","modified_gmt":"2014-10-22T08:14:19","slug":"ti-sento-milano-damen-silber-anhaenger-mit-champagner-zirkonen-und-schwarzem-spinell","status":"publish","type":"product","link":"https:\/\/www.fabioferro.eu\/de\/ti-sento-milano-damen-silber-anhaenger-mit-champagner-zirkonen-und-schwarzem-spinell.html","title":{"rendered":"Ti Sento Milano Damen Silber Anh\u00e4nger mit Champagner Zirkonen und schwarzem Spinell"},"content":{"rendered":"<p><span style=\"text-decoration: underline;\"><strong>LETZTES ST\u00dcCK VERF\u00dcGBAR<\/strong><\/span><\/p>\n<p>Ti Sento Milano Anh\u00e4nger aus 925\/1000 rhodiniertem und hypoallergenem Sterlingsilber mit champagnerfarbenen Zirkonen, schwarzem Spinell und in Silber getauchter Technik (siehe Foto).<\/p>\n<p>Silberne Basis mit polierter Oberfl\u00e4che, auf der Vorderseite ist das Silber gelbvergoldet mit Silber getaucht.<\/p>\n<p>Durchmesser des Anh\u00e4ngers mm 30,00, Dicke mm 2,50.<\/p>\n<p>Der Anh\u00e4nger ist mit einem kleinen Karabinerhaken versehen, mit dem er an einem Armband oder einer Halskette befestigt werden kann.<\/p>\n<p>Der Anh\u00e4nger wird mit einer schwarzen gewachsten Kordel von 90,00 cm L\u00e4nge geliefert.<\/p>\n<p>Elegante Verpackung und original Ti Sento Milano Garantie<\/p>\n<p>Ausstellen einer Quittung und\/oder Rechnung<\/p>\n<p>&nbsp;<\/p>\n<p>&nbsp;<\/p>\n","protected":false},"excerpt":{"rendered":"<p>Ti Sento Milano Damenanh\u00e4nger aus Sterlingsilber mit champagnerfarbenen Zirkonen und schwarzem Spinell in Silber. LETZTES ST\u00dcCK VERF\u00dcGBAR<\/p>\n","protected":false},"featured_media":116048,"comment_status":"open","ping_status":"closed","template":"","meta":[],"product_brand":[158],"product_cat":[6090],"product_tag":[7442],"class_list":{"0":"post-116037","1":"product","2":"type-product","3":"status-publish","4":"has-post-thumbnail","6":"product_brand-ti-sento-milano","7":"product_cat-ti-sento-milano-halsketten","8":"product_tag-verfugbar","10":"first","11":"instock","12":"taxable","13":"shipping-taxable","14":"purchasable","15":"product-type-simple"},"exclude_global_add_ons":[],"addons":[],"df_price":199,"df_sale_price":"","df_regular_price":199,"df_image_link":"https:\/\/cdn02.fabioferro.eu\/wp-content\/uploads\/virtuemart\/product\/6717ly.jpg","_links":{"self":[{"href":"https:\/\/www.fabioferro.eu\/de\/wp-json\/wp\/v2\/product\/116037","targetHints":{"allow":["GET"]}}],"collection":[{"href":"https:\/\/www.fabioferro.eu\/de\/wp-json\/wp\/v2\/product"}],"about":[{"href":"https:\/\/www.fabioferro.eu\/de\/wp-json\/wp\/v2\/types\/product"}],"replies":[{"embeddable":true,"href":"https:\/\/www.fabioferro.eu\/de\/wp-json\/wp\/v2\/comments?post=116037"}],"version-history":[{"count":0,"href":"https:\/\/www.fabioferro.eu\/de\/wp-json\/wp\/v2\/product\/116037\/revisions"}],"wp:featuredmedia":[{"embeddable":true,"href":"https:\/\/www.fabioferro.eu\/de\/wp-json\/wp\/v2\/media\/116048"}],"wp:attachment":[{"href":"https:\/\/www.fabioferro.eu\/de\/wp-json\/wp\/v2\/media?parent=116037"}],"wp:term":[{"taxonomy":"product_brand","embeddable":true,"href":"https:\/\/www.fabioferro.eu\/de\/wp-json\/wp\/v2\/product_brand?post=116037"},{"taxonomy":"product_cat","embeddable":true,"href":"https:\/\/www.fabioferro.eu\/de\/wp-json\/wp\/v2\/product_cat?post=116037"},{"taxonomy":"product_tag","embeddable":true,"href":"https:\/\/www.fabioferro.eu\/de\/wp-json\/wp\/v2\/product_tag?post=116037"}],"curies":[{"name":"wp","href":"https:\/\/api.w.org\/{rel}","templated":true}]}}