{"id":116038,"date":"2024-01-25T18:32:50","date_gmt":"2024-01-25T17:32:50","guid":{"rendered":"https:\/\/www.fabioferro.eu\/fabio-ferro-punto-luce-halskette-aus-weissgold-mit-040-karat-igi-diamant.html"},"modified":"2014-11-13T18:32:50","modified_gmt":"2014-11-13T17:32:50","slug":"fabio-ferro-punto-luce-halskette-aus-weissgold-mit-040-karat-igi-diamant","status":"publish","type":"product","link":"https:\/\/www.fabioferro.eu\/de\/fabio-ferro-punto-luce-halskette-aus-weissgold-mit-040-karat-igi-diamant.html","title":{"rendered":"Fabio Ferro Punto Luce Halskette aus Wei\u00dfgold mit 0,40 Karat IGI Diamant"},"content":{"rendered":"<p>Halskette Punto luce, handgefertigt in unserer Goldschmiedewerkstatt, ganz aus 750\/1000 g Wei\u00dfgold, mit einem Gewicht von 2,72 g und einer Fassung mit 4 Steinen. Die L\u00fcnette misst 5 x 5 mm.<\/p>\n<p>Solit\u00e4r-Diamant im Brillantschliff mit einem Gewicht von 0,40 Karat, Farbe F und Reinheit VS1, Laserschliff mit einzigartigem Code auf dem G\u00fcrtel und IGI-Zertifikat.<\/p>\n<p>Besondere venezianische Kette mit Karabinerverschluss, L\u00e4nge 45 cm, kann durch ein in die Kette eingef\u00fcgtes Gelenkglied auf 42 cm gek\u00fcrzt werden.<\/p>\n<p>Schmuckst\u00fcck mit Schatulle und Original-Garantiezertifikat von Fabio Ferro I Gioielli, begleitet von einer h\u00fcbschen Geschenkbox f\u00fcr kostbare Anl\u00e4sse.<\/p>\n<p><img decoding=\"async\" class=\"alignnone size-full wp-image-68675\" src=\"https:\/\/cdn02.fabioferro.eu\/wp-content\/uploads\/IGI-4cs-chart-IT-scaled.jpg\" alt=\"\" width=\"1864\" height=\"2560\" title=\"\" srcset=\"https:\/\/cdn02.fabioferro.eu\/wp-content\/uploads\/IGI-4cs-chart-IT-scaled.jpg 1864w, https:\/\/cdn02.fabioferro.eu\/wp-content\/uploads\/IGI-4cs-chart-IT-768x1055.jpg 768w, https:\/\/cdn02.fabioferro.eu\/wp-content\/uploads\/IGI-4cs-chart-IT-1119x1536.jpg 1119w, https:\/\/cdn02.fabioferro.eu\/wp-content\/uploads\/IGI-4cs-chart-IT-1491x2048.jpg 1491w, https:\/\/cdn02.fabioferro.eu\/wp-content\/uploads\/IGI-4cs-chart-IT-990x1359.jpg 990w, https:\/\/cdn02.fabioferro.eu\/wp-content\/uploads\/IGI-4cs-chart-IT-441x606.jpg 441w, https:\/\/cdn02.fabioferro.eu\/wp-content\/uploads\/IGI-4cs-chart-IT-600x824.jpg 600w, https:\/\/cdn02.fabioferro.eu\/wp-content\/uploads\/IGI-4cs-chart-IT-150x206.jpg 150w\" sizes=\"(max-width: 1864px) 100vw, 1864px\" \/><\/p>\n","protected":false},"excerpt":{"rendered":"<p>Puntoluce-Halskette aus Wei\u00dfgold mit 4 Greifen und einem Solit\u00e4rdiamanten im Brillantschliff von 0,40 Karat, IGI-zertifiziert<\/p>\n","protected":false},"featured_media":113803,"comment_status":"open","ping_status":"closed","template":"","meta":[],"product_brand":[152],"product_cat":[6016],"product_tag":[7442],"class_list":{"0":"post-116038","1":"product","2":"type-product","3":"status-publish","4":"has-post-thumbnail","6":"product_brand-fabio-ferro-i-gioielli","7":"product_cat-dot-light-halsketten","8":"product_tag-verfugbar","10":"first","11":"instock","12":"sale","13":"taxable","14":"shipping-taxable","15":"purchasable","16":"product-type-simple"},"exclude_global_add_ons":[],"addons":[],"df_price":2520,"df_sale_price":2520,"df_regular_price":3150,"df_image_link":"https:\/\/cdn02.fabioferro.eu\/wp-content\/uploads\/collana-punto-luce-fabio-ferro-in-oro-bianco-e-diamanti-ff1027.jpg","_links":{"self":[{"href":"https:\/\/www.fabioferro.eu\/de\/wp-json\/wp\/v2\/product\/116038","targetHints":{"allow":["GET"]}}],"collection":[{"href":"https:\/\/www.fabioferro.eu\/de\/wp-json\/wp\/v2\/product"}],"about":[{"href":"https:\/\/www.fabioferro.eu\/de\/wp-json\/wp\/v2\/types\/product"}],"replies":[{"embeddable":true,"href":"https:\/\/www.fabioferro.eu\/de\/wp-json\/wp\/v2\/comments?post=116038"}],"version-history":[{"count":0,"href":"https:\/\/www.fabioferro.eu\/de\/wp-json\/wp\/v2\/product\/116038\/revisions"}],"wp:featuredmedia":[{"embeddable":true,"href":"https:\/\/www.fabioferro.eu\/de\/wp-json\/wp\/v2\/media\/113803"}],"wp:attachment":[{"href":"https:\/\/www.fabioferro.eu\/de\/wp-json\/wp\/v2\/media?parent=116038"}],"wp:term":[{"taxonomy":"product_brand","embeddable":true,"href":"https:\/\/www.fabioferro.eu\/de\/wp-json\/wp\/v2\/product_brand?post=116038"},{"taxonomy":"product_cat","embeddable":true,"href":"https:\/\/www.fabioferro.eu\/de\/wp-json\/wp\/v2\/product_cat?post=116038"},{"taxonomy":"product_tag","embeddable":true,"href":"https:\/\/www.fabioferro.eu\/de\/wp-json\/wp\/v2\/product_tag?post=116038"}],"curies":[{"name":"wp","href":"https:\/\/api.w.org\/{rel}","templated":true}]}}