{"id":116059,"date":"2014-11-25T15:18:38","date_gmt":"2014-11-25T14:18:38","guid":{"rendered":"https:\/\/www.fabioferro.eu\/comete-senior-armband-aus-stahl-und-rosegold.html"},"modified":"2014-11-25T15:18:38","modified_gmt":"2014-11-25T14:18:38","slug":"comete-senior-armband-aus-stahl-und-rosegold","status":"publish","type":"product","link":"https:\/\/www.fabioferro.eu\/de\/comete-senior-armband-aus-stahl-und-rosegold.html","title":{"rendered":"Comete Senior Armband aus Stahl und Ros\u00e9gold"},"content":{"rendered":"<p>Comete Herrenarmband der Kollektion &#8216;Senior&#8217; aus poliertem Edelstahl und 750\/1000er Ros\u00e9gold<\/p>\n<p>L\u00e4nge des Armbands 21,00 cm. Gelenkige, weiche Glieder mit Mittelplatte aus poliertem Stahl und ros\u00e9goldener Platte. Gr\u00f6\u00dfe mm 40,00 Breite mm 5,00.<\/p>\n<p>Praktischer Karabiner-Verschluss<\/p>\n<p>Original Comete Gioielli Schachtel und Garantie<\/p>\n<p>Ausstellen einer Quittung und\/oder Rechnung<\/p>\n","protected":false},"excerpt":{"rendered":"<p>Comete Herrenarmband &#8216;Senior&#8217; Kollektion aus poliertem Stahl und Ros\u00e9gold<\/p>\n","protected":false},"featured_media":116065,"comment_status":"open","ping_status":"closed","template":"","meta":[],"product_brand":[157],"product_cat":[6341,6380],"product_tag":[],"class_list":{"0":"post-116059","1":"product","2":"type-product","3":"status-publish","4":"has-post-thumbnail","6":"product_brand-comete","7":"product_cat-comete-armbander-manner","8":"product_cat-mannerschmuck","10":"first","11":"outofstock","12":"sale","13":"taxable","14":"shipping-taxable","15":"purchasable","16":"product-type-simple"},"exclude_global_add_ons":[],"addons":[],"df_price":302.4,"df_sale_price":302.4,"df_regular_price":336,"df_image_link":"https:\/\/cdn02.fabioferro.eu\/wp-content\/uploads\/virtuemart\/product\/ubr497.jpg","_links":{"self":[{"href":"https:\/\/www.fabioferro.eu\/de\/wp-json\/wp\/v2\/product\/116059","targetHints":{"allow":["GET"]}}],"collection":[{"href":"https:\/\/www.fabioferro.eu\/de\/wp-json\/wp\/v2\/product"}],"about":[{"href":"https:\/\/www.fabioferro.eu\/de\/wp-json\/wp\/v2\/types\/product"}],"replies":[{"embeddable":true,"href":"https:\/\/www.fabioferro.eu\/de\/wp-json\/wp\/v2\/comments?post=116059"}],"version-history":[{"count":0,"href":"https:\/\/www.fabioferro.eu\/de\/wp-json\/wp\/v2\/product\/116059\/revisions"}],"wp:featuredmedia":[{"embeddable":true,"href":"https:\/\/www.fabioferro.eu\/de\/wp-json\/wp\/v2\/media\/116065"}],"wp:attachment":[{"href":"https:\/\/www.fabioferro.eu\/de\/wp-json\/wp\/v2\/media?parent=116059"}],"wp:term":[{"taxonomy":"product_brand","embeddable":true,"href":"https:\/\/www.fabioferro.eu\/de\/wp-json\/wp\/v2\/product_brand?post=116059"},{"taxonomy":"product_cat","embeddable":true,"href":"https:\/\/www.fabioferro.eu\/de\/wp-json\/wp\/v2\/product_cat?post=116059"},{"taxonomy":"product_tag","embeddable":true,"href":"https:\/\/www.fabioferro.eu\/de\/wp-json\/wp\/v2\/product_tag?post=116059"}],"curies":[{"name":"wp","href":"https:\/\/api.w.org\/{rel}","templated":true}]}}