{"id":116076,"date":"2014-11-22T09:00:49","date_gmt":"2014-11-22T08:00:49","guid":{"rendered":"https:\/\/www.fabioferro.eu\/comete-man-net-manschettenknoepfe-aus-schwarzem-pvd-stahl-und-schwarzem-spinell.html"},"modified":"2014-11-22T09:00:49","modified_gmt":"2014-11-22T08:00:49","slug":"comete-man-net-manschettenknoepfe-aus-schwarzem-pvd-stahl-und-schwarzem-spinell","status":"publish","type":"product","link":"https:\/\/www.fabioferro.eu\/de\/comete-man-net-manschettenknoepfe-aus-schwarzem-pvd-stahl-und-schwarzem-spinell.html","title":{"rendered":"Comete Man Net Manschettenkn\u00f6pfe aus schwarzem PVD-Stahl und schwarzem Spinell"},"content":{"rendered":"<p><strong>DAS LETZTE VERF\u00dcGBARE ST\u00dcCK<\/strong>.<\/p>\n<p>Ein Paar Herrenmanschettenkn\u00f6pfe von Comete aus poliertem Edelstahl und schwarzem PVD-Stahl.<\/p>\n<p>Quadratische Form 14,00\u00d714,00 mm, Dicke 3,00 mm. Absehen aus poliertem Stahl auf einem Sockel aus schwarzem PVD-Stahl, 1 schwarzer Spinell in der Mitte.<\/p>\n<p>Neuer Artikel mit Box und original Comete Gioielli Garantie<\/p>\n<p>Ausstellen einer Quittung und\/oder Rechnung<\/p>\n","protected":false},"excerpt":{"rendered":"<p>Comete Herrenmanschettenkn\u00f6pfe &#8216;Net&#8217; Kollektion aus Edelstahl und schwarzem PVD-Stahl. Letztes verf\u00fcgbares St\u00fcck.<\/p>\n","protected":false},"featured_media":116091,"comment_status":"open","ping_status":"closed","template":"","meta":[],"product_brand":[157],"product_cat":[6392],"product_tag":[7442],"class_list":{"0":"post-116076","1":"product","2":"type-product","3":"status-publish","4":"has-post-thumbnail","6":"product_brand-comete","7":"product_cat-comete-accessoires-manner","8":"product_tag-verfugbar","10":"first","11":"instock","12":"sale","13":"taxable","14":"shipping-taxable","15":"purchasable","16":"product-type-simple"},"exclude_global_add_ons":[],"addons":[],"df_price":79.2,"df_sale_price":79.2,"df_regular_price":88,"df_image_link":"https:\/\/cdn02.fabioferro.eu\/wp-content\/uploads\/virtuemart\/product\/ugm-157-gemelli-net.jpg","_links":{"self":[{"href":"https:\/\/www.fabioferro.eu\/de\/wp-json\/wp\/v2\/product\/116076","targetHints":{"allow":["GET"]}}],"collection":[{"href":"https:\/\/www.fabioferro.eu\/de\/wp-json\/wp\/v2\/product"}],"about":[{"href":"https:\/\/www.fabioferro.eu\/de\/wp-json\/wp\/v2\/types\/product"}],"replies":[{"embeddable":true,"href":"https:\/\/www.fabioferro.eu\/de\/wp-json\/wp\/v2\/comments?post=116076"}],"version-history":[{"count":0,"href":"https:\/\/www.fabioferro.eu\/de\/wp-json\/wp\/v2\/product\/116076\/revisions"}],"wp:featuredmedia":[{"embeddable":true,"href":"https:\/\/www.fabioferro.eu\/de\/wp-json\/wp\/v2\/media\/116091"}],"wp:attachment":[{"href":"https:\/\/www.fabioferro.eu\/de\/wp-json\/wp\/v2\/media?parent=116076"}],"wp:term":[{"taxonomy":"product_brand","embeddable":true,"href":"https:\/\/www.fabioferro.eu\/de\/wp-json\/wp\/v2\/product_brand?post=116076"},{"taxonomy":"product_cat","embeddable":true,"href":"https:\/\/www.fabioferro.eu\/de\/wp-json\/wp\/v2\/product_cat?post=116076"},{"taxonomy":"product_tag","embeddable":true,"href":"https:\/\/www.fabioferro.eu\/de\/wp-json\/wp\/v2\/product_tag?post=116076"}],"curies":[{"name":"wp","href":"https:\/\/api.w.org\/{rel}","templated":true}]}}