{"id":116097,"date":"2014-10-10T09:21:50","date_gmt":"2014-10-10T07:21:50","guid":{"rendered":"https:\/\/www.fabioferro.eu\/festina-herrenuhr-stahl-versilbert-mit-doppelarmband.html"},"modified":"2024-02-08T12:31:42","modified_gmt":"2024-02-08T11:31:42","slug":"festina-herrenuhr-stahl-versilbert-mit-doppelarmband","status":"publish","type":"product","link":"https:\/\/www.fabioferro.eu\/de\/festina-herrenuhr-stahl-versilbert-mit-doppelarmband.html","title":{"rendered":"Festina Herrenuhr Stahl versilbert mit Doppelarmband"},"content":{"rendered":"<p>Festina Herrenuhr aus satiniertem Stahl, nur f\u00fcr die Zeit.<\/p>\n<p>Analoges Quarzwerk<\/p>\n<p>Geh\u00e4use aus satiniertem Stahl, Durchmesser 40,00 mm, Dicke 11,50 mm, mit gesch\u00fctzter Krone und wasserfestem, ger\u00e4ndeltem Stahl. Verschraubter Boden aus poliertem Edelstahl und wasserdicht bis 10 ATM. Externe einseitig drehbare L\u00fcnette aus satiniertem Stahl mit polierten Reitern alle 10 Minuten.<\/p>\n<p>Silberfarbenes Zifferblatt mit arabischen Ziffern 6, 9, 12 im Wechsel mit leuchtenden Stundenmarkierungen. Nachleuchtende Stunden- und Minutenzeiger mit Datumsfeld bei 3 Uhr.<\/p>\n<p>Satiniertes\/poliertes Stahlarmband mit Kastenschlie\u00dfe und zwei \u00d6ffnungskn\u00f6pfen. Das Boxset enth\u00e4lt ein zus\u00e4tzliches Ersatzarmband aus blauem Leder mit Kontrastn\u00e4hten. Stahlschnalle mit Festina-Logo.<\/p>\n<p>OriginalFestina zwei Jahre Garantie Box.<\/p>\n<p>Ausstellen einer Quittung und\/oder Rechnung<\/p>\n","protected":false},"excerpt":{"rendered":"<p>Festina Herrenuhr aus satiniertem Stahl mit blauem Lederarmband<\/p>\n","protected":false},"featured_media":116098,"comment_status":"open","ping_status":"closed","template":"","meta":[],"product_brand":[171],"product_cat":[5998],"product_tag":[],"class_list":{"0":"post-116097","1":"product","2":"type-product","3":"status-publish","4":"has-post-thumbnail","6":"product_brand-festina","7":"product_cat-festina-herrenuhren","9":"first","10":"outofstock","11":"sale","12":"taxable","13":"shipping-taxable","14":"purchasable","15":"product-type-simple"},"exclude_global_add_ons":[],"addons":[],"df_price":79.2,"df_sale_price":79.2,"df_regular_price":99,"df_image_link":"https:\/\/cdn02.fabioferro.eu\/wp-content\/uploads\/virtuemart\/product\/orologio-festina-F16170-1-cofanetto-con-cinturino.jpg","_links":{"self":[{"href":"https:\/\/www.fabioferro.eu\/de\/wp-json\/wp\/v2\/product\/116097","targetHints":{"allow":["GET"]}}],"collection":[{"href":"https:\/\/www.fabioferro.eu\/de\/wp-json\/wp\/v2\/product"}],"about":[{"href":"https:\/\/www.fabioferro.eu\/de\/wp-json\/wp\/v2\/types\/product"}],"replies":[{"embeddable":true,"href":"https:\/\/www.fabioferro.eu\/de\/wp-json\/wp\/v2\/comments?post=116097"}],"version-history":[{"count":0,"href":"https:\/\/www.fabioferro.eu\/de\/wp-json\/wp\/v2\/product\/116097\/revisions"}],"wp:featuredmedia":[{"embeddable":true,"href":"https:\/\/www.fabioferro.eu\/de\/wp-json\/wp\/v2\/media\/116098"}],"wp:attachment":[{"href":"https:\/\/www.fabioferro.eu\/de\/wp-json\/wp\/v2\/media?parent=116097"}],"wp:term":[{"taxonomy":"product_brand","embeddable":true,"href":"https:\/\/www.fabioferro.eu\/de\/wp-json\/wp\/v2\/product_brand?post=116097"},{"taxonomy":"product_cat","embeddable":true,"href":"https:\/\/www.fabioferro.eu\/de\/wp-json\/wp\/v2\/product_cat?post=116097"},{"taxonomy":"product_tag","embeddable":true,"href":"https:\/\/www.fabioferro.eu\/de\/wp-json\/wp\/v2\/product_tag?post=116097"}],"curies":[{"name":"wp","href":"https:\/\/api.w.org\/{rel}","templated":true}]}}