{"id":116105,"date":"2014-06-06T16:09:43","date_gmt":"2014-06-06T14:09:43","guid":{"rendered":"https:\/\/www.fabioferro.eu\/fabio-eisen-geflochtener-verlobungsring-mit-diamant-030-karat.html"},"modified":"2024-10-30T10:10:40","modified_gmt":"2024-10-30T09:10:40","slug":"fabio-eisen-geflochtener-verlobungsring-mit-diamant-030-karat","status":"publish","type":"product","link":"https:\/\/www.fabioferro.eu\/de\/fabio-eisen-geflochtener-verlobungsring-mit-diamant-030-karat.html","title":{"rendered":"Fabio Eisen geflochtener Verlobungsring mit Diamant 0,30 Karat"},"content":{"rendered":"<p>Verlobungsring, handgefertigt in unserer Werkstatt, aus Wei\u00dfgold 750\/1000, mit einem Gewicht von ca. 3,55 g. Contrari\u00e8-Fassung mit 5 Riffelungen, die eine gro\u00dfe Sicherheit und einen enormen Lichteinfall auf den Stein garantieren. Mit einem Solit\u00e4rdiamanten im Brillantschliff von 0,30 Karat besetzt, der sich durch die Farbe G und die Klarheit VVS1 auszeichnet.<\/p>\n<p>Das Karat des Steins ist elegant auf der Innenseite des Schafts eingraviert, zusammen mit dem Logo &#8216;Fabio Ferro I Gioielli&#8217;. Bitte verlassen Sie sich auf die Beschreibung f\u00fcr die tats\u00e4chlichen Eigenschaften des Schmuckst\u00fccks, das Foto dient nur zu Demonstrationszwecken. Wird mit einer speziellen Verpackung und einem von Fabio Ferro unterzeichneten Garantie- und Qualit\u00e4tszertifikat geliefert.<\/p>\n<p>&nbsp;<\/p>\n<p><img decoding=\"async\" class=\"alignnone size-full wp-image-68675\" src=\"https:\/\/cdn02.fabioferro.eu\/wp-content\/uploads\/IGI-4cs-chart-IT-scaled.jpg\" alt=\"\" width=\"1864\" height=\"2560\" title=\"\" srcset=\"https:\/\/cdn02.fabioferro.eu\/wp-content\/uploads\/IGI-4cs-chart-IT-scaled.jpg 1864w, https:\/\/cdn02.fabioferro.eu\/wp-content\/uploads\/IGI-4cs-chart-IT-768x1055.jpg 768w, https:\/\/cdn02.fabioferro.eu\/wp-content\/uploads\/IGI-4cs-chart-IT-1119x1536.jpg 1119w, https:\/\/cdn02.fabioferro.eu\/wp-content\/uploads\/IGI-4cs-chart-IT-1491x2048.jpg 1491w, https:\/\/cdn02.fabioferro.eu\/wp-content\/uploads\/IGI-4cs-chart-IT-990x1359.jpg 990w, https:\/\/cdn02.fabioferro.eu\/wp-content\/uploads\/IGI-4cs-chart-IT-441x606.jpg 441w, https:\/\/cdn02.fabioferro.eu\/wp-content\/uploads\/IGI-4cs-chart-IT-600x824.jpg 600w, https:\/\/cdn02.fabioferro.eu\/wp-content\/uploads\/IGI-4cs-chart-IT-150x206.jpg 150w\" sizes=\"(max-width: 1864px) 100vw, 1864px\" \/><\/p>\n","protected":false},"excerpt":{"rendered":"<p>Eine Verflechtung von Emotionen, die sich endlos jagen und unvergessliche Erinnerungen schaffen.<\/p>\n","protected":false},"featured_media":111717,"comment_status":"open","ping_status":"closed","template":"","meta":[],"product_brand":[152],"product_cat":[6021],"product_tag":[],"class_list":{"0":"post-116105","1":"product","2":"type-product","3":"status-publish","4":"has-post-thumbnail","6":"product_brand-fabio-ferro-i-gioielli","7":"product_cat-verlobungsringe","9":"first","10":"instock","11":"sale","12":"taxable","13":"shipping-taxable","14":"purchasable","15":"product-type-variable","16":"has-default-attributes"},"exclude_global_add_ons":[],"addons":[],"df_price":1680,"df_sale_price":"","df_regular_price":1680,"df_image_link":"https:\/\/cdn02.fabioferro.eu\/wp-content\/uploads\/anello-solitario-di-fidanzamento-fabio-ferro-ff1112.jpg","_links":{"self":[{"href":"https:\/\/www.fabioferro.eu\/de\/wp-json\/wp\/v2\/product\/116105","targetHints":{"allow":["GET"]}}],"collection":[{"href":"https:\/\/www.fabioferro.eu\/de\/wp-json\/wp\/v2\/product"}],"about":[{"href":"https:\/\/www.fabioferro.eu\/de\/wp-json\/wp\/v2\/types\/product"}],"replies":[{"embeddable":true,"href":"https:\/\/www.fabioferro.eu\/de\/wp-json\/wp\/v2\/comments?post=116105"}],"version-history":[{"count":0,"href":"https:\/\/www.fabioferro.eu\/de\/wp-json\/wp\/v2\/product\/116105\/revisions"}],"wp:featuredmedia":[{"embeddable":true,"href":"https:\/\/www.fabioferro.eu\/de\/wp-json\/wp\/v2\/media\/111717"}],"wp:attachment":[{"href":"https:\/\/www.fabioferro.eu\/de\/wp-json\/wp\/v2\/media?parent=116105"}],"wp:term":[{"taxonomy":"product_brand","embeddable":true,"href":"https:\/\/www.fabioferro.eu\/de\/wp-json\/wp\/v2\/product_brand?post=116105"},{"taxonomy":"product_cat","embeddable":true,"href":"https:\/\/www.fabioferro.eu\/de\/wp-json\/wp\/v2\/product_cat?post=116105"},{"taxonomy":"product_tag","embeddable":true,"href":"https:\/\/www.fabioferro.eu\/de\/wp-json\/wp\/v2\/product_tag?post=116105"}],"curies":[{"name":"wp","href":"https:\/\/api.w.org\/{rel}","templated":true}]}}