{"id":116140,"date":"2014-10-07T14:00:41","date_gmt":"2014-10-07T12:00:41","guid":{"rendered":"https:\/\/www.fabioferro.eu\/festina-herren-multifunktionsuhr-edelstahl-silbernes-zifferblatt.html"},"modified":"2014-10-07T14:00:41","modified_gmt":"2014-10-07T12:00:41","slug":"festina-herren-multifunktionsuhr-edelstahl-silbernes-zifferblatt","status":"publish","type":"product","link":"https:\/\/www.fabioferro.eu\/de\/festina-herren-multifunktionsuhr-edelstahl-silbernes-zifferblatt.html","title":{"rendered":"Festina Herren Multifunktionsuhr Edelstahl Silbernes Zifferblatt"},"content":{"rendered":"<p>&nbsp;<\/p>\n<p>Festina Herren Multifunktionsuhr aus satiniertem\/poliertem Stahl<\/p>\n<p>Multifunktionales Modell<\/p>\n<p>Quarzwerk<\/p>\n<p>Geh\u00e4use aus poliertem\/satiniertem Stahl, Durchmesser mm 41,00, Dicke mm 13,00. Feste Au\u00dfenl\u00fcnette mit Reitern alle 5 Sekunden. Gesch\u00fctzte, wasserdichte, polierte Stahl-R\u00e4ndelkrone mit Festina-Logo. Verschraubter Stahlboden und wasserdicht bis 10 ATM.<\/p>\n<p>Gew\u00f6lbtes Mineralglas<\/p>\n<p>Versilbertes Zifferblatt mit nachleuchtendem Stunden- und Minutenzeiger, blauer Sekundenzeiger mit nachleuchtender Spitze. Aufgesetzte, polierte, blaue Indexe, drei blaue Hilfszifferbl\u00e4tter, die den Tag, das Datum und die 24 Stunden anzeigen.<\/p>\n<p>Satiniertes\/poliertes Stahlarmband mit Kastenschlie\u00dfe.<\/p>\n<p>Original Festina Zwei-Jahres-Box und Garantie<\/p>\n<p>&nbsp;<\/p>\n","protected":false},"excerpt":{"rendered":"<p>Festina Herren-Multifunktionsuhr aus Stahl mit silbernem Zifferblatt und blauen Indizes<\/p>\n","protected":false},"featured_media":116150,"comment_status":"open","ping_status":"closed","template":"","meta":[],"product_brand":[171],"product_cat":[5998],"product_tag":[7442],"class_list":{"0":"post-116140","1":"product","2":"type-product","3":"status-publish","4":"has-post-thumbnail","6":"product_brand-festina","7":"product_cat-festina-herrenuhren","8":"product_tag-verfugbar","10":"first","11":"outofstock","12":"sale","13":"taxable","14":"shipping-taxable","15":"purchasable","16":"product-type-simple"},"exclude_global_add_ons":[],"addons":[],"df_price":79.2,"df_sale_price":79.2,"df_regular_price":99,"df_image_link":"https:\/\/cdn02.fabioferro.eu\/wp-content\/uploads\/virtuemart\/product\/chrono-16242.jpg","_links":{"self":[{"href":"https:\/\/www.fabioferro.eu\/de\/wp-json\/wp\/v2\/product\/116140","targetHints":{"allow":["GET"]}}],"collection":[{"href":"https:\/\/www.fabioferro.eu\/de\/wp-json\/wp\/v2\/product"}],"about":[{"href":"https:\/\/www.fabioferro.eu\/de\/wp-json\/wp\/v2\/types\/product"}],"replies":[{"embeddable":true,"href":"https:\/\/www.fabioferro.eu\/de\/wp-json\/wp\/v2\/comments?post=116140"}],"version-history":[{"count":0,"href":"https:\/\/www.fabioferro.eu\/de\/wp-json\/wp\/v2\/product\/116140\/revisions"}],"wp:featuredmedia":[{"embeddable":true,"href":"https:\/\/www.fabioferro.eu\/de\/wp-json\/wp\/v2\/media\/116150"}],"wp:attachment":[{"href":"https:\/\/www.fabioferro.eu\/de\/wp-json\/wp\/v2\/media?parent=116140"}],"wp:term":[{"taxonomy":"product_brand","embeddable":true,"href":"https:\/\/www.fabioferro.eu\/de\/wp-json\/wp\/v2\/product_brand?post=116140"},{"taxonomy":"product_cat","embeddable":true,"href":"https:\/\/www.fabioferro.eu\/de\/wp-json\/wp\/v2\/product_cat?post=116140"},{"taxonomy":"product_tag","embeddable":true,"href":"https:\/\/www.fabioferro.eu\/de\/wp-json\/wp\/v2\/product_tag?post=116140"}],"curies":[{"name":"wp","href":"https:\/\/api.w.org\/{rel}","templated":true}]}}