{"id":116155,"date":"2014-10-07T16:08:18","date_gmt":"2014-10-07T14:08:18","guid":{"rendered":"https:\/\/www.fabioferro.eu\/festina-damen-stahl-mit-silber-zifferblatt.html"},"modified":"2014-10-07T16:08:18","modified_gmt":"2014-10-07T14:08:18","slug":"festina-damen-stahl-mit-silber-zifferblatt","status":"publish","type":"product","link":"https:\/\/www.fabioferro.eu\/de\/festina-damen-stahl-mit-silber-zifferblatt.html","title":{"rendered":"Festina Damen Stahl mit Silber Zifferblatt"},"content":{"rendered":"<p>Festina Damenuhr aus poliertem Edelstahl mit silbernem Zifferblatt<\/p>\n<p>Klassisches Modell<\/p>\n<p>Quarzwerk nur f\u00fcr die Zeit<\/p>\n<p>Stahlgeh\u00e4use Durchmesser mm 31,00, Dicke mm 7,00. Gesch\u00fctzte und wasserfeste ger\u00e4ndelte Stahlkrone. Geh\u00e4useboden aus Stahl, druckfest verschlossen und wasserdicht bis 5 ATM.<\/p>\n<p>Mineralglas<\/p>\n<p>Versilbertes Zifferblatt mit polierten Metallzeigern, schwarzen arabischen Ziffern und Datumsfeld bei drei Uhr.<\/p>\n<p>Poliertes Stahlarmband mit Kastenschlie\u00dfe und zwei \u00d6ffnungskn\u00f6pfen<\/p>\n<p>Original Festina Zwei-Jahres-Box und Garantie<\/p>\n<p>Ausstellen einer Quittung und\/oder Rechnung<\/p>\n","protected":false},"excerpt":{"rendered":"<p>Festina Damenuhr in klassischem Stahl mit silbernem Zifferblatt<\/p>\n","protected":false},"featured_media":116171,"comment_status":"open","ping_status":"closed","template":"","meta":[],"product_brand":[171],"product_cat":[5976],"product_tag":[7442],"class_list":{"0":"post-116155","1":"product","2":"type-product","3":"status-publish","4":"has-post-thumbnail","6":"product_brand-festina","7":"product_cat-festina-damenuhren","8":"product_tag-verfugbar","10":"first","11":"outofstock","12":"sale","13":"taxable","14":"shipping-taxable","15":"purchasable","16":"product-type-simple"},"exclude_global_add_ons":[],"addons":[],"df_price":71.2,"df_sale_price":71.2,"df_regular_price":89,"df_image_link":"https:\/\/cdn02.fabioferro.eu\/wp-content\/uploads\/virtuemart\/product\/f16748.jpg","_links":{"self":[{"href":"https:\/\/www.fabioferro.eu\/de\/wp-json\/wp\/v2\/product\/116155","targetHints":{"allow":["GET"]}}],"collection":[{"href":"https:\/\/www.fabioferro.eu\/de\/wp-json\/wp\/v2\/product"}],"about":[{"href":"https:\/\/www.fabioferro.eu\/de\/wp-json\/wp\/v2\/types\/product"}],"replies":[{"embeddable":true,"href":"https:\/\/www.fabioferro.eu\/de\/wp-json\/wp\/v2\/comments?post=116155"}],"version-history":[{"count":0,"href":"https:\/\/www.fabioferro.eu\/de\/wp-json\/wp\/v2\/product\/116155\/revisions"}],"wp:featuredmedia":[{"embeddable":true,"href":"https:\/\/www.fabioferro.eu\/de\/wp-json\/wp\/v2\/media\/116171"}],"wp:attachment":[{"href":"https:\/\/www.fabioferro.eu\/de\/wp-json\/wp\/v2\/media?parent=116155"}],"wp:term":[{"taxonomy":"product_brand","embeddable":true,"href":"https:\/\/www.fabioferro.eu\/de\/wp-json\/wp\/v2\/product_brand?post=116155"},{"taxonomy":"product_cat","embeddable":true,"href":"https:\/\/www.fabioferro.eu\/de\/wp-json\/wp\/v2\/product_cat?post=116155"},{"taxonomy":"product_tag","embeddable":true,"href":"https:\/\/www.fabioferro.eu\/de\/wp-json\/wp\/v2\/product_tag?post=116155"}],"curies":[{"name":"wp","href":"https:\/\/api.w.org\/{rel}","templated":true}]}}