{"id":116176,"date":"2014-06-05T15:54:38","date_gmt":"2014-06-05T13:54:38","guid":{"rendered":"https:\/\/www.fabioferro.eu\/fabio-ferro-kleine-kreuz-halskette-mit-schwarzen-diamanten.html"},"modified":"2024-09-18T17:16:59","modified_gmt":"2024-09-18T15:16:59","slug":"fabio-ferro-kleine-kreuz-halskette-mit-schwarzen-diamanten","status":"publish","type":"product","link":"https:\/\/www.fabioferro.eu\/de\/fabio-ferro-kleine-kreuz-halskette-mit-schwarzen-diamanten.html","title":{"rendered":"Fabio Ferro Kleine Kreuz-Halskette mit schwarzen Diamanten"},"content":{"rendered":"<p>Herrenhalskette mit Kreuz, handgefertigt in unserer Goldschmiedewerkstatt, aus 750\/1000 Wei\u00dfgold mit einem Gewicht von 3,50 Gramm. Kreuzf\u00f6rmiger Anh\u00e4nger mit den Ma\u00dfen 8,00 x 8,00 mm und einer Dicke von 3,00 mm, besetzt mit 5 schwarzen Diamanten im Brillantschliff von 0,15 Karat. 50,00 cm venezianische Kette mit praktischem Karabinerverschluss. Das Schmuckst\u00fcck wird von einer kostenlosen Geschenkbox und einem Garantie- und Qualit\u00e4tszertifikat von Fabio Ferro I Gioielli begleitet.  &nbsp;<\/p>\n","protected":false},"excerpt":{"rendered":"<p>Herrenhalskette Fabio Ferro I Gioielli aus Wei\u00dfgold und kleines Kreuz mit schwarzen Diamanten<\/p>\n","protected":false},"featured_media":116187,"comment_status":"open","ping_status":"closed","template":"","meta":[],"product_brand":[152],"product_cat":[6015],"product_tag":[],"class_list":{"0":"post-116176","1":"product","2":"type-product","3":"status-publish","4":"has-post-thumbnail","6":"product_brand-fabio-ferro-i-gioielli","7":"product_cat-halsketten","9":"first","10":"instock","11":"sale","12":"taxable","13":"shipping-taxable","14":"purchasable","15":"product-type-simple"},"exclude_global_add_ons":[],"addons":[],"df_price":792,"df_sale_price":792,"df_regular_price":990,"df_image_link":"https:\/\/cdn02.fabioferro.eu\/wp-content\/uploads\/virtuemart\/product\/collana-croce-piccola-con-diamanti-neri1.jpg","_links":{"self":[{"href":"https:\/\/www.fabioferro.eu\/de\/wp-json\/wp\/v2\/product\/116176","targetHints":{"allow":["GET"]}}],"collection":[{"href":"https:\/\/www.fabioferro.eu\/de\/wp-json\/wp\/v2\/product"}],"about":[{"href":"https:\/\/www.fabioferro.eu\/de\/wp-json\/wp\/v2\/types\/product"}],"replies":[{"embeddable":true,"href":"https:\/\/www.fabioferro.eu\/de\/wp-json\/wp\/v2\/comments?post=116176"}],"version-history":[{"count":0,"href":"https:\/\/www.fabioferro.eu\/de\/wp-json\/wp\/v2\/product\/116176\/revisions"}],"wp:featuredmedia":[{"embeddable":true,"href":"https:\/\/www.fabioferro.eu\/de\/wp-json\/wp\/v2\/media\/116187"}],"wp:attachment":[{"href":"https:\/\/www.fabioferro.eu\/de\/wp-json\/wp\/v2\/media?parent=116176"}],"wp:term":[{"taxonomy":"product_brand","embeddable":true,"href":"https:\/\/www.fabioferro.eu\/de\/wp-json\/wp\/v2\/product_brand?post=116176"},{"taxonomy":"product_cat","embeddable":true,"href":"https:\/\/www.fabioferro.eu\/de\/wp-json\/wp\/v2\/product_cat?post=116176"},{"taxonomy":"product_tag","embeddable":true,"href":"https:\/\/www.fabioferro.eu\/de\/wp-json\/wp\/v2\/product_tag?post=116176"}],"curies":[{"name":"wp","href":"https:\/\/api.w.org\/{rel}","templated":true}]}}