{"id":116177,"date":"2014-09-06T16:17:55","date_gmt":"2014-09-06T14:17:55","guid":{"rendered":"https:\/\/www.fabioferro.eu\/damen-halskette-aus-rose-und-weissgold-mit-schwarzem-spinell-und-kamee.html"},"modified":"2014-09-06T16:17:55","modified_gmt":"2014-09-06T14:17:55","slug":"damen-halskette-aus-rose-und-weissgold-mit-schwarzem-spinell-und-kamee","status":"publish","type":"product","link":"https:\/\/www.fabioferro.eu\/de\/damen-halskette-aus-rose-und-weissgold-mit-schwarzem-spinell-und-kamee.html","title":{"rendered":"Damen-Halskette aus Ros\u00e9- und Wei\u00dfgold mit schwarzem Spinell und Kamee"},"content":{"rendered":"<p><strong>EINZIGARTIGES ST\u00dcCK<\/strong><\/p>\n<p>Italienische handgefertigte Halskette aus 750\/1000er Rot- und Wei\u00dfgold mit einem Gewicht von 18,80 g.<\/p>\n<p>Das Schmuckst\u00fcck besteht aus ineinander greifenden Golddrahtgliedern, die sich mit facettierten schwarzen Spinellk\u00f6rnern von je 3,00 mm abwechseln.<\/p>\n<p>Cameo-Anh\u00e4nger in facettiertem Bergkristall, eingefasst in eine Wei\u00dfgoldbord\u00fcre mit Diamanteffekt.<\/p>\n<p>Auf der Oberfl\u00e4che befindet sich eine fein handgravierte wei\u00dfe Perlmuttfigur einer griechischen G\u00f6ttin.<\/p>\n<p>Darunter befinden sich 3 facettierte schwarze Onyx-Tropfen, der mittlere ist 8,00 mm gro\u00df, 2 seitliche sind 5,00 mm gro\u00df.<\/p>\n<p>Das Collier hat eine Gesamtl\u00e4nge von 45,00 cm, die Kamee misst 33,00 x 26,00 mm, Dicke 6,00 mm.<\/p>\n<p>Eleganter gepr\u00e4gter Karabinerverschluss.<\/p>\n<p>Eine Schatulle mit dem Logo von Fabio Ferro I Gioielli und ein Garantie- und Qualit\u00e4tszertifikat begleiten das Schmuckst\u00fcck.<\/p>\n<p>&nbsp;<\/p>\n","protected":false},"excerpt":{"rendered":"<p>Damenhalskette aus 750\/1000 Ros\u00e9- und Wei\u00dfgold mit Kamee-Anh\u00e4nger und schwarzem Onyx<\/p>\n","protected":false},"featured_media":116191,"comment_status":"open","ping_status":"closed","template":"","meta":[],"product_brand":[152],"product_cat":[6015],"product_tag":[7442],"class_list":{"0":"post-116177","1":"product","2":"type-product","3":"status-publish","4":"has-post-thumbnail","6":"product_brand-fabio-ferro-i-gioielli","7":"product_cat-halsketten","8":"product_tag-verfugbar","10":"first","11":"instock","12":"sale","13":"taxable","14":"shipping-taxable","15":"purchasable","16":"product-type-simple"},"exclude_global_add_ons":[],"addons":[],"df_price":2696,"df_sale_price":2696,"df_regular_price":3370,"df_image_link":"https:\/\/cdn02.fabioferro.eu\/wp-content\/uploads\/virtuemart\/product\/collana-cameo2.jpg","_links":{"self":[{"href":"https:\/\/www.fabioferro.eu\/de\/wp-json\/wp\/v2\/product\/116177","targetHints":{"allow":["GET"]}}],"collection":[{"href":"https:\/\/www.fabioferro.eu\/de\/wp-json\/wp\/v2\/product"}],"about":[{"href":"https:\/\/www.fabioferro.eu\/de\/wp-json\/wp\/v2\/types\/product"}],"replies":[{"embeddable":true,"href":"https:\/\/www.fabioferro.eu\/de\/wp-json\/wp\/v2\/comments?post=116177"}],"version-history":[{"count":0,"href":"https:\/\/www.fabioferro.eu\/de\/wp-json\/wp\/v2\/product\/116177\/revisions"}],"wp:featuredmedia":[{"embeddable":true,"href":"https:\/\/www.fabioferro.eu\/de\/wp-json\/wp\/v2\/media\/116191"}],"wp:attachment":[{"href":"https:\/\/www.fabioferro.eu\/de\/wp-json\/wp\/v2\/media?parent=116177"}],"wp:term":[{"taxonomy":"product_brand","embeddable":true,"href":"https:\/\/www.fabioferro.eu\/de\/wp-json\/wp\/v2\/product_brand?post=116177"},{"taxonomy":"product_cat","embeddable":true,"href":"https:\/\/www.fabioferro.eu\/de\/wp-json\/wp\/v2\/product_cat?post=116177"},{"taxonomy":"product_tag","embeddable":true,"href":"https:\/\/www.fabioferro.eu\/de\/wp-json\/wp\/v2\/product_tag?post=116177"}],"curies":[{"name":"wp","href":"https:\/\/api.w.org\/{rel}","templated":true}]}}