{"id":116194,"date":"2014-04-26T17:34:34","date_gmt":"2014-04-26T15:34:34","guid":{"rendered":"https:\/\/www.fabioferro.eu\/weissgold-halskette-mit-schwarzem-diamantkreuz.html"},"modified":"2024-09-18T17:16:58","modified_gmt":"2024-09-18T15:16:58","slug":"weissgold-halskette-mit-schwarzem-diamantkreuz","status":"publish","type":"product","link":"https:\/\/www.fabioferro.eu\/de\/weissgold-halskette-mit-schwarzem-diamantkreuz.html","title":{"rendered":"Wei\u00dfgold-Halskette mit schwarzem Diamantkreuz"},"content":{"rendered":"<p>Halskette mit Kreuz aus schwarzen Diamanten, handgefertigt in unserer Goldschmiedewerkstatt in 750\/1000 Wei\u00dfgold. Robuste 45 cm lange Kette mit 4,80 Gramm Gewicht und Karabinerverschluss. Kreuzf\u00f6rmiger Anh\u00e4nger mit einem Gewicht von 1,70 Gramm, besetzt mit schwarzen Diamanten von insgesamt 0,60 Karat. Das Kreuz einschlie\u00dflich des Gegenglieds (oberer Ring, in dem die Kette gleitet) ist 3,00 cm gro\u00df und misst 24 x 17 mm, Dicke 1,8 mm. Schmuckst\u00fcck mit kostenloser Geschenkbox und Garantiezertifikat von Fabio Ferro i Gioielli.  &nbsp;<\/p>\n<p>&nbsp;<\/p>\n<p>&nbsp;<\/p>\n<p>&nbsp;<\/p>\n<p>&nbsp;<\/p>\n","protected":false},"excerpt":{"rendered":"<p>Herrenhalsband Fabio Ferro i Jewellery aus Wei\u00dfgold mit schwarzem Diamantkreuz<\/p>\n","protected":false},"featured_media":116208,"comment_status":"open","ping_status":"closed","template":"","meta":[],"product_brand":[152],"product_cat":[6015],"product_tag":[],"class_list":{"0":"post-116194","1":"product","2":"type-product","3":"status-publish","4":"has-post-thumbnail","6":"product_brand-fabio-ferro-i-gioielli","7":"product_cat-halsketten","9":"first","10":"instock","11":"sale","12":"taxable","13":"shipping-taxable","14":"purchasable","15":"product-type-simple"},"exclude_global_add_ons":[],"addons":[],"df_price":1680,"df_sale_price":1680,"df_regular_price":2100,"df_image_link":"https:\/\/cdn02.fabioferro.eu\/wp-content\/uploads\/virtuemart\/product\/collana-uomo-croce-diamanti-neri1.jpg","_links":{"self":[{"href":"https:\/\/www.fabioferro.eu\/de\/wp-json\/wp\/v2\/product\/116194","targetHints":{"allow":["GET"]}}],"collection":[{"href":"https:\/\/www.fabioferro.eu\/de\/wp-json\/wp\/v2\/product"}],"about":[{"href":"https:\/\/www.fabioferro.eu\/de\/wp-json\/wp\/v2\/types\/product"}],"replies":[{"embeddable":true,"href":"https:\/\/www.fabioferro.eu\/de\/wp-json\/wp\/v2\/comments?post=116194"}],"version-history":[{"count":0,"href":"https:\/\/www.fabioferro.eu\/de\/wp-json\/wp\/v2\/product\/116194\/revisions"}],"wp:featuredmedia":[{"embeddable":true,"href":"https:\/\/www.fabioferro.eu\/de\/wp-json\/wp\/v2\/media\/116208"}],"wp:attachment":[{"href":"https:\/\/www.fabioferro.eu\/de\/wp-json\/wp\/v2\/media?parent=116194"}],"wp:term":[{"taxonomy":"product_brand","embeddable":true,"href":"https:\/\/www.fabioferro.eu\/de\/wp-json\/wp\/v2\/product_brand?post=116194"},{"taxonomy":"product_cat","embeddable":true,"href":"https:\/\/www.fabioferro.eu\/de\/wp-json\/wp\/v2\/product_cat?post=116194"},{"taxonomy":"product_tag","embeddable":true,"href":"https:\/\/www.fabioferro.eu\/de\/wp-json\/wp\/v2\/product_tag?post=116194"}],"curies":[{"name":"wp","href":"https:\/\/api.w.org\/{rel}","templated":true}]}}