{"id":116198,"date":"2014-05-24T09:58:42","date_gmt":"2014-05-24T07:58:42","guid":{"rendered":"https:\/\/www.fabioferro.eu\/ti-sento-milano-veretta-ring-mit-solitaer.html"},"modified":"2024-09-18T17:16:54","modified_gmt":"2024-09-18T15:16:54","slug":"ti-sento-milano-veretta-ring-mit-solitaer","status":"publish","type":"product","link":"https:\/\/www.fabioferro.eu\/de\/ti-sento-milano-veretta-ring-mit-solitaer.html","title":{"rendered":"Ti Sento Milano Veretta Ring mit Solit\u00e4r"},"content":{"rendered":"<p>Ti Sento Milano Damenring aus 925\/1000 rhodiniertem und hypoallergenem Silber mit farblosen Zirkonen Ref. 1795ZI\/54 Farbloser Zirkoniaring mit zentralem Solit\u00e4r, besetzt mit 4 Riffelungen. Breite des Rings mm. 3.50 Dicke mm. 2.50, Dicke des Solit\u00e4rs mm. 6.00. Solit\u00e4r Durchmesser mm. 6.00 Sofort lieferbar Gr\u00f6\u00dfe 14 Neuer Artikel in einer eleganten Satinschachtel mit entsprechender Garantie.  &nbsp;<\/p>\n","protected":false},"excerpt":{"rendered":"<p>Ti Sento Milano Damenring aus Silber mit Zirkonia Pav\u00e8 und Solit\u00e4r<\/p>\n","protected":false},"featured_media":116224,"comment_status":"open","ping_status":"closed","template":"","meta":[],"product_brand":[158],"product_cat":[6343],"product_tag":[],"class_list":{"0":"post-116198","1":"product","2":"type-product","3":"status-publish","4":"has-post-thumbnail","6":"product_brand-ti-sento-milano","7":"product_cat-ti-sento-milano-ringe","9":"first","10":"outofstock","11":"taxable","12":"shipping-taxable","13":"purchasable","14":"product-type-simple"},"exclude_global_add_ons":[],"addons":[],"df_price":99,"df_sale_price":"","df_regular_price":99,"df_image_link":"https:\/\/cdn02.fabioferro.eu\/wp-content\/uploads\/virtuemart\/product\/1795zi-54-anello-con-solitario.png","_links":{"self":[{"href":"https:\/\/www.fabioferro.eu\/de\/wp-json\/wp\/v2\/product\/116198","targetHints":{"allow":["GET"]}}],"collection":[{"href":"https:\/\/www.fabioferro.eu\/de\/wp-json\/wp\/v2\/product"}],"about":[{"href":"https:\/\/www.fabioferro.eu\/de\/wp-json\/wp\/v2\/types\/product"}],"replies":[{"embeddable":true,"href":"https:\/\/www.fabioferro.eu\/de\/wp-json\/wp\/v2\/comments?post=116198"}],"version-history":[{"count":0,"href":"https:\/\/www.fabioferro.eu\/de\/wp-json\/wp\/v2\/product\/116198\/revisions"}],"wp:featuredmedia":[{"embeddable":true,"href":"https:\/\/www.fabioferro.eu\/de\/wp-json\/wp\/v2\/media\/116224"}],"wp:attachment":[{"href":"https:\/\/www.fabioferro.eu\/de\/wp-json\/wp\/v2\/media?parent=116198"}],"wp:term":[{"taxonomy":"product_brand","embeddable":true,"href":"https:\/\/www.fabioferro.eu\/de\/wp-json\/wp\/v2\/product_brand?post=116198"},{"taxonomy":"product_cat","embeddable":true,"href":"https:\/\/www.fabioferro.eu\/de\/wp-json\/wp\/v2\/product_cat?post=116198"},{"taxonomy":"product_tag","embeddable":true,"href":"https:\/\/www.fabioferro.eu\/de\/wp-json\/wp\/v2\/product_tag?post=116198"}],"curies":[{"name":"wp","href":"https:\/\/api.w.org\/{rel}","templated":true}]}}