{"id":116199,"date":"2014-09-06T15:33:01","date_gmt":"2014-09-06T13:33:01","guid":{"rendered":"https:\/\/www.fabioferro.eu\/ohrringe-aus-rosegold-und-natuerlichem-tigerauge.html"},"modified":"2014-09-06T15:33:01","modified_gmt":"2014-09-06T13:33:01","slug":"ohrringe-aus-rosegold-und-natuerlichem-tigerauge","status":"publish","type":"product","link":"https:\/\/www.fabioferro.eu\/de\/ohrringe-aus-rosegold-und-natuerlichem-tigerauge.html","title":{"rendered":"Ohrringe aus Ros\u00e9gold und nat\u00fcrlichem Tigerauge"},"content":{"rendered":"<p>&nbsp;<\/p>\n<p>Sehr originelle Ohrringe aus 750\/1000er Rotgold mit einem Gewicht von 9,20 g und Anh\u00e4nger aus poliertem Tigerauge.<\/p>\n<p>Mit einer Schmetterlingsschlie\u00dfe, bestehend aus 4 Kreisen mit einem Durchmesser von 8,50 bzw. 12,50 mm, am Lappen befestigt.<\/p>\n<p>Der Ohrring endet mit einem polierten nat\u00fcrlichen Tigerauge-Anh\u00e4nger mit einem Durchmesser von 18,00 mm und einer Dicke von 4,00 mm.<\/p>\n<p>Gesamtl\u00e4nge des Ohrrings 4,90 cm.<\/p>\n<p>Fabio Ferro I Gioielli Box-Set, Garantie und Qualit\u00e4tszertifikat begleiten die kostenlose Geschenkbox.<\/p>\n<p>&nbsp;<\/p>\n<p>&nbsp;<\/p>\n","protected":false},"excerpt":{"rendered":"<p>Damenohrringe aus 750\/1000 Ros\u00e9gold mit polierten nat\u00fcrlichen Tigeraugenanh\u00e4ngern<\/p>\n","protected":false},"featured_media":116223,"comment_status":"open","ping_status":"closed","template":"","meta":[],"product_brand":[152],"product_cat":[6014],"product_tag":[7442],"class_list":{"0":"post-116199","1":"product","2":"type-product","3":"status-publish","4":"has-post-thumbnail","6":"product_brand-fabio-ferro-i-gioielli","7":"product_cat-ohrringe","8":"product_tag-verfugbar","10":"first","11":"instock","12":"sale","13":"taxable","14":"shipping-taxable","15":"purchasable","16":"product-type-simple"},"exclude_global_add_ons":[],"addons":[],"df_price":2100,"df_sale_price":2100,"df_regular_price":2630,"df_image_link":"https:\/\/cdn02.fabioferro.eu\/wp-content\/uploads\/virtuemart\/product\/orecchini-con-occhio-di-tigre-bis.jpg","_links":{"self":[{"href":"https:\/\/www.fabioferro.eu\/de\/wp-json\/wp\/v2\/product\/116199","targetHints":{"allow":["GET"]}}],"collection":[{"href":"https:\/\/www.fabioferro.eu\/de\/wp-json\/wp\/v2\/product"}],"about":[{"href":"https:\/\/www.fabioferro.eu\/de\/wp-json\/wp\/v2\/types\/product"}],"replies":[{"embeddable":true,"href":"https:\/\/www.fabioferro.eu\/de\/wp-json\/wp\/v2\/comments?post=116199"}],"version-history":[{"count":0,"href":"https:\/\/www.fabioferro.eu\/de\/wp-json\/wp\/v2\/product\/116199\/revisions"}],"wp:featuredmedia":[{"embeddable":true,"href":"https:\/\/www.fabioferro.eu\/de\/wp-json\/wp\/v2\/media\/116223"}],"wp:attachment":[{"href":"https:\/\/www.fabioferro.eu\/de\/wp-json\/wp\/v2\/media?parent=116199"}],"wp:term":[{"taxonomy":"product_brand","embeddable":true,"href":"https:\/\/www.fabioferro.eu\/de\/wp-json\/wp\/v2\/product_brand?post=116199"},{"taxonomy":"product_cat","embeddable":true,"href":"https:\/\/www.fabioferro.eu\/de\/wp-json\/wp\/v2\/product_cat?post=116199"},{"taxonomy":"product_tag","embeddable":true,"href":"https:\/\/www.fabioferro.eu\/de\/wp-json\/wp\/v2\/product_tag?post=116199"}],"curies":[{"name":"wp","href":"https:\/\/api.w.org\/{rel}","templated":true}]}}