{"id":116203,"date":"2014-05-02T17:56:37","date_gmt":"2014-05-02T15:56:37","guid":{"rendered":"https:\/\/www.fabioferro.eu\/festina-womens-ceramic-schwarz-mit-strasssteinen.html"},"modified":"2024-02-08T12:31:53","modified_gmt":"2024-02-08T11:31:53","slug":"festina-womens-ceramic-schwarz-mit-strasssteinen","status":"publish","type":"product","link":"https:\/\/www.fabioferro.eu\/de\/festina-womens-ceramic-schwarz-mit-strasssteinen.html","title":{"rendered":"Festina Women&#8217;s Ceramic Schwarz mit Strasssteinen"},"content":{"rendered":"<p>&nbsp;<\/p>\n<p><strong>Festina Rechteckige Damenuhr aus poliertem Edelstahl und schwarzer Keramik mit Strass auf dem Zifferblatt<\/strong><\/p>\n<p>Quarzwerk nur f\u00fcr die Zeit<\/p>\n<p>Das Geh\u00e4use ist aus poliertem, rechteckigem Stahl und misst 32,00 mm x 24,50 mm, Dicke 8,00 mm. Der Geh\u00e4useboden ist druckverschlossen und bis 5 ATM wasserdicht, mit einer ger\u00e4ndelten Stahlkrone und geh\u00e4rtetem Mineralglas.<\/p>\n<p>Schwarzes Zifferblatt mit nachleuchtenden Stunden- und Minutenzeigern aus poliertem Metall. Strasssteine sind bei 6 und 12 Uhr angebracht, polierte Metallmarker bei 3 und 9 Uhr. Zu den anderen Stunden sind polierte Metallpunkte zu sehen.<\/p>\n<p>Das Armband ist aus poliertem Stahl mit 8 zentralen Gliedern aus schwarzer Keramik, die Schlie\u00dfe ist aus verdecktem Stahl und f\u00fcgt sich perfekt in das Gesamtarmband ein.<\/p>\n<p>Original Festina Zwei-Jahres-Box und Garantie<\/p>\n<p>Ausstellung von Rechnungen und\/oder Quittungen<\/p>\n","protected":false},"excerpt":{"rendered":"<p>Festina Damenuhr mit schwarzem Keramikarmband, poliertem Stahl und Strasssteinen auf dem Zifferblatt<\/p>\n","protected":false},"featured_media":116228,"comment_status":"open","ping_status":"closed","template":"","meta":[],"product_brand":[171],"product_cat":[5976],"product_tag":[],"class_list":{"0":"post-116203","1":"product","2":"type-product","3":"status-publish","4":"has-post-thumbnail","6":"product_brand-festina","7":"product_cat-festina-damenuhren","9":"first","10":"outofstock","11":"sale","12":"taxable","13":"shipping-taxable","14":"purchasable","15":"product-type-simple"},"exclude_global_add_ons":[],"addons":[],"df_price":111.2,"df_sale_price":111.2,"df_regular_price":139,"df_image_link":"https:\/\/cdn02.fabioferro.eu\/wp-content\/uploads\/virtuemart\/product\/f16536-2-ceramica-nera-donna.jpg","_links":{"self":[{"href":"https:\/\/www.fabioferro.eu\/de\/wp-json\/wp\/v2\/product\/116203","targetHints":{"allow":["GET"]}}],"collection":[{"href":"https:\/\/www.fabioferro.eu\/de\/wp-json\/wp\/v2\/product"}],"about":[{"href":"https:\/\/www.fabioferro.eu\/de\/wp-json\/wp\/v2\/types\/product"}],"replies":[{"embeddable":true,"href":"https:\/\/www.fabioferro.eu\/de\/wp-json\/wp\/v2\/comments?post=116203"}],"version-history":[{"count":0,"href":"https:\/\/www.fabioferro.eu\/de\/wp-json\/wp\/v2\/product\/116203\/revisions"}],"wp:featuredmedia":[{"embeddable":true,"href":"https:\/\/www.fabioferro.eu\/de\/wp-json\/wp\/v2\/media\/116228"}],"wp:attachment":[{"href":"https:\/\/www.fabioferro.eu\/de\/wp-json\/wp\/v2\/media?parent=116203"}],"wp:term":[{"taxonomy":"product_brand","embeddable":true,"href":"https:\/\/www.fabioferro.eu\/de\/wp-json\/wp\/v2\/product_brand?post=116203"},{"taxonomy":"product_cat","embeddable":true,"href":"https:\/\/www.fabioferro.eu\/de\/wp-json\/wp\/v2\/product_cat?post=116203"},{"taxonomy":"product_tag","embeddable":true,"href":"https:\/\/www.fabioferro.eu\/de\/wp-json\/wp\/v2\/product_tag?post=116203"}],"curies":[{"name":"wp","href":"https:\/\/api.w.org\/{rel}","templated":true}]}}