{"id":116229,"date":"2014-05-24T09:24:57","date_gmt":"2014-05-24T07:24:57","guid":{"rendered":"https:\/\/www.fabioferro.eu\/ti-sento-milano-925-silber-band-schwarz-pave-ring.html"},"modified":"2024-02-08T12:31:54","modified_gmt":"2024-02-08T11:31:54","slug":"ti-sento-milano-925-silber-band-schwarz-pave-ring","status":"publish","type":"product","link":"https:\/\/www.fabioferro.eu\/de\/ti-sento-milano-925-silber-band-schwarz-pave-ring.html","title":{"rendered":"Ti Sento Milano 925 Silber Band Schwarz Pav\u00e8 Ring"},"content":{"rendered":"<p>&nbsp;<\/p>\n<p><strong>Ti Sento Milano Damenring aus 925\/1000 rhodiniertem und hypoallergenem Silber mit schwarzen Zirkonen<\/strong><\/p>\n<p>Zentraler Pav\u00e8 aus schwarzem Zirkoniumdioxid<\/p>\n<p>Breite des Bandes mm 5,00 Dicke mm 2,00.<\/p>\n<p>Verf\u00fcgbare Gr\u00f6\u00dfe Nr. 14<\/p>\n<p><strong>LETZTES ST\u00dcCK VERF\u00dcGBAR<br \/>\n<\/strong><\/p>\n<p>Neuer Artikel mit eleganter Verpackung und Ti Sento Milano Garantie<\/p>\n<p>Ausstellen einer Quittung und\/oder Rechnung<\/p>\n<p>&nbsp;<\/p>\n<p>&nbsp;<\/p>\n<p>&nbsp;<\/p>\n<p>&nbsp;<\/p>\n<p>&nbsp;<\/p>\n","protected":false},"excerpt":{"rendered":"<p>Ti Sento Milano Damenring aus Silber mit schwarzem Zirkonia-Pav\u00e8<\/p>\n","protected":false},"featured_media":116235,"comment_status":"open","ping_status":"closed","template":"","meta":[],"product_brand":[158],"product_cat":[6343],"product_tag":[7442],"class_list":{"0":"post-116229","1":"product","2":"type-product","3":"status-publish","4":"has-post-thumbnail","6":"product_brand-ti-sento-milano","7":"product_cat-ti-sento-milano-ringe","8":"product_tag-verfugbar","10":"first","11":"instock","12":"taxable","13":"shipping-taxable","14":"purchasable","15":"product-type-simple"},"exclude_global_add_ons":[],"addons":[],"df_price":85,"df_sale_price":"","df_regular_price":85,"df_image_link":"https:\/\/cdn02.fabioferro.eu\/wp-content\/uploads\/virtuemart\/product\/1401zb-anello-con-spinello-nero1.jpg","_links":{"self":[{"href":"https:\/\/www.fabioferro.eu\/de\/wp-json\/wp\/v2\/product\/116229","targetHints":{"allow":["GET"]}}],"collection":[{"href":"https:\/\/www.fabioferro.eu\/de\/wp-json\/wp\/v2\/product"}],"about":[{"href":"https:\/\/www.fabioferro.eu\/de\/wp-json\/wp\/v2\/types\/product"}],"replies":[{"embeddable":true,"href":"https:\/\/www.fabioferro.eu\/de\/wp-json\/wp\/v2\/comments?post=116229"}],"version-history":[{"count":0,"href":"https:\/\/www.fabioferro.eu\/de\/wp-json\/wp\/v2\/product\/116229\/revisions"}],"wp:featuredmedia":[{"embeddable":true,"href":"https:\/\/www.fabioferro.eu\/de\/wp-json\/wp\/v2\/media\/116235"}],"wp:attachment":[{"href":"https:\/\/www.fabioferro.eu\/de\/wp-json\/wp\/v2\/media?parent=116229"}],"wp:term":[{"taxonomy":"product_brand","embeddable":true,"href":"https:\/\/www.fabioferro.eu\/de\/wp-json\/wp\/v2\/product_brand?post=116229"},{"taxonomy":"product_cat","embeddable":true,"href":"https:\/\/www.fabioferro.eu\/de\/wp-json\/wp\/v2\/product_cat?post=116229"},{"taxonomy":"product_tag","embeddable":true,"href":"https:\/\/www.fabioferro.eu\/de\/wp-json\/wp\/v2\/product_tag?post=116229"}],"curies":[{"name":"wp","href":"https:\/\/api.w.org\/{rel}","templated":true}]}}