{"id":116230,"date":"2014-07-30T14:55:20","date_gmt":"2014-07-30T12:55:20","guid":{"rendered":"https:\/\/www.fabioferro.eu\/bliss-ohrringe-mit-grauen-perlen-und-diamanten.html"},"modified":"2024-02-08T12:31:54","modified_gmt":"2024-02-08T11:31:54","slug":"bliss-ohrringe-mit-grauen-perlen-und-diamanten","status":"publish","type":"product","link":"https:\/\/www.fabioferro.eu\/de\/bliss-ohrringe-mit-grauen-perlen-und-diamanten.html","title":{"rendered":"Bliss-Ohrringe mit grauen Perlen und Diamanten"},"content":{"rendered":"<p>Paar Bliss-Ohrringe aus 750\/1000 Wei\u00dfgold mit grauen S\u00fc\u00dfwasser-Zuchtperlen und Diamanten.<\/p>\n<p>Mit Stift und hinterer Klappe am Lappen befestigt.<\/p>\n<p>Der Ohrring besteht aus zwei grauen Zuchtperlen mit einem Durchmesser von 9,50 mm und Diamanten im Brillantschliff von 0,03 Karat, Farbe H, Reinheit VS1.<\/p>\n<p>Die Farbe der Perlen kann leicht von der Abbildung abweichen, da es sich um nat\u00fcrliche Perlen handelt und eine Perle von der anderen verschieden ist.<\/p>\n<p>Set mit kostenloser Geschenkbox und original Bliss-Garantie.<\/p>\n","protected":false},"excerpt":{"rendered":"<p>Bliss-Ohrringe aus Wei\u00dfgold mit grauen Zuchtperlen und Diamanten<\/p>\n","protected":false},"featured_media":116236,"comment_status":"open","ping_status":"closed","template":"","meta":[],"product_brand":[],"product_cat":[6022],"product_tag":[7442],"class_list":{"0":"post-116230","1":"product","2":"type-product","3":"status-publish","4":"has-post-thumbnail","6":"product_cat-perlen-ohrringe","7":"product_tag-verfugbar","9":"first","10":"outofstock","11":"sale","12":"taxable","13":"shipping-taxable","14":"purchasable","15":"product-type-simple"},"exclude_global_add_ons":[],"addons":[],"df_price":656,"df_sale_price":656,"df_regular_price":820,"df_image_link":"https:\/\/cdn02.fabioferro.eu\/wp-content\/uploads\/virtuemart\/product\/orecchini-perla-grigia-24111.jpg","_links":{"self":[{"href":"https:\/\/www.fabioferro.eu\/de\/wp-json\/wp\/v2\/product\/116230","targetHints":{"allow":["GET"]}}],"collection":[{"href":"https:\/\/www.fabioferro.eu\/de\/wp-json\/wp\/v2\/product"}],"about":[{"href":"https:\/\/www.fabioferro.eu\/de\/wp-json\/wp\/v2\/types\/product"}],"replies":[{"embeddable":true,"href":"https:\/\/www.fabioferro.eu\/de\/wp-json\/wp\/v2\/comments?post=116230"}],"version-history":[{"count":0,"href":"https:\/\/www.fabioferro.eu\/de\/wp-json\/wp\/v2\/product\/116230\/revisions"}],"wp:featuredmedia":[{"embeddable":true,"href":"https:\/\/www.fabioferro.eu\/de\/wp-json\/wp\/v2\/media\/116236"}],"wp:attachment":[{"href":"https:\/\/www.fabioferro.eu\/de\/wp-json\/wp\/v2\/media?parent=116230"}],"wp:term":[{"taxonomy":"product_brand","embeddable":true,"href":"https:\/\/www.fabioferro.eu\/de\/wp-json\/wp\/v2\/product_brand?post=116230"},{"taxonomy":"product_cat","embeddable":true,"href":"https:\/\/www.fabioferro.eu\/de\/wp-json\/wp\/v2\/product_cat?post=116230"},{"taxonomy":"product_tag","embeddable":true,"href":"https:\/\/www.fabioferro.eu\/de\/wp-json\/wp\/v2\/product_tag?post=116230"}],"curies":[{"name":"wp","href":"https:\/\/api.w.org\/{rel}","templated":true}]}}