{"id":116252,"date":"2014-03-18T15:50:02","date_gmt":"2014-03-18T14:50:02","guid":{"rendered":"https:\/\/www.fabioferro.eu\/bliss-jasmine-silber-medium-herz-halskette.html"},"modified":"2025-06-06T15:58:58","modified_gmt":"2025-06-06T13:58:58","slug":"bliss-jasmine-silber-medium-herz-halskette","status":"publish","type":"product","link":"https:\/\/www.fabioferro.eu\/de\/bliss-jasmine-silber-medium-herz-halskette.html","title":{"rendered":"Bliss Jasmine Silber Medium Herz Halskette"},"content":{"rendered":"<p>&nbsp;<\/p>\n<p>Bliss Damenhalsband <strong>Jasmine<\/strong> Kollektion in 925\/1000 Silber<\/p>\n<p>Rolo Kette kleine L\u00e4nge cm. 60 mit M\u00f6glichkeit, auch auf cm. 42 mittels Zwischenring getragen werden<\/p>\n<p>Karabinerhakenverschluss<\/p>\n<p>&nbsp;<\/p>\n<p>Herzf\u00f6rmiger Silberanh\u00e4nger, 34&#215;33 mm gro\u00df, 4 mm dick und mit Zirkonen im Degrad\u00e9-Schliff verziert<\/p>\n<p>Neuer Artikel mit Box und Bliss-Garantie<\/p>\n<p>Ausstellen einer Quittung und\/oder Rechnung<\/p>\n","protected":false},"excerpt":{"rendered":"<p>Bliss Silberkette mit herzf\u00f6rmigem Anh\u00e4nger mit farblosem Zirkoniastein<\/p>\n","protected":false},"featured_media":116253,"comment_status":"open","ping_status":"closed","template":"","meta":[],"product_brand":[],"product_cat":[7620],"product_tag":[7442],"class_list":{"0":"post-116252","1":"product","2":"type-product","3":"status-publish","4":"has-post-thumbnail","6":"product_cat-outlet-schmuck","7":"product_tag-verfugbar","9":"first","10":"instock","11":"sale","12":"taxable","13":"shipping-taxable","14":"purchasable","15":"product-type-simple"},"exclude_global_add_ons":[],"addons":[],"df_price":124.2,"df_sale_price":124.2,"df_regular_price":138,"df_image_link":"https:\/\/cdn02.fabioferro.eu\/wp-content\/uploads\/virtuemart\/product\/collana-bliss-jasmine-grande.jpg","_links":{"self":[{"href":"https:\/\/www.fabioferro.eu\/de\/wp-json\/wp\/v2\/product\/116252","targetHints":{"allow":["GET"]}}],"collection":[{"href":"https:\/\/www.fabioferro.eu\/de\/wp-json\/wp\/v2\/product"}],"about":[{"href":"https:\/\/www.fabioferro.eu\/de\/wp-json\/wp\/v2\/types\/product"}],"replies":[{"embeddable":true,"href":"https:\/\/www.fabioferro.eu\/de\/wp-json\/wp\/v2\/comments?post=116252"}],"version-history":[{"count":0,"href":"https:\/\/www.fabioferro.eu\/de\/wp-json\/wp\/v2\/product\/116252\/revisions"}],"wp:featuredmedia":[{"embeddable":true,"href":"https:\/\/www.fabioferro.eu\/de\/wp-json\/wp\/v2\/media\/116253"}],"wp:attachment":[{"href":"https:\/\/www.fabioferro.eu\/de\/wp-json\/wp\/v2\/media?parent=116252"}],"wp:term":[{"taxonomy":"product_brand","embeddable":true,"href":"https:\/\/www.fabioferro.eu\/de\/wp-json\/wp\/v2\/product_brand?post=116252"},{"taxonomy":"product_cat","embeddable":true,"href":"https:\/\/www.fabioferro.eu\/de\/wp-json\/wp\/v2\/product_cat?post=116252"},{"taxonomy":"product_tag","embeddable":true,"href":"https:\/\/www.fabioferro.eu\/de\/wp-json\/wp\/v2\/product_tag?post=116252"}],"curies":[{"name":"wp","href":"https:\/\/api.w.org\/{rel}","templated":true}]}}