{"id":116265,"date":"2014-02-12T15:38:20","date_gmt":"2014-02-12T14:38:20","guid":{"rendered":"https:\/\/www.fabioferro.eu\/zancan-quarz-zitrin-bernstein-ohrringe.html"},"modified":"2025-06-06T16:20:00","modified_gmt":"2025-06-06T14:20:00","slug":"zancan-quarz-zitrin-bernstein-ohrringe","status":"publish","type":"product","link":"https:\/\/www.fabioferro.eu\/de\/zancan-quarz-zitrin-bernstein-ohrringe.html","title":{"rendered":"Zancan Quarz-Zitrin-Bernstein-Ohrringe"},"content":{"rendered":"<p>&nbsp;<\/p>\n<p>Zancan Frauen Anh\u00e4nger Ohrringe in 750\/1000 g Wei\u00dfgold gr. 5.4<\/p>\n<p>L\u00e4nge mm. 28<\/p>\n<p>Bernsteinfarbener Anh\u00e4nger aus facettiertem Citrin mit einer Gr\u00f6\u00dfe von 10 mm und Diamanten im Brillantschliff von insgesamt 0,05 Ct. Farbe G, Reinheit VS<\/p>\n<p>Verschluss mit Riegel und Schmetterling<\/p>\n<p>EINZIGARTIGES ST\u00dcCK<\/p>\n<p>Neuer Artikel mit Schachtel und Garantiezertifikat Fabio Ferro i Gioielli<\/p>\n","protected":false},"excerpt":{"rendered":"<p>Zancan-Ohrringe aus Wei\u00dfgold mit bernsteinfarbenem Citrin-Quarz und Diamanten im Brillantschliff<\/p>\n","protected":false},"featured_media":116266,"comment_status":"open","ping_status":"closed","template":"","meta":[],"product_brand":[],"product_cat":[7620],"product_tag":[7442],"class_list":{"0":"post-116265","1":"product","2":"type-product","3":"status-publish","4":"has-post-thumbnail","6":"product_cat-outlet-schmuck","7":"product_tag-verfugbar","9":"first","10":"instock","11":"sale","12":"taxable","13":"shipping-taxable","14":"purchasable","15":"product-type-simple"},"exclude_global_add_ons":[],"addons":[],"df_price":630,"df_sale_price":630,"df_regular_price":900,"df_image_link":"https:\/\/cdn02.fabioferro.eu\/wp-content\/uploads\/virtuemart\/product\/orecchini-quarzo-citrino1.jpg","_links":{"self":[{"href":"https:\/\/www.fabioferro.eu\/de\/wp-json\/wp\/v2\/product\/116265","targetHints":{"allow":["GET"]}}],"collection":[{"href":"https:\/\/www.fabioferro.eu\/de\/wp-json\/wp\/v2\/product"}],"about":[{"href":"https:\/\/www.fabioferro.eu\/de\/wp-json\/wp\/v2\/types\/product"}],"replies":[{"embeddable":true,"href":"https:\/\/www.fabioferro.eu\/de\/wp-json\/wp\/v2\/comments?post=116265"}],"version-history":[{"count":0,"href":"https:\/\/www.fabioferro.eu\/de\/wp-json\/wp\/v2\/product\/116265\/revisions"}],"wp:featuredmedia":[{"embeddable":true,"href":"https:\/\/www.fabioferro.eu\/de\/wp-json\/wp\/v2\/media\/116266"}],"wp:attachment":[{"href":"https:\/\/www.fabioferro.eu\/de\/wp-json\/wp\/v2\/media?parent=116265"}],"wp:term":[{"taxonomy":"product_brand","embeddable":true,"href":"https:\/\/www.fabioferro.eu\/de\/wp-json\/wp\/v2\/product_brand?post=116265"},{"taxonomy":"product_cat","embeddable":true,"href":"https:\/\/www.fabioferro.eu\/de\/wp-json\/wp\/v2\/product_cat?post=116265"},{"taxonomy":"product_tag","embeddable":true,"href":"https:\/\/www.fabioferro.eu\/de\/wp-json\/wp\/v2\/product_tag?post=116265"}],"curies":[{"name":"wp","href":"https:\/\/api.w.org\/{rel}","templated":true}]}}