{"id":116291,"date":"2014-03-25T15:50:12","date_gmt":"2014-03-25T14:50:12","guid":{"rendered":"https:\/\/www.fabioferro.eu\/giovanni-raspini-tartaruga-grande-charme.html"},"modified":"2024-12-16T13:33:51","modified_gmt":"2024-12-16T12:33:51","slug":"giovanni-raspini-tartaruga-grande-charme","status":"publish","type":"product","link":"https:\/\/www.fabioferro.eu\/de\/giovanni-raspini-tartaruga-grande-charme.html","title":{"rendered":"Giovanni Raspini Tartaruga Grande Charme"},"content":{"rendered":"<p>Raspini Charm aus 925\/1000 Silber in Form einer Meeresschildkr\u00f6te. Ma\u00dfe mm. 37&#215;30 mit Reliefarbeit. Der Charm ist mit einem Haken versehen, um an einem Bris\u00e9 befestigt zu werden, das als Schl\u00fcsselanh\u00e4nger, Halsband oder Armband verwendet wird. Neuer Artikel mit Box und Giovanni Raspini Garantie.<\/p>\n","protected":false},"excerpt":{"rendered":"<p>Raspini Silberanh\u00e4nger in Form einer Meeresschildkr\u00f6te<\/p>\n","protected":false},"featured_media":116294,"comment_status":"open","ping_status":"closed","template":"","meta":[],"product_brand":[155],"product_cat":[7575,7576],"product_tag":[],"class_list":{"0":"post-116291","1":"product","2":"type-product","3":"status-publish","4":"has-post-thumbnail","6":"product_brand-raspini","7":"product_cat-do-it-yourself-schmuck-giovanni-raspini","8":"product_cat-giovanni-raspini-reize","10":"first","11":"instock","12":"sale","13":"taxable","14":"shipping-taxable","15":"purchasable","16":"product-type-simple"},"exclude_global_add_ons":[],"addons":[],"df_price":103.5,"df_sale_price":103.5,"df_regular_price":115,"df_image_link":"https:\/\/cdn02.fabioferro.eu\/wp-content\/uploads\/virtuemart\/product\/charm-giovanni-raspini-8240.jpg","_links":{"self":[{"href":"https:\/\/www.fabioferro.eu\/de\/wp-json\/wp\/v2\/product\/116291","targetHints":{"allow":["GET"]}}],"collection":[{"href":"https:\/\/www.fabioferro.eu\/de\/wp-json\/wp\/v2\/product"}],"about":[{"href":"https:\/\/www.fabioferro.eu\/de\/wp-json\/wp\/v2\/types\/product"}],"replies":[{"embeddable":true,"href":"https:\/\/www.fabioferro.eu\/de\/wp-json\/wp\/v2\/comments?post=116291"}],"version-history":[{"count":0,"href":"https:\/\/www.fabioferro.eu\/de\/wp-json\/wp\/v2\/product\/116291\/revisions"}],"wp:featuredmedia":[{"embeddable":true,"href":"https:\/\/www.fabioferro.eu\/de\/wp-json\/wp\/v2\/media\/116294"}],"wp:attachment":[{"href":"https:\/\/www.fabioferro.eu\/de\/wp-json\/wp\/v2\/media?parent=116291"}],"wp:term":[{"taxonomy":"product_brand","embeddable":true,"href":"https:\/\/www.fabioferro.eu\/de\/wp-json\/wp\/v2\/product_brand?post=116291"},{"taxonomy":"product_cat","embeddable":true,"href":"https:\/\/www.fabioferro.eu\/de\/wp-json\/wp\/v2\/product_cat?post=116291"},{"taxonomy":"product_tag","embeddable":true,"href":"https:\/\/www.fabioferro.eu\/de\/wp-json\/wp\/v2\/product_tag?post=116291"}],"curies":[{"name":"wp","href":"https:\/\/api.w.org\/{rel}","templated":true}]}}