{"id":116425,"date":"2017-03-24T14:59:57","date_gmt":"2017-03-24T13:59:57","guid":{"rendered":"https:\/\/www.fabioferro.eu\/ottaviani-runde-kristalldose-fuer-bonbons-und-suessigkeiten.html"},"modified":"2017-03-24T14:59:57","modified_gmt":"2017-03-24T13:59:57","slug":"ottaviani-runde-kristalldose-fuer-bonbons-und-suessigkeiten","status":"publish","type":"product","link":"https:\/\/www.fabioferro.eu\/de\/ottaviani-runde-kristalldose-fuer-bonbons-und-suessigkeiten.html","title":{"rendered":"Ottaviani Runde Kristalldose f\u00fcr Bonbons und S\u00fc\u00dfigkeiten"},"content":{"rendered":"<p>Ottaviani runde Kristall Bon Bon Dose.<\/p>\n<p>Das K\u00e4stchen ist aus rundem, facettiertem Kristall gefertigt. Der Deckel hat einen Knaufgriff.<\/p>\n<p>Abmessungen: Breite cm.9.00 hoch cm.9.50<\/p>\n<p>Neuer Artikel mit gepolstertem Etui und original Ottaviani Garantie.<\/p>\n<p>Ich stelle eine Quittung und\/oder Rechnung aus.<\/p>\n","protected":false},"excerpt":{"rendered":"<p>Ottaviani runde Kristalldose f\u00fcr gebrannte Mandeln und Bonbons.<\/p>\n","protected":false},"featured_media":116431,"comment_status":"open","ping_status":"closed","template":"","meta":[],"product_brand":[169],"product_cat":[6213],"product_tag":[],"class_list":{"0":"post-116425","1":"product","2":"type-product","3":"status-publish","4":"has-post-thumbnail","6":"product_brand-ottaviani","7":"product_cat-begunstigungen","9":"first","10":"outofstock","11":"taxable","12":"shipping-taxable","13":"purchasable","14":"product-type-simple"},"exclude_global_add_ons":[],"addons":[],"df_price":34,"df_sale_price":"","df_regular_price":34,"df_image_link":"https:\/\/cdn02.fabioferro.eu\/wp-content\/uploads\/virtuemart\/product\/scatola-ottaviani-cristallo-800060.jpg","_links":{"self":[{"href":"https:\/\/www.fabioferro.eu\/de\/wp-json\/wp\/v2\/product\/116425","targetHints":{"allow":["GET"]}}],"collection":[{"href":"https:\/\/www.fabioferro.eu\/de\/wp-json\/wp\/v2\/product"}],"about":[{"href":"https:\/\/www.fabioferro.eu\/de\/wp-json\/wp\/v2\/types\/product"}],"replies":[{"embeddable":true,"href":"https:\/\/www.fabioferro.eu\/de\/wp-json\/wp\/v2\/comments?post=116425"}],"version-history":[{"count":0,"href":"https:\/\/www.fabioferro.eu\/de\/wp-json\/wp\/v2\/product\/116425\/revisions"}],"wp:featuredmedia":[{"embeddable":true,"href":"https:\/\/www.fabioferro.eu\/de\/wp-json\/wp\/v2\/media\/116431"}],"wp:attachment":[{"href":"https:\/\/www.fabioferro.eu\/de\/wp-json\/wp\/v2\/media?parent=116425"}],"wp:term":[{"taxonomy":"product_brand","embeddable":true,"href":"https:\/\/www.fabioferro.eu\/de\/wp-json\/wp\/v2\/product_brand?post=116425"},{"taxonomy":"product_cat","embeddable":true,"href":"https:\/\/www.fabioferro.eu\/de\/wp-json\/wp\/v2\/product_cat?post=116425"},{"taxonomy":"product_tag","embeddable":true,"href":"https:\/\/www.fabioferro.eu\/de\/wp-json\/wp\/v2\/product_tag?post=116425"}],"curies":[{"name":"wp","href":"https:\/\/api.w.org\/{rel}","templated":true}]}}