{"id":116439,"date":"2017-05-18T15:38:40","date_gmt":"2017-05-18T13:38:40","guid":{"rendered":"https:\/\/www.fabioferro.eu\/ottaviani-bijoux-damenarmband-mit-zuchtperlen-und-roten-perlen.html"},"modified":"2017-05-18T15:38:40","modified_gmt":"2017-05-18T13:38:40","slug":"ottaviani-bijoux-damenarmband-mit-zuchtperlen-und-roten-perlen","status":"publish","type":"product","link":"https:\/\/www.fabioferro.eu\/de\/ottaviani-bijoux-damenarmband-mit-zuchtperlen-und-roten-perlen.html","title":{"rendered":"Ottaviani Bijoux Damenarmband mit Zuchtperlen und roten Perlen"},"content":{"rendered":"<div class=\"description\">\n<p>Ottaviani Bijoux Damenarmband mit Zuchtperlen und zweifarbigen Perlen. Eine weiche Konstruktion, die angenehm zu tragen ist. Das alternative Schmuckst\u00fcck f\u00fcr einen wichtigen Anlass, eine Abschlussfeier, eine elegante Zeremonie oder um einem Abendkleid Licht und Farbe zu verleihen.<\/p>\n<p>Von Hand gefertigt und gekn\u00fcpft mit zweifarbigen Perlen. Ein Sockel ganz aus farblosen runden Perlen aufgereiht und gekn\u00fcpft, facettierte rubinrote Perlen aufgereiht und von Hand gekn\u00fcpft. Ein Triumph der Blumen aus S\u00fc\u00dfwasser-Zuchtperlen.<\/p>\n<p>Das Armband hat eine Gesamtl\u00e4nge von 22 cm, kann aber dank einer Verl\u00e4ngerungskette, die am Ende angebracht ist, bis zu 18 cm getragen werden. Die Breite des Armbands betr\u00e4gt 3,7 cm. Karabinerverschluss mit wei\u00dfer Endperle. Individuelles Ottaviani-Logo.<\/p>\n<p>Das Armband wird von einer Schachtel und der offiziellen Ottaviani-Garantie begleitet.<\/p>\n<\/div>\n","protected":false},"excerpt":{"rendered":"<p>Ottaviani Bijoux Damenarmband aus roten Perlen, farblosen Perlen und nat\u00fcrlichen S\u00fc\u00dfwasser-Zuchtperlen.<\/p>\n","protected":false},"featured_media":116446,"comment_status":"open","ping_status":"closed","template":"","meta":[],"product_brand":[169],"product_cat":[7620],"product_tag":[7442],"class_list":{"0":"post-116439","1":"product","2":"type-product","3":"status-publish","4":"has-post-thumbnail","6":"product_brand-ottaviani","7":"product_cat-outlet-schmuck","8":"product_tag-verfugbar","10":"first","11":"instock","12":"sale","13":"taxable","14":"shipping-taxable","15":"purchasable","16":"product-type-simple"},"exclude_global_add_ons":[],"addons":[],"df_price":35,"df_sale_price":35,"df_regular_price":58,"df_image_link":"https:\/\/cdn02.fabioferro.eu\/wp-content\/uploads\/virtuemart\/product\/bracciale-donna-ottaviani-bijoux-perle-coltivate-perline-rosso-rubino-470403.jpg","_links":{"self":[{"href":"https:\/\/www.fabioferro.eu\/de\/wp-json\/wp\/v2\/product\/116439","targetHints":{"allow":["GET"]}}],"collection":[{"href":"https:\/\/www.fabioferro.eu\/de\/wp-json\/wp\/v2\/product"}],"about":[{"href":"https:\/\/www.fabioferro.eu\/de\/wp-json\/wp\/v2\/types\/product"}],"replies":[{"embeddable":true,"href":"https:\/\/www.fabioferro.eu\/de\/wp-json\/wp\/v2\/comments?post=116439"}],"version-history":[{"count":0,"href":"https:\/\/www.fabioferro.eu\/de\/wp-json\/wp\/v2\/product\/116439\/revisions"}],"wp:featuredmedia":[{"embeddable":true,"href":"https:\/\/www.fabioferro.eu\/de\/wp-json\/wp\/v2\/media\/116446"}],"wp:attachment":[{"href":"https:\/\/www.fabioferro.eu\/de\/wp-json\/wp\/v2\/media?parent=116439"}],"wp:term":[{"taxonomy":"product_brand","embeddable":true,"href":"https:\/\/www.fabioferro.eu\/de\/wp-json\/wp\/v2\/product_brand?post=116439"},{"taxonomy":"product_cat","embeddable":true,"href":"https:\/\/www.fabioferro.eu\/de\/wp-json\/wp\/v2\/product_cat?post=116439"},{"taxonomy":"product_tag","embeddable":true,"href":"https:\/\/www.fabioferro.eu\/de\/wp-json\/wp\/v2\/product_tag?post=116439"}],"curies":[{"name":"wp","href":"https:\/\/api.w.org\/{rel}","templated":true}]}}