{"id":116468,"date":"2017-05-11T14:37:23","date_gmt":"2017-05-11T12:37:23","guid":{"rendered":"https:\/\/www.fabioferro.eu\/herrenuhr-hamilton-jazzmaster-sammlung-open-heart-automatik-in-stahl-mit-schwarzem-zifferblatt-42-mm.html"},"modified":"2025-04-02T21:25:30","modified_gmt":"2025-04-02T19:25:30","slug":"herrenuhr-hamilton-jazzmaster-sammlung-open-heart-automatik-in-stahl-mit-schwarzem-zifferblatt-42-mm","status":"publish","type":"product","link":"https:\/\/www.fabioferro.eu\/de\/herrenuhr-hamilton-jazzmaster-sammlung-open-heart-automatik-in-stahl-mit-schwarzem-zifferblatt-42-mm.html","title":{"rendered":"Hamilton Jazzmaster Offenes Herz 42mm H32705731"},"content":{"rendered":"<p>Hamilton Jazzmaster H32705731 Open Heart Automatic aus Edelstahl mit schwarzem Lederband.<\/p>\n<p>Mechanisches Schweizer Automatikwerk Kaliber H-10.<\/p>\n<p>Geh\u00e4use aus satiniertem, poliertem Stahl mit einem Durchmesser von 42 mm und wasserdichter, ger\u00e4ndelter Stahlkrone mit Hamilton-Logo.<\/p>\n<p>Schwarzes Zifferblatt mit Stunden-, Minuten- und Sekundenzeiger aus poliertem Metall. Stundenmarkierungen und arabische Ziffern aus poliertem Metall. Das Open-Heart-Zifferblatt erlaubt einen Blick auf einen Teil des Swiss-Made-Automatikwerks in Aktion.<\/p>\n<p>Kratzfestes Saphirkristallglas.<\/p>\n<p>Schwarzes Lederarmband mit 22 mm Bandanst\u00f6\u00dfen, Faltschlie\u00dfe aus Stahl mit Hamilton-Logo.<\/p>\n<p>Wasserdicht bis zu 5 bar\/50 Meter.<\/p>\n<p>Neuer Artikel mit Box, Gegenbox und original Hamilton Zweijahresgarantie.<\/p>\n","protected":false},"excerpt":{"rendered":"<p>Hamilton Jazzmaster H32705731 Open Heart Automatik in Stahl Durchmesser mm. 42 mit schwarzem Zifferblatt und schwarzem Lederarmband.<\/p>\n","protected":false},"featured_media":116475,"comment_status":"open","ping_status":"closed","template":"","meta":[],"product_brand":[161],"product_cat":[5974],"product_tag":[],"class_list":{"0":"post-116468","1":"product","2":"type-product","3":"status-publish","4":"has-post-thumbnail","6":"product_brand-hamilton","7":"product_cat-hamilton-herrenuhren","8":"pa_collezione-hamilton-jazzmaster-de","10":"first","11":"instock","12":"sale","13":"taxable","14":"shipping-taxable","15":"purchasable","16":"product-type-simple"},"exclude_global_add_ons":[],"addons":[],"df_price":916,"df_sale_price":916,"df_regular_price":1145,"df_image_link":"https:\/\/cdn02.fabioferro.eu\/wp-content\/uploads\/virtuemart\/product\/orologio-hamilton-uomo-skeleton.automatic-nero-h32705731.jpg","_links":{"self":[{"href":"https:\/\/www.fabioferro.eu\/de\/wp-json\/wp\/v2\/product\/116468","targetHints":{"allow":["GET"]}}],"collection":[{"href":"https:\/\/www.fabioferro.eu\/de\/wp-json\/wp\/v2\/product"}],"about":[{"href":"https:\/\/www.fabioferro.eu\/de\/wp-json\/wp\/v2\/types\/product"}],"replies":[{"embeddable":true,"href":"https:\/\/www.fabioferro.eu\/de\/wp-json\/wp\/v2\/comments?post=116468"}],"version-history":[{"count":0,"href":"https:\/\/www.fabioferro.eu\/de\/wp-json\/wp\/v2\/product\/116468\/revisions"}],"wp:featuredmedia":[{"embeddable":true,"href":"https:\/\/www.fabioferro.eu\/de\/wp-json\/wp\/v2\/media\/116475"}],"wp:attachment":[{"href":"https:\/\/www.fabioferro.eu\/de\/wp-json\/wp\/v2\/media?parent=116468"}],"wp:term":[{"taxonomy":"product_brand","embeddable":true,"href":"https:\/\/www.fabioferro.eu\/de\/wp-json\/wp\/v2\/product_brand?post=116468"},{"taxonomy":"product_cat","embeddable":true,"href":"https:\/\/www.fabioferro.eu\/de\/wp-json\/wp\/v2\/product_cat?post=116468"},{"taxonomy":"product_tag","embeddable":true,"href":"https:\/\/www.fabioferro.eu\/de\/wp-json\/wp\/v2\/product_tag?post=116468"}],"curies":[{"name":"wp","href":"https:\/\/api.w.org\/{rel}","templated":true}]}}