{"id":116482,"date":"2017-02-04T09:18:17","date_gmt":"2017-02-04T08:18:17","guid":{"rendered":"https:\/\/www.fabioferro.eu\/fabio-ferro-weissgold-ohrringe-mit-7-75-mm-japanischen-zuchtperlen.html"},"modified":"2017-02-04T09:18:17","modified_gmt":"2017-02-04T08:18:17","slug":"fabio-ferro-weissgold-ohrringe-mit-7-75-mm-japanischen-zuchtperlen","status":"publish","type":"product","link":"https:\/\/www.fabioferro.eu\/de\/fabio-ferro-weissgold-ohrringe-mit-7-75-mm-japanischen-zuchtperlen.html","title":{"rendered":"Fabio Ferro Wei\u00dfgold-Ohrringe mit 7-7,5 mm japanischen Zuchtperlen"},"content":{"rendered":"<div class=\"description\">\n<div class=\"description\">\n<div class=\"description\">\n<div class=\"description\">\n<div class=\"description\">\n<div class=\"description\">\n<p>Damenohrringe von Fabio Ferro I Gioielli, hergestellt in unserer Goldschmiedewerkstatt aus 750\/1000 Wei\u00dfgold mit nat\u00fcrlichen japanischen Zuchtperlen.<\/p>\n<p>Festes Lappenmodell mit Schmetterlingsverschluss.<\/p>\n<p>Wei\u00dfgoldfassung mit Nadel und Schmetterling auf der R\u00fcckseite, Gewicht 1,40 g.<\/p>\n<p>Zwei sorgf\u00e4ltig ausgew\u00e4hlte wei\u00dfe nat\u00fcrliche Zuchtmeeresperlen mit einem Durchmesser von 7-7,5 mm.<\/p>\n<p>Praktischer und bequemer Butterfly-Verschluss aus Wei\u00dfgold.<\/p>\n<p>Die Farbe der Perlen kann leicht von der Abbildung abweichen, da es sich um nat\u00fcrliche Perlen handelt und eine Perle von der anderen verschieden ist.<\/p>\n<p>Das Schmuckst\u00fcck wird von einer eleganten Box und einem Echtheitszertifikat von Fabio Ferro I Gioielli begleitet.<\/p>\n<\/div>\n<\/div>\n<\/div>\n<\/div>\n<\/div>\n<\/div>\n","protected":false},"excerpt":{"rendered":"<p>Einfach, preiswert und jederzeit tragbar. Juwelen des Meeres immer bei dir, in guten wie in schlechten Zeiten.<\/p>\n","protected":false},"featured_media":108084,"comment_status":"open","ping_status":"closed","template":"","meta":[],"product_brand":[152],"product_cat":[6022],"product_tag":[7442],"class_list":{"0":"post-116482","1":"product","2":"type-product","3":"status-publish","4":"has-post-thumbnail","6":"product_brand-fabio-ferro-i-gioielli","7":"product_cat-perlen-ohrringe","8":"product_tag-verfugbar","10":"first","11":"instock","12":"sale","13":"taxable","14":"shipping-taxable","15":"purchasable","16":"product-type-simple"},"exclude_global_add_ons":[],"addons":[],"df_price":496,"df_sale_price":496,"df_regular_price":620,"df_image_link":"https:\/\/cdn02.fabioferro.eu\/wp-content\/uploads\/orecchini-di-perle-in-oro-bianco-con-perla-ff4925-2.jpg","_links":{"self":[{"href":"https:\/\/www.fabioferro.eu\/de\/wp-json\/wp\/v2\/product\/116482","targetHints":{"allow":["GET"]}}],"collection":[{"href":"https:\/\/www.fabioferro.eu\/de\/wp-json\/wp\/v2\/product"}],"about":[{"href":"https:\/\/www.fabioferro.eu\/de\/wp-json\/wp\/v2\/types\/product"}],"replies":[{"embeddable":true,"href":"https:\/\/www.fabioferro.eu\/de\/wp-json\/wp\/v2\/comments?post=116482"}],"version-history":[{"count":0,"href":"https:\/\/www.fabioferro.eu\/de\/wp-json\/wp\/v2\/product\/116482\/revisions"}],"wp:featuredmedia":[{"embeddable":true,"href":"https:\/\/www.fabioferro.eu\/de\/wp-json\/wp\/v2\/media\/108084"}],"wp:attachment":[{"href":"https:\/\/www.fabioferro.eu\/de\/wp-json\/wp\/v2\/media?parent=116482"}],"wp:term":[{"taxonomy":"product_brand","embeddable":true,"href":"https:\/\/www.fabioferro.eu\/de\/wp-json\/wp\/v2\/product_brand?post=116482"},{"taxonomy":"product_cat","embeddable":true,"href":"https:\/\/www.fabioferro.eu\/de\/wp-json\/wp\/v2\/product_cat?post=116482"},{"taxonomy":"product_tag","embeddable":true,"href":"https:\/\/www.fabioferro.eu\/de\/wp-json\/wp\/v2\/product_tag?post=116482"}],"curies":[{"name":"wp","href":"https:\/\/api.w.org\/{rel}","templated":true}]}}