{"id":116484,"date":"2017-01-12T15:47:50","date_gmt":"2017-01-12T14:47:50","guid":{"rendered":"https:\/\/www.fabioferro.eu\/fabio-ferro-weissgold-ohrringe-mit-750-mm-grauer-zuchtperle.html"},"modified":"2024-09-28T18:00:24","modified_gmt":"2024-09-28T16:00:24","slug":"fabio-ferro-weissgold-ohrringe-mit-750-mm-grauer-zuchtperle","status":"publish","type":"product","link":"https:\/\/www.fabioferro.eu\/de\/fabio-ferro-weissgold-ohrringe-mit-750-mm-grauer-zuchtperle.html","title":{"rendered":"Fabio Ferro Wei\u00dfgold-Ohrringe mit 7,50 mm grauer Zuchtperle."},"content":{"rendered":"<p>Ohrringe aus 750\/1000 Wei\u00dfgold mit grauer S\u00fc\u00dfwasserzuchtperle Durchmesser 7,00\/ 7,50 mm. Ein Modell mit Riegelverschluss und einer Fliege auf dem R\u00fccken. Die Farbe der Perlen kann leicht von der Abbildung abweichen, da es sich um nat\u00fcrliche Perlen handelt und eine Perle von der anderen verschieden ist. Kostenlose Box-Set und Zertifikat der Garantie und Qualit\u00e4t Fabio Ferro i Gioielli begleiten das Juwel.<\/p>\n","protected":false},"excerpt":{"rendered":"<p>Ohrringe aus 750\/1000 Wei\u00dfgold mit grauer S\u00fc\u00dfwasserzuchtperle Durchmesser 7,00\/ 7,50 mm.<\/p>\n","protected":false},"featured_media":116492,"comment_status":"open","ping_status":"closed","template":"","meta":[],"product_brand":[152],"product_cat":[6022],"product_tag":[],"class_list":{"0":"post-116484","1":"product","2":"type-product","3":"status-publish","4":"has-post-thumbnail","6":"product_brand-fabio-ferro-i-gioielli","7":"product_cat-perlen-ohrringe","9":"first","10":"instock","11":"sale","12":"taxable","13":"shipping-taxable","14":"purchasable","15":"product-type-simple"},"exclude_global_add_ons":[],"addons":[],"df_price":232,"df_sale_price":232,"df_regular_price":290,"df_image_link":"https:\/\/cdn02.fabioferro.eu\/wp-content\/uploads\/virtuemart\/product\/orecchini-perle-ff4815-1.jpg","_links":{"self":[{"href":"https:\/\/www.fabioferro.eu\/de\/wp-json\/wp\/v2\/product\/116484","targetHints":{"allow":["GET"]}}],"collection":[{"href":"https:\/\/www.fabioferro.eu\/de\/wp-json\/wp\/v2\/product"}],"about":[{"href":"https:\/\/www.fabioferro.eu\/de\/wp-json\/wp\/v2\/types\/product"}],"replies":[{"embeddable":true,"href":"https:\/\/www.fabioferro.eu\/de\/wp-json\/wp\/v2\/comments?post=116484"}],"version-history":[{"count":0,"href":"https:\/\/www.fabioferro.eu\/de\/wp-json\/wp\/v2\/product\/116484\/revisions"}],"wp:featuredmedia":[{"embeddable":true,"href":"https:\/\/www.fabioferro.eu\/de\/wp-json\/wp\/v2\/media\/116492"}],"wp:attachment":[{"href":"https:\/\/www.fabioferro.eu\/de\/wp-json\/wp\/v2\/media?parent=116484"}],"wp:term":[{"taxonomy":"product_brand","embeddable":true,"href":"https:\/\/www.fabioferro.eu\/de\/wp-json\/wp\/v2\/product_brand?post=116484"},{"taxonomy":"product_cat","embeddable":true,"href":"https:\/\/www.fabioferro.eu\/de\/wp-json\/wp\/v2\/product_cat?post=116484"},{"taxonomy":"product_tag","embeddable":true,"href":"https:\/\/www.fabioferro.eu\/de\/wp-json\/wp\/v2\/product_tag?post=116484"}],"curies":[{"name":"wp","href":"https:\/\/api.w.org\/{rel}","templated":true}]}}