{"id":116485,"date":"2017-02-04T08:54:56","date_gmt":"2017-02-04T07:54:56","guid":{"rendered":"https:\/\/www.fabioferro.eu\/fabio-ferro-weissgold-ohrringe-mit-75-8-mm-japanischen-zuchtperlen.html"},"modified":"2024-02-08T12:37:25","modified_gmt":"2024-02-08T11:37:25","slug":"fabio-ferro-weissgold-ohrringe-mit-75-8-mm-japanischen-zuchtperlen","status":"publish","type":"product","link":"https:\/\/www.fabioferro.eu\/de\/fabio-ferro-weissgold-ohrringe-mit-75-8-mm-japanischen-zuchtperlen.html","title":{"rendered":"Fabio Ferro Wei\u00dfgold-Ohrringe mit 7,5-8 mm japanischen Zuchtperlen"},"content":{"rendered":"<div class=\"description\">\n<div class=\"description\">\n<div class=\"description\">\n<div class=\"description\">\n<div class=\"description\">\n<div class=\"description\">\n<p>Fabio Ferro Ohrringe, handgefertigt in unserer Goldschmiedewerkstatt aus 750\/1000 Wei\u00dfgold mit wei\u00dfen japanischen Zuchtperlen.<\/p>\n<p>Modell mit festem Verschluss mit Stift und Schmetterlingsverschluss.<\/p>\n<p>In 2,3 Gramm Wei\u00dfgold gefasst mit sorgf\u00e4ltig ausgew\u00e4hlten Zuchtmeeresperlen von bester wei\u00dfer Farbe mit einem Durchmesser von 7,5-8 mm.<\/p>\n<p>Praktischer und bequemer Butterfly-Verschluss aus Wei\u00dfgold.<\/p>\n<p>Die Farbe der Perlen kann leicht von der Abbildung abweichen, da es sich um nat\u00fcrliche Perlen handelt und eine Perle von der anderen verschieden ist.<\/p>\n<p>Das Schmuckst\u00fcck wird von einer eleganten, kostenlos verpackten Schachtel und einem Garantie- und Qualit\u00e4tszertifikat von Fabio Ferro I Gioielli begleitet.<\/p>\n<\/div>\n<\/div>\n<\/div>\n<\/div>\n<\/div>\n<\/div>\n","protected":false},"excerpt":{"rendered":"<p>Zwei praktische, bequeme und \u00e4u\u00dferst elegante Perlen, die den Stil der Tr\u00e4gerin kr\u00f6nen.<\/p>\n","protected":false},"featured_media":108084,"comment_status":"open","ping_status":"closed","template":"","meta":[],"product_brand":[152],"product_cat":[6022],"product_tag":[7442],"class_list":{"0":"post-116485","1":"product","2":"type-product","3":"status-publish","4":"has-post-thumbnail","6":"product_brand-fabio-ferro-i-gioielli","7":"product_cat-perlen-ohrringe","8":"product_tag-verfugbar","10":"first","11":"instock","12":"sale","13":"taxable","14":"shipping-taxable","15":"purchasable","16":"product-type-simple"},"exclude_global_add_ons":[],"addons":[],"df_price":630,"df_sale_price":630,"df_regular_price":785,"df_image_link":"https:\/\/cdn02.fabioferro.eu\/wp-content\/uploads\/orecchini-di-perle-in-oro-bianco-con-perla-ff4925-2.jpg","_links":{"self":[{"href":"https:\/\/www.fabioferro.eu\/de\/wp-json\/wp\/v2\/product\/116485","targetHints":{"allow":["GET"]}}],"collection":[{"href":"https:\/\/www.fabioferro.eu\/de\/wp-json\/wp\/v2\/product"}],"about":[{"href":"https:\/\/www.fabioferro.eu\/de\/wp-json\/wp\/v2\/types\/product"}],"replies":[{"embeddable":true,"href":"https:\/\/www.fabioferro.eu\/de\/wp-json\/wp\/v2\/comments?post=116485"}],"version-history":[{"count":0,"href":"https:\/\/www.fabioferro.eu\/de\/wp-json\/wp\/v2\/product\/116485\/revisions"}],"wp:featuredmedia":[{"embeddable":true,"href":"https:\/\/www.fabioferro.eu\/de\/wp-json\/wp\/v2\/media\/108084"}],"wp:attachment":[{"href":"https:\/\/www.fabioferro.eu\/de\/wp-json\/wp\/v2\/media?parent=116485"}],"wp:term":[{"taxonomy":"product_brand","embeddable":true,"href":"https:\/\/www.fabioferro.eu\/de\/wp-json\/wp\/v2\/product_brand?post=116485"},{"taxonomy":"product_cat","embeddable":true,"href":"https:\/\/www.fabioferro.eu\/de\/wp-json\/wp\/v2\/product_cat?post=116485"},{"taxonomy":"product_tag","embeddable":true,"href":"https:\/\/www.fabioferro.eu\/de\/wp-json\/wp\/v2\/product_tag?post=116485"}],"curies":[{"name":"wp","href":"https:\/\/api.w.org\/{rel}","templated":true}]}}