{"id":116487,"date":"2017-02-02T16:26:05","date_gmt":"2017-02-02T15:26:05","guid":{"rendered":"https:\/\/www.fabioferro.eu\/festina-damenuhr-in-stahl-und-pvd-rose-mademoiselle-kollektion-mit-zirkon-luenette.html"},"modified":"2024-02-08T12:37:25","modified_gmt":"2024-02-08T11:37:25","slug":"festina-damenuhr-in-stahl-und-pvd-rose-mademoiselle-kollektion-mit-zirkon-luenette","status":"publish","type":"product","link":"https:\/\/www.fabioferro.eu\/de\/festina-damenuhr-in-stahl-und-pvd-rose-mademoiselle-kollektion-mit-zirkon-luenette.html","title":{"rendered":"Festina Damenuhr in Stahl und PVD Ros\u00e9 Mademoiselle Kollektion mit Zirkon L\u00fcnette"},"content":{"rendered":"<div class=\"description\">\n<div class=\"description\">\n<p>Festina Mademoiselle Damenuhr aus Edelstahl und rosafarbenem PVD mit Zirkoniumdioxid.<\/p>\n<p>Analoges Quarzwerk mit reiner Zeitmessung.<\/p>\n<p>Das polierte Stahlgeh\u00e4use hat einen Durchmesser von 29,00 mm und eine Dicke von 6,00 mm. Geh\u00e4useboden aus Stahl, druckfest verschlossen und wasserdicht bis 5 ATM. Wasserdichte Krone aus ger\u00e4ndeltem Stahl in Ros\u00e9. Die \u00e4u\u00dfere L\u00fcnette ist mit Zirkonen verziert, die auf einer rosafarbenen PVD-Basis gefasst sind.<\/p>\n<p>Geh\u00e4rtetes Mineralglas.<\/p>\n<p>Silberfarbenes Zifferblatt mit Stunden- und Minutenzeiger aus poliertem ros\u00e9farbenem Metall. Die Stunden sind mit farblosen Zirkonen auf einem rosafarbenen Sockel gefasst.<\/p>\n<p>Zweifarbiges Armband aus poliertem Edelstahl mit Kastenschlie\u00dfe und zwei seitlichen Druckkn\u00f6pfen zum \u00d6ffnen. Festina-Logo.<\/p>\n<p>Neuer Artikel mit elegantem Etui und original Festina Zweijahresgarantie.<\/p>\n<p>Ich stelle eine Quittung und\/oder Rechnung aus.<\/p>\n<div class=\"custom\">\n<p><img decoding=\"async\" class=\" size-full wp-image-17129\" src=\"https:\/\/cdn02.fabioferro.eu\/wp-content\/uploads\/testi\/descrizione-orologi.png\" alt=\"Original-Uhren\" width=\"550\" height=\"150\" title=\"\" srcset=\"https:\/\/cdn02.fabioferro.eu\/wp-content\/uploads\/testi\/descrizione-orologi.png 550w, https:\/\/cdn02.fabioferro.eu\/wp-content\/uploads\/testi\/descrizione-orologi-150x41.png 150w, https:\/\/cdn02.fabioferro.eu\/wp-content\/uploads\/testi\/descrizione-orologi-441x120.png 441w\" sizes=\"(max-width: 550px) 100vw, 550px\" \/><\/p>\n<\/div>\n<\/div>\n<\/div>\n","protected":false},"excerpt":{"rendered":"<p>Festina Damenuhr der neuen Kollektion Mademoiselle aus Edelstahl und rosa PVD mit L\u00fcnette und Zifferblatt aus Zirkonia.<\/p>\n","protected":false},"featured_media":116497,"comment_status":"open","ping_status":"closed","template":"","meta":[],"product_brand":[171],"product_cat":[5976],"product_tag":[],"class_list":{"0":"post-116487","1":"product","2":"type-product","3":"status-publish","4":"has-post-thumbnail","6":"product_brand-festina","7":"product_cat-festina-damenuhren","9":"first","10":"outofstock","11":"sale","12":"taxable","13":"shipping-taxable","14":"purchasable","15":"product-type-simple"},"exclude_global_add_ons":[],"addons":[],"df_price":143.2,"df_sale_price":143.2,"df_regular_price":179,"df_image_link":"https:\/\/cdn02.fabioferro.eu\/wp-content\/uploads\/virtuemart\/product\/orologio-festina-donna-mademoiselle-acciaio-f20226_3.jpg","_links":{"self":[{"href":"https:\/\/www.fabioferro.eu\/de\/wp-json\/wp\/v2\/product\/116487","targetHints":{"allow":["GET"]}}],"collection":[{"href":"https:\/\/www.fabioferro.eu\/de\/wp-json\/wp\/v2\/product"}],"about":[{"href":"https:\/\/www.fabioferro.eu\/de\/wp-json\/wp\/v2\/types\/product"}],"replies":[{"embeddable":true,"href":"https:\/\/www.fabioferro.eu\/de\/wp-json\/wp\/v2\/comments?post=116487"}],"version-history":[{"count":0,"href":"https:\/\/www.fabioferro.eu\/de\/wp-json\/wp\/v2\/product\/116487\/revisions"}],"wp:featuredmedia":[{"embeddable":true,"href":"https:\/\/www.fabioferro.eu\/de\/wp-json\/wp\/v2\/media\/116497"}],"wp:attachment":[{"href":"https:\/\/www.fabioferro.eu\/de\/wp-json\/wp\/v2\/media?parent=116487"}],"wp:term":[{"taxonomy":"product_brand","embeddable":true,"href":"https:\/\/www.fabioferro.eu\/de\/wp-json\/wp\/v2\/product_brand?post=116487"},{"taxonomy":"product_cat","embeddable":true,"href":"https:\/\/www.fabioferro.eu\/de\/wp-json\/wp\/v2\/product_cat?post=116487"},{"taxonomy":"product_tag","embeddable":true,"href":"https:\/\/www.fabioferro.eu\/de\/wp-json\/wp\/v2\/product_tag?post=116487"}],"curies":[{"name":"wp","href":"https:\/\/api.w.org\/{rel}","templated":true}]}}