{"id":116505,"date":"2017-02-03T18:00:33","date_gmt":"2017-02-03T17:00:33","guid":{"rendered":"https:\/\/www.fabioferro.eu\/fabio-ferro-weissgold-ohrringe-mit-japanischen-meeresperlen-8-85-mm.html"},"modified":"2017-02-03T18:00:33","modified_gmt":"2017-02-03T17:00:33","slug":"fabio-ferro-weissgold-ohrringe-mit-japanischen-meeresperlen-8-85-mm","status":"publish","type":"product","link":"https:\/\/www.fabioferro.eu\/de\/fabio-ferro-weissgold-ohrringe-mit-japanischen-meeresperlen-8-85-mm.html","title":{"rendered":"Fabio Ferro Wei\u00dfgold-Ohrringe mit japanischen Meeresperlen 8-8,5 mm"},"content":{"rendered":"<div class=\"description\">\n<div class=\"description\">\n<div class=\"description\">\n<div class=\"description\">\n<div class=\"description\">\n<p>Fabio Ferro-Ohrringe, handgefertigt in unserer Goldschmiedewerkstatt aus 750\/1000 Wei\u00dfgold mit japanischen Zuchtperlen.<\/p>\n<p>Modell mit fester Spange und 1,75 g schwerer goldener Schmetterlingsschlie\u00dfe.<\/p>\n<p>Zwei sorgf\u00e4ltig ausgew\u00e4hlte nat\u00fcrliche japanische Zuchtmeeresperlen in Wei\u00df mit einem Durchmesser von 8-8,5 mm.<\/p>\n<p>Praktischer und bequemer Butterfly-Verschluss aus Wei\u00dfgold.<\/p>\n<p>Die Farbe der Perlen kann leicht von der Abbildung abweichen, da es sich um nat\u00fcrliche Perlen handelt und eine Perle von der anderen verschieden ist.<\/p>\n<p>Das Schmuckst\u00fcck wird mit einer eleganten Geschenkbox und einem von Fabio Ferro I Gioielli unterzeichneten Garantie- und Qualit\u00e4tszertifikat geliefert.<\/p>\n<\/div>\n<\/div>\n<\/div>\n<\/div>\n<\/div>\n","protected":false},"excerpt":{"rendered":"<p>Zwei Juwelen, die direkt aus dem Meer kommen und bei deren Anblick einem jedes Mal der Mund offen stehen bleibt.<\/p>\n","protected":false},"featured_media":108084,"comment_status":"open","ping_status":"closed","template":"","meta":[],"product_brand":[152],"product_cat":[6022],"product_tag":[],"class_list":{"0":"post-116505","1":"product","2":"type-product","3":"status-publish","4":"has-post-thumbnail","6":"product_brand-fabio-ferro-i-gioielli","7":"product_cat-perlen-ohrringe","9":"first","10":"instock","11":"sale","12":"taxable","13":"shipping-taxable","14":"purchasable","15":"product-type-simple"},"exclude_global_add_ons":[],"addons":[],"df_price":600,"df_sale_price":600,"df_regular_price":875,"df_image_link":"https:\/\/cdn02.fabioferro.eu\/wp-content\/uploads\/orecchini-di-perle-in-oro-bianco-con-perla-ff4925-2.jpg","_links":{"self":[{"href":"https:\/\/www.fabioferro.eu\/de\/wp-json\/wp\/v2\/product\/116505","targetHints":{"allow":["GET"]}}],"collection":[{"href":"https:\/\/www.fabioferro.eu\/de\/wp-json\/wp\/v2\/product"}],"about":[{"href":"https:\/\/www.fabioferro.eu\/de\/wp-json\/wp\/v2\/types\/product"}],"replies":[{"embeddable":true,"href":"https:\/\/www.fabioferro.eu\/de\/wp-json\/wp\/v2\/comments?post=116505"}],"version-history":[{"count":0,"href":"https:\/\/www.fabioferro.eu\/de\/wp-json\/wp\/v2\/product\/116505\/revisions"}],"wp:featuredmedia":[{"embeddable":true,"href":"https:\/\/www.fabioferro.eu\/de\/wp-json\/wp\/v2\/media\/108084"}],"wp:attachment":[{"href":"https:\/\/www.fabioferro.eu\/de\/wp-json\/wp\/v2\/media?parent=116505"}],"wp:term":[{"taxonomy":"product_brand","embeddable":true,"href":"https:\/\/www.fabioferro.eu\/de\/wp-json\/wp\/v2\/product_brand?post=116505"},{"taxonomy":"product_cat","embeddable":true,"href":"https:\/\/www.fabioferro.eu\/de\/wp-json\/wp\/v2\/product_cat?post=116505"},{"taxonomy":"product_tag","embeddable":true,"href":"https:\/\/www.fabioferro.eu\/de\/wp-json\/wp\/v2\/product_tag?post=116505"}],"curies":[{"name":"wp","href":"https:\/\/api.w.org\/{rel}","templated":true}]}}