{"id":116510,"date":"2016-12-29T18:25:16","date_gmt":"2016-12-29T17:25:16","guid":{"rendered":"https:\/\/www.fabioferro.eu\/herrenschmuck-comete-925-sterling-silber-halskette-mit-kreuz-aus-schwarzem-spinell-business-collection.html"},"modified":"2024-04-16T12:21:47","modified_gmt":"2024-04-16T10:21:47","slug":"herrenschmuck-comete-925-sterling-silber-halskette-mit-kreuz-aus-schwarzem-spinell-business-collection","status":"publish","type":"product","link":"https:\/\/www.fabioferro.eu\/de\/herrenschmuck-comete-925-sterling-silber-halskette-mit-kreuz-aus-schwarzem-spinell-business-collection.html","title":{"rendered":"Herrenschmuck Comete 925 Sterling Silber Halskette mit Kreuz aus schwarzem Spinell Business Collection"},"content":{"rendered":"<p>Herrenhalsband Comete Gioielli Business Kollektion in 925\/1000 Silber und schwarzem Spinell.<\/p>\n<p>Venezianisches Modell Halskette, L\u00e4nge 50,00 cm, Federring-Verschluss.<\/p>\n<p>Gleitender kreuzf\u00f6rmiger Anh\u00e4nger mit den Ma\u00dfen 25&#215;17 mm, Dicke 2 mm. In der Mitte sind 10 schwarze Spinelle eingelassen.<\/p>\n<p>Neuer Artikel mit Box und offiziellem Comete-Garantiezertifikat.<\/p>\n<div><span style=\"color: #000000;\">Ich stelle eine Quittung und\/oder Rechnung aus.<br \/>\n<\/span><\/div>\n<div><\/div>\n<div><span style=\"color: #000000;\"><strong> <\/strong><\/span><\/div>\n","protected":false},"excerpt":{"rendered":"<p>Herrenhalskette Comete Gioielli Business Kollektion aus 925er Silber mit Kreuzanh\u00e4nger aus schwarzem Spinell.<\/p>\n","protected":false},"featured_media":116524,"comment_status":"open","ping_status":"closed","template":"","meta":[],"product_brand":[157],"product_cat":[6338],"product_tag":[],"class_list":{"0":"post-116510","1":"product","2":"type-product","3":"status-publish","4":"has-post-thumbnail","6":"product_brand-comete","7":"product_cat-comete-herren-halsketten","9":"first","10":"outofstock","11":"sale","12":"taxable","13":"shipping-taxable","14":"purchasable","15":"product-type-simple"},"exclude_global_add_ons":[],"addons":[],"df_price":97.2,"df_sale_price":97.2,"df_regular_price":108,"df_image_link":"https:\/\/cdn02.fabioferro.eu\/wp-content\/uploads\/virtuemart\/product\/UGL567-collana-comete-argento-925-croce-spinello-nero.jpg","_links":{"self":[{"href":"https:\/\/www.fabioferro.eu\/de\/wp-json\/wp\/v2\/product\/116510","targetHints":{"allow":["GET"]}}],"collection":[{"href":"https:\/\/www.fabioferro.eu\/de\/wp-json\/wp\/v2\/product"}],"about":[{"href":"https:\/\/www.fabioferro.eu\/de\/wp-json\/wp\/v2\/types\/product"}],"replies":[{"embeddable":true,"href":"https:\/\/www.fabioferro.eu\/de\/wp-json\/wp\/v2\/comments?post=116510"}],"version-history":[{"count":0,"href":"https:\/\/www.fabioferro.eu\/de\/wp-json\/wp\/v2\/product\/116510\/revisions"}],"wp:featuredmedia":[{"embeddable":true,"href":"https:\/\/www.fabioferro.eu\/de\/wp-json\/wp\/v2\/media\/116524"}],"wp:attachment":[{"href":"https:\/\/www.fabioferro.eu\/de\/wp-json\/wp\/v2\/media?parent=116510"}],"wp:term":[{"taxonomy":"product_brand","embeddable":true,"href":"https:\/\/www.fabioferro.eu\/de\/wp-json\/wp\/v2\/product_brand?post=116510"},{"taxonomy":"product_cat","embeddable":true,"href":"https:\/\/www.fabioferro.eu\/de\/wp-json\/wp\/v2\/product_cat?post=116510"},{"taxonomy":"product_tag","embeddable":true,"href":"https:\/\/www.fabioferro.eu\/de\/wp-json\/wp\/v2\/product_tag?post=116510"}],"curies":[{"name":"wp","href":"https:\/\/api.w.org\/{rel}","templated":true}]}}