{"id":116520,"date":"2016-11-25T17:29:28","date_gmt":"2016-11-25T16:29:28","guid":{"rendered":"https:\/\/www.fabioferro.eu\/bliss-jewellery-weissgold-damen-halskette-mit-perlen-und-diamanten-kollektion-margot.html"},"modified":"2016-11-25T17:29:28","modified_gmt":"2016-11-25T16:29:28","slug":"bliss-jewellery-weissgold-damen-halskette-mit-perlen-und-diamanten-kollektion-margot","status":"publish","type":"product","link":"https:\/\/www.fabioferro.eu\/de\/bliss-jewellery-weissgold-damen-halskette-mit-perlen-und-diamanten-kollektion-margot.html","title":{"rendered":"Bliss Jewellery Wei\u00dfgold Damen-Halskette mit Perlen und Diamanten Kollektion Margot"},"content":{"rendered":"<div class=\"description\">\n<p>Damenhalsband der neuen Kollektion Margot von Bliss Jewellery aus 750\/1000 Wei\u00dfgold mit Brillantanh\u00e4nger und wei\u00dfer Zuchtperle.<\/p>\n<p>Wei\u00dfgoldene venezianische Gliederkette, 42,00 cm lang, mit Karabinerverschlu\u00df.<\/p>\n<p>Runder Anh\u00e4nger 12 mm Durchmesser aus Wei\u00dfgold mit nat\u00fcrlicher S\u00fc\u00dfwasser-Zuchtperle in der Mitte 8,50 mm Durchmesser.<\/p>\n<p>Brillanten im Brillantschliff von insgesamt 0,07 Karat, Farbe H, in Riffel eingefasst.<\/p>\n<p>Der Anh\u00e4nger hat eine Gesamtst\u00e4rke von 9,00 mm.<\/p>\n<p>Neues Schmuckst\u00fcck mit Box und offizieller Garantie von Bliss Jewellery, kostenlose Geschenkbox.<\/p>\n<p>&nbsp;<\/p>\n<\/div>\n","protected":false},"excerpt":{"rendered":"<p>Damenhalsband der Kollektion Margot von Bliss Jewellery aus 750er Wei\u00dfgold mit Zuchtperle und Diamanten.<\/p>\n","protected":false},"featured_media":116536,"comment_status":"open","ping_status":"closed","template":"","meta":[],"product_brand":[],"product_cat":[6599],"product_tag":[7442],"class_list":{"0":"post-116520","1":"product","2":"type-product","3":"status-publish","4":"has-post-thumbnail","6":"product_cat-schmuck-mit-perlen","7":"product_tag-verfugbar","9":"first","10":"instock","11":"sale","12":"taxable","13":"shipping-taxable","14":"purchasable","15":"product-type-simple"},"exclude_global_add_ons":[],"addons":[],"df_price":780.3,"df_sale_price":780.3,"df_regular_price":867,"df_image_link":"https:\/\/cdn02.fabioferro.eu\/wp-content\/uploads\/virtuemart\/product\/collana-bliss-donna-oro-bianco-perla-diamanti.jpg","_links":{"self":[{"href":"https:\/\/www.fabioferro.eu\/de\/wp-json\/wp\/v2\/product\/116520","targetHints":{"allow":["GET"]}}],"collection":[{"href":"https:\/\/www.fabioferro.eu\/de\/wp-json\/wp\/v2\/product"}],"about":[{"href":"https:\/\/www.fabioferro.eu\/de\/wp-json\/wp\/v2\/types\/product"}],"replies":[{"embeddable":true,"href":"https:\/\/www.fabioferro.eu\/de\/wp-json\/wp\/v2\/comments?post=116520"}],"version-history":[{"count":0,"href":"https:\/\/www.fabioferro.eu\/de\/wp-json\/wp\/v2\/product\/116520\/revisions"}],"wp:featuredmedia":[{"embeddable":true,"href":"https:\/\/www.fabioferro.eu\/de\/wp-json\/wp\/v2\/media\/116536"}],"wp:attachment":[{"href":"https:\/\/www.fabioferro.eu\/de\/wp-json\/wp\/v2\/media?parent=116520"}],"wp:term":[{"taxonomy":"product_brand","embeddable":true,"href":"https:\/\/www.fabioferro.eu\/de\/wp-json\/wp\/v2\/product_brand?post=116520"},{"taxonomy":"product_cat","embeddable":true,"href":"https:\/\/www.fabioferro.eu\/de\/wp-json\/wp\/v2\/product_cat?post=116520"},{"taxonomy":"product_tag","embeddable":true,"href":"https:\/\/www.fabioferro.eu\/de\/wp-json\/wp\/v2\/product_tag?post=116520"}],"curies":[{"name":"wp","href":"https:\/\/api.w.org\/{rel}","templated":true}]}}