{"id":116544,"date":"2016-12-07T08:58:28","date_gmt":"2016-12-07T07:58:28","guid":{"rendered":"https:\/\/www.fabioferro.eu\/armband-mit-suesswasser-zuchtperlen-mm-65-und-sterling-silber-925-cm-18.html"},"modified":"2025-06-06T16:17:18","modified_gmt":"2025-06-06T14:17:18","slug":"armband-mit-suesswasser-zuchtperlen-mm-65-und-sterling-silber-925-cm-18","status":"publish","type":"product","link":"https:\/\/www.fabioferro.eu\/de\/armband-mit-suesswasser-zuchtperlen-mm-65-und-sterling-silber-925-cm-18.html","title":{"rendered":"Armband mit S\u00fc\u00dfwasser-Zuchtperlen MM. 6,5 und Sterling Silber 925 Cm. 18"},"content":{"rendered":"<div class=\"description\">\n<p>Damenarmband aus wei\u00dfen S\u00fc\u00dfwasser-Zuchtperlen, Durchmesser 6,50 mm.<\/p>\n<p>Die Perlen wurden Knoten f\u00fcr Knoten vollst\u00e4ndig von Hand poliert. Diese Methode ist aus dem einfachen Grund vorzuziehen, dass jede einzelne Perle fester und sicherer ist. Die Perlen reiben nicht aneinander und nutzen sich durch den st\u00e4ndigen Kontakt nicht ab. Und sollte das Armband einmal brechen, w\u00fcrde es verhindern, dass alle Perlen herausgezogen werden, was das Risiko birgt, sie zu verlieren oder zu zerst\u00f6ren.<\/p>\n<p>Das Armband ist mit einem sch\u00f6nen 925er Sterling Silber Karabinerverschluss in Form einer \u00d6se versehen. Zus\u00e4tzlich wurden zwischen den Perlen drei kleine Silberperlen eingef\u00fcgt, um einen leichten Akzent zu setzen.&nbsp;<\/p>\n<p>Die Gesamtl\u00e4nge des Armbands betr\u00e4gt 18,00 cm einschlie\u00dflich des Verschlusses.<\/p>\n<p>{modulepos text-schmuck}<\/p>\n<\/div>\n","protected":false},"excerpt":{"rendered":"<p>Damenarmband aus 6,5 mm S\u00fc\u00dfwasserperlen mit 925er Sterling Silber Verschluss. Erh\u00e4ltlich in den L\u00e4ngen 18 cm und 19 cm.  <\/p>\n","protected":false},"featured_media":116554,"comment_status":"open","ping_status":"closed","template":"","meta":[],"product_brand":[152],"product_cat":[6425],"product_tag":[],"class_list":{"0":"post-116544","1":"product","2":"type-product","3":"status-publish","4":"has-post-thumbnail","6":"product_brand-fabio-ferro-i-gioielli","7":"product_cat-armbander-und-perlenringe","9":"first","10":"instock","11":"sale","12":"taxable","13":"shipping-taxable","14":"purchasable","15":"product-type-variable"},"exclude_global_add_ons":[],"addons":[],"df_price":165,"df_sale_price":"","df_regular_price":165,"df_image_link":"https:\/\/cdn02.fabioferro.eu\/wp-content\/uploads\/virtuemart\/category\/bracciale-perle-acqua-dolce-bianche-mm-6-5-1.jpg","_links":{"self":[{"href":"https:\/\/www.fabioferro.eu\/de\/wp-json\/wp\/v2\/product\/116544","targetHints":{"allow":["GET"]}}],"collection":[{"href":"https:\/\/www.fabioferro.eu\/de\/wp-json\/wp\/v2\/product"}],"about":[{"href":"https:\/\/www.fabioferro.eu\/de\/wp-json\/wp\/v2\/types\/product"}],"replies":[{"embeddable":true,"href":"https:\/\/www.fabioferro.eu\/de\/wp-json\/wp\/v2\/comments?post=116544"}],"version-history":[{"count":0,"href":"https:\/\/www.fabioferro.eu\/de\/wp-json\/wp\/v2\/product\/116544\/revisions"}],"wp:featuredmedia":[{"embeddable":true,"href":"https:\/\/www.fabioferro.eu\/de\/wp-json\/wp\/v2\/media\/116554"}],"wp:attachment":[{"href":"https:\/\/www.fabioferro.eu\/de\/wp-json\/wp\/v2\/media?parent=116544"}],"wp:term":[{"taxonomy":"product_brand","embeddable":true,"href":"https:\/\/www.fabioferro.eu\/de\/wp-json\/wp\/v2\/product_brand?post=116544"},{"taxonomy":"product_cat","embeddable":true,"href":"https:\/\/www.fabioferro.eu\/de\/wp-json\/wp\/v2\/product_cat?post=116544"},{"taxonomy":"product_tag","embeddable":true,"href":"https:\/\/www.fabioferro.eu\/de\/wp-json\/wp\/v2\/product_tag?post=116544"}],"curies":[{"name":"wp","href":"https:\/\/api.w.org\/{rel}","templated":true}]}}