{"id":116565,"date":"2017-01-27T15:37:13","date_gmt":"2017-01-27T14:37:13","guid":{"rendered":"https:\/\/www.fabioferro.eu\/festina-herrenuhr-aus-stahl-retro-vintage-collection-mit-bronze-zifferblatt-und-schwarzem-lederarmband.html"},"modified":"2025-04-19T08:11:31","modified_gmt":"2025-04-19T06:11:31","slug":"festina-herrenuhr-aus-stahl-retro-vintage-collection-mit-bronze-zifferblatt-und-schwarzem-lederarmband","status":"publish","type":"product","link":"https:\/\/www.fabioferro.eu\/de\/festina-herrenuhr-aus-stahl-retro-vintage-collection-mit-bronze-zifferblatt-und-schwarzem-lederarmband.html","title":{"rendered":"Festina Herrenuhr aus Stahl Retro Vintage Collection mit Bronze Zifferblatt und schwarzem Lederarmband"},"content":{"rendered":"<p>Festina Herrenuhr der Kollektion Retr\u00f2 Vintage aus Edelstahl mit Lederarmband.<\/p>\n<p>Analoges Quarzwerk mit reiner Zeitmessung.<\/p>\n<p>Geh\u00e4use aus poliertem Edelstahl, Durchmesser 40,00 mm, Dicke 9,00 mm. Geh\u00e4useboden aus Stahl mit Druckverschluss und wasserdicht bis 3 ATM. Wasserdichte, ger\u00e4ndelte Stahlkrone mit Festina-Logo.<\/p>\n<p>Das bronzefarbene Zifferblatt ist mit polierten Metallindexen versehen. Die Stunden- und Minutenzeiger sind aus poliertem Metall in Form einer Lanze mit zentraler Leuchtmasse gefertigt. Sekundenkugel bei sechs Uhr mit poliertem Metallzeiger.<\/p>\n<p>Leicht gew\u00f6lbtes Mineralglas.<\/p>\n<p>Schwarzes Lederarmband mit Krokodildruck. Polierte Stahlschnalle mit Festina-Logo. 20-mm-Schleifen.<\/p>\n<p>Neuware mit Box und original Festina Zweijahresgarantie.<\/p>\n<p>Ich stelle eine Quittung und\/oder Rechnung aus.<\/p>\n<p>{modulepos text-watches}<\/p>\n","protected":false},"excerpt":{"rendered":"<p>Festina Herrenuhr der neuen Kollektion im Retro-Stil aus Stahl mit bronzefarbenem Zifferblatt und schwarzem Lederarmband.<\/p>\n","protected":false},"featured_media":116573,"comment_status":"open","ping_status":"closed","template":"","meta":[],"product_brand":[171],"product_cat":[5998],"product_tag":[],"class_list":{"0":"post-116565","1":"product","2":"type-product","3":"status-publish","4":"has-post-thumbnail","6":"product_brand-festina","7":"product_cat-festina-herrenuhren","9":"first","10":"outofstock","11":"sale","12":"taxable","13":"shipping-taxable","14":"purchasable","15":"product-type-simple"},"exclude_global_add_ons":[],"addons":[],"df_price":103.2,"df_sale_price":103.2,"df_regular_price":129,"df_image_link":"https:\/\/cdn02.fabioferro.eu\/wp-content\/uploads\/virtuemart\/product\/orologio-festina-uomo-collezione-extra-F16979-2.jpg","_links":{"self":[{"href":"https:\/\/www.fabioferro.eu\/de\/wp-json\/wp\/v2\/product\/116565","targetHints":{"allow":["GET"]}}],"collection":[{"href":"https:\/\/www.fabioferro.eu\/de\/wp-json\/wp\/v2\/product"}],"about":[{"href":"https:\/\/www.fabioferro.eu\/de\/wp-json\/wp\/v2\/types\/product"}],"replies":[{"embeddable":true,"href":"https:\/\/www.fabioferro.eu\/de\/wp-json\/wp\/v2\/comments?post=116565"}],"version-history":[{"count":0,"href":"https:\/\/www.fabioferro.eu\/de\/wp-json\/wp\/v2\/product\/116565\/revisions"}],"wp:featuredmedia":[{"embeddable":true,"href":"https:\/\/www.fabioferro.eu\/de\/wp-json\/wp\/v2\/media\/116573"}],"wp:attachment":[{"href":"https:\/\/www.fabioferro.eu\/de\/wp-json\/wp\/v2\/media?parent=116565"}],"wp:term":[{"taxonomy":"product_brand","embeddable":true,"href":"https:\/\/www.fabioferro.eu\/de\/wp-json\/wp\/v2\/product_brand?post=116565"},{"taxonomy":"product_cat","embeddable":true,"href":"https:\/\/www.fabioferro.eu\/de\/wp-json\/wp\/v2\/product_cat?post=116565"},{"taxonomy":"product_tag","embeddable":true,"href":"https:\/\/www.fabioferro.eu\/de\/wp-json\/wp\/v2\/product_tag?post=116565"}],"curies":[{"name":"wp","href":"https:\/\/api.w.org\/{rel}","templated":true}]}}