{"id":116592,"date":"2016-10-19T15:00:15","date_gmt":"2016-10-19T13:00:15","guid":{"rendered":"https:\/\/www.fabioferro.eu\/halskette-giovanni-raspini-swing-kollektion-gaensebluemchen.html"},"modified":"2024-09-18T15:34:45","modified_gmt":"2024-09-18T13:34:45","slug":"halskette-giovanni-raspini-swing-kollektion-gaensebluemchen","status":"publish","type":"product","link":"https:\/\/www.fabioferro.eu\/de\/halskette-giovanni-raspini-swing-kollektion-gaensebluemchen.html","title":{"rendered":"Halskette Giovanni Raspini Swing Kollektion G\u00e4nsebl\u00fcmchen"},"content":{"rendered":"<div class=\"description\">  Damenhalskette Giovanni Raspini aus 925 Silber neue Kollektion Swing Daisies. Vollst\u00e4ndig handgefertigt Made in Italy. Die Halskette aus Mini-Rollo-Strick mit einem Durchmesser von 2,00 mm hat eine Gesamtl\u00e4nge von 45,00 cm. In der Mitte der Halskette ist eine Gruppe von 4 degradierten G\u00e4nsebl\u00fcmchen befestigt, die auf einer L\u00e4nge von 5,70 cm zusammengel\u00f6tet sind. Das gr\u00f6\u00dfte G\u00e4nsebl\u00fcmchen misst 19 mm im Durchmesser, das kleinste 12 mm. Der Kleber hat einen praktischen Karabinerhakenverschluss. Neuer Artikel mit original Giovanni Raspini Box und Garantie.  <\/div>\n","protected":false},"excerpt":{"rendered":"<p>Damenhalskette Giovanni Raspini neue Kollektion Swing in 925 Silber mit G\u00e4nsebl\u00fcmchen.<\/p>\n","protected":false},"featured_media":116600,"comment_status":"open","ping_status":"closed","template":"","meta":[],"product_brand":[155],"product_cat":[7568],"product_tag":[7442],"class_list":{"0":"post-116592","1":"product","2":"type-product","3":"status-publish","4":"has-post-thumbnail","6":"product_brand-raspini","7":"product_cat-giovanni-raspini-halsketten","8":"product_tag-verfugbar","10":"first","11":"instock","12":"sale","13":"taxable","14":"shipping-taxable","15":"purchasable","16":"product-type-simple"},"exclude_global_add_ons":[],"addons":[],"df_price":175.5,"df_sale_price":175.5,"df_regular_price":195,"df_image_link":"https:\/\/cdn02.fabioferro.eu\/wp-content\/uploads\/collana-giovanni-raspini-swing-margherite-9539.jpg","_links":{"self":[{"href":"https:\/\/www.fabioferro.eu\/de\/wp-json\/wp\/v2\/product\/116592","targetHints":{"allow":["GET"]}}],"collection":[{"href":"https:\/\/www.fabioferro.eu\/de\/wp-json\/wp\/v2\/product"}],"about":[{"href":"https:\/\/www.fabioferro.eu\/de\/wp-json\/wp\/v2\/types\/product"}],"replies":[{"embeddable":true,"href":"https:\/\/www.fabioferro.eu\/de\/wp-json\/wp\/v2\/comments?post=116592"}],"version-history":[{"count":0,"href":"https:\/\/www.fabioferro.eu\/de\/wp-json\/wp\/v2\/product\/116592\/revisions"}],"wp:featuredmedia":[{"embeddable":true,"href":"https:\/\/www.fabioferro.eu\/de\/wp-json\/wp\/v2\/media\/116600"}],"wp:attachment":[{"href":"https:\/\/www.fabioferro.eu\/de\/wp-json\/wp\/v2\/media?parent=116592"}],"wp:term":[{"taxonomy":"product_brand","embeddable":true,"href":"https:\/\/www.fabioferro.eu\/de\/wp-json\/wp\/v2\/product_brand?post=116592"},{"taxonomy":"product_cat","embeddable":true,"href":"https:\/\/www.fabioferro.eu\/de\/wp-json\/wp\/v2\/product_cat?post=116592"},{"taxonomy":"product_tag","embeddable":true,"href":"https:\/\/www.fabioferro.eu\/de\/wp-json\/wp\/v2\/product_tag?post=116592"}],"curies":[{"name":"wp","href":"https:\/\/api.w.org\/{rel}","templated":true}]}}