{"id":116616,"date":"2016-11-09T17:50:08","date_gmt":"2016-11-09T16:50:08","guid":{"rendered":"https:\/\/www.fabioferro.eu\/ottaviani-kristalluhr-in-herzform.html"},"modified":"2025-07-07T14:47:05","modified_gmt":"2025-07-07T12:47:05","slug":"ottaviani-kristalluhr-in-herzform","status":"publish","type":"product","link":"https:\/\/www.fabioferro.eu\/de\/ottaviani-kristalluhr-in-herzform.html","title":{"rendered":"Ottaviani Kristalluhr in Herzform"},"content":{"rendered":"<div class=\"description\">\n<p>Ottaviani Kristall Tischuhr herzf\u00f6rmiges Modell.<\/p>\n<p>Das Herz misst 16,00&#215;18,00 cm und ist 4,00 cm dick.<\/p>\n<p>Analoges Quarzwerk mit Sichtwerk. Schwarzer Stunden- und Minutenzeiger, schwarze r\u00f6mische Ziffern und ein Sekundenzifferblatt bei 6 Uhr.<\/p>\n<p>Elegantes Geh\u00e4use und original Ottaviani-Garantie. Das Paket enth\u00e4lt auch eine Batterie f\u00fcr den Stift.<\/p>\n<p>Ich stelle eine Quittung und\/oder Rechnung aus.<\/p>\n<\/div>\n","protected":false},"excerpt":{"rendered":"<p>Ottaviani Tischuhr aus Kristall in Herzform.<\/p>\n","protected":false},"featured_media":116631,"comment_status":"open","ping_status":"closed","template":"","meta":[],"product_brand":[169],"product_cat":[6213],"product_tag":[],"class_list":{"0":"post-116616","1":"product","2":"type-product","3":"status-publish","4":"has-post-thumbnail","6":"product_brand-ottaviani","7":"product_cat-begunstigungen","9":"first","10":"outofstock","11":"taxable","12":"shipping-taxable","13":"purchasable","14":"product-type-simple"},"exclude_global_add_ons":[],"addons":[],"df_price":106,"df_sale_price":"","df_regular_price":106,"df_image_link":"https:\/\/cdn02.fabioferro.eu\/wp-content\/uploads\/virtuemart\/product\/orologio_ottaviani_cristallo_cuore_29764_jpg1__1505467153_531.jpg","_links":{"self":[{"href":"https:\/\/www.fabioferro.eu\/de\/wp-json\/wp\/v2\/product\/116616","targetHints":{"allow":["GET"]}}],"collection":[{"href":"https:\/\/www.fabioferro.eu\/de\/wp-json\/wp\/v2\/product"}],"about":[{"href":"https:\/\/www.fabioferro.eu\/de\/wp-json\/wp\/v2\/types\/product"}],"replies":[{"embeddable":true,"href":"https:\/\/www.fabioferro.eu\/de\/wp-json\/wp\/v2\/comments?post=116616"}],"version-history":[{"count":0,"href":"https:\/\/www.fabioferro.eu\/de\/wp-json\/wp\/v2\/product\/116616\/revisions"}],"wp:featuredmedia":[{"embeddable":true,"href":"https:\/\/www.fabioferro.eu\/de\/wp-json\/wp\/v2\/media\/116631"}],"wp:attachment":[{"href":"https:\/\/www.fabioferro.eu\/de\/wp-json\/wp\/v2\/media?parent=116616"}],"wp:term":[{"taxonomy":"product_brand","embeddable":true,"href":"https:\/\/www.fabioferro.eu\/de\/wp-json\/wp\/v2\/product_brand?post=116616"},{"taxonomy":"product_cat","embeddable":true,"href":"https:\/\/www.fabioferro.eu\/de\/wp-json\/wp\/v2\/product_cat?post=116616"},{"taxonomy":"product_tag","embeddable":true,"href":"https:\/\/www.fabioferro.eu\/de\/wp-json\/wp\/v2\/product_tag?post=116616"}],"curies":[{"name":"wp","href":"https:\/\/api.w.org\/{rel}","templated":true}]}}