{"id":116628,"date":"2016-10-19T15:52:02","date_gmt":"2016-10-19T13:52:02","guid":{"rendered":"https:\/\/www.fabioferro.eu\/giovanni-raspini-swing-schmetterling-halskette.html"},"modified":"2026-03-17T07:56:20","modified_gmt":"2026-03-17T06:56:20","slug":"giovanni-raspini-swing-schmetterling-halskette","status":"publish","type":"product","link":"https:\/\/www.fabioferro.eu\/de\/giovanni-raspini-swing-schmetterling-halskette.html","title":{"rendered":"Giovanni Raspini Swing Schmetterling Halskette"},"content":{"rendered":"<div class=\"description\">\n<p>Damenhalskette Giovanni Raspini in 925 Silber neu Swing Farfalle Collection.<\/p>\n<p>Vollst\u00e4ndig handgefertigt Made in Italy.<\/p>\n<p>Die Halskette aus Mini-Rolo-Mesh mit einem Durchmesser von 2,00 mm hat eine Gesamtl\u00e4nge von 45,00 cm. In der Mitte der Halskette befindet sich eine Gruppe von 4 Schmetterlingen in verschiedenen Formen mit einer Gesamtl\u00e4nge von 5,60 cm. Der gr\u00f6\u00dfte Schmetterling misst 21 mm und der kleinste 12 mm.<\/p>\n<p>Die Halskette wird mit einem praktischen Karabinerhaken geschlossen.<\/p>\n<p>Neuer Artikel mit original Giovanni Raspini Box und Garantie.<\/p>\n<\/div>\n","protected":false},"excerpt":{"rendered":"<p>Damenhalskette Giovanni Raspini neue Kollektion Swing in 925 Silber mit Schmetterlingen.<\/p>\n","protected":false},"featured_media":116635,"comment_status":"open","ping_status":"closed","template":"","meta":[],"product_brand":[],"product_cat":[7568],"product_tag":[7442],"class_list":{"0":"post-116628","1":"product","2":"type-product","3":"status-publish","4":"has-post-thumbnail","6":"product_cat-giovanni-raspini-halsketten","7":"product_tag-verfugbar","9":"first","10":"instock","11":"sale","12":"taxable","13":"shipping-taxable","14":"purchasable","15":"product-type-simple"},"exclude_global_add_ons":[],"addons":[],"df_price":171,"df_sale_price":171,"df_regular_price":190,"df_image_link":"https:\/\/cdn02.fabioferro.eu\/wp-content\/uploads\/collana-giovanni-raspini-swing-farfalle-9540.jpg","_links":{"self":[{"href":"https:\/\/www.fabioferro.eu\/de\/wp-json\/wp\/v2\/product\/116628","targetHints":{"allow":["GET"]}}],"collection":[{"href":"https:\/\/www.fabioferro.eu\/de\/wp-json\/wp\/v2\/product"}],"about":[{"href":"https:\/\/www.fabioferro.eu\/de\/wp-json\/wp\/v2\/types\/product"}],"replies":[{"embeddable":true,"href":"https:\/\/www.fabioferro.eu\/de\/wp-json\/wp\/v2\/comments?post=116628"}],"version-history":[{"count":0,"href":"https:\/\/www.fabioferro.eu\/de\/wp-json\/wp\/v2\/product\/116628\/revisions"}],"wp:featuredmedia":[{"embeddable":true,"href":"https:\/\/www.fabioferro.eu\/de\/wp-json\/wp\/v2\/media\/116635"}],"wp:attachment":[{"href":"https:\/\/www.fabioferro.eu\/de\/wp-json\/wp\/v2\/media?parent=116628"}],"wp:term":[{"taxonomy":"product_brand","embeddable":true,"href":"https:\/\/www.fabioferro.eu\/de\/wp-json\/wp\/v2\/product_brand?post=116628"},{"taxonomy":"product_cat","embeddable":true,"href":"https:\/\/www.fabioferro.eu\/de\/wp-json\/wp\/v2\/product_cat?post=116628"},{"taxonomy":"product_tag","embeddable":true,"href":"https:\/\/www.fabioferro.eu\/de\/wp-json\/wp\/v2\/product_tag?post=116628"}],"curies":[{"name":"wp","href":"https:\/\/api.w.org\/{rel}","templated":true}]}}