{"id":116632,"date":"2016-10-27T15:52:25","date_gmt":"2016-10-27T13:52:25","guid":{"rendered":"https:\/\/www.fabioferro.eu\/ti-sento-milano-damenring-aus-925-sterling-silber-mit-ovalem-perlmutt-und-zirkonen.html"},"modified":"2016-10-27T15:52:25","modified_gmt":"2016-10-27T13:52:25","slug":"ti-sento-milano-damenring-aus-925-sterling-silber-mit-ovalem-perlmutt-und-zirkonen","status":"publish","type":"product","link":"https:\/\/www.fabioferro.eu\/de\/ti-sento-milano-damenring-aus-925-sterling-silber-mit-ovalem-perlmutt-und-zirkonen.html","title":{"rendered":"Ti Sento Milano Damenring aus 925 Sterling Silber mit ovalem Perlmutt und Zirkonen"},"content":{"rendered":"<div class=\"description\">\n<p>Ti Sento Milano Damenring aus 925\/1000 rhodiniertem und hypoallergenem Silber mit wei\u00dfem Perlmutt und Zirkonia.<\/p>\n<p>Zentrum aus wei\u00dfem Perlmutt im Ovalschliff 11&#215;9,50 mm, geschlossene L\u00fcnette aus ros\u00e9vergoldetem Silber mit polierter Oberfl\u00e4che.<\/p>\n<p>Gl\u00e4nzender Silberschaft, Dicke mm 2,00, Breite mm 3,0, besetzt mit Zirkonia im Brillantschliff.<\/p>\n<p>Gr\u00f6\u00dfe sofort lieferbar Nr. 16<\/p>\n<p>Der neue Artikel wird von einer eleganten Verpackung und der Ti Sento Milano Garantie begleitet.<\/p>\n<p>&nbsp;<\/p>\n<\/div>\n","protected":false},"excerpt":{"rendered":"<p>Damenring Ti Sento Milano aus ros\u00e9vergoldetem 925er Silber mit wei\u00dfem ovalen Perlmutt und Zirkonia.<\/p>\n","protected":false},"featured_media":116638,"comment_status":"open","ping_status":"closed","template":"","meta":[],"product_brand":[158],"product_cat":[6343],"product_tag":[7442],"class_list":{"0":"post-116632","1":"product","2":"type-product","3":"status-publish","4":"has-post-thumbnail","6":"product_brand-ti-sento-milano","7":"product_cat-ti-sento-milano-ringe","8":"product_tag-verfugbar","10":"first","11":"instock","12":"taxable","13":"shipping-taxable","14":"purchasable","15":"product-type-simple"},"exclude_global_add_ons":[],"addons":[],"df_price":119,"df_sale_price":"","df_regular_price":119,"df_image_link":"https:\/\/cdn02.fabioferro.eu\/wp-content\/uploads\/virtuemart\/product\/anello-donna-ti-sento-milano-argento-12077MW.jpg","_links":{"self":[{"href":"https:\/\/www.fabioferro.eu\/de\/wp-json\/wp\/v2\/product\/116632","targetHints":{"allow":["GET"]}}],"collection":[{"href":"https:\/\/www.fabioferro.eu\/de\/wp-json\/wp\/v2\/product"}],"about":[{"href":"https:\/\/www.fabioferro.eu\/de\/wp-json\/wp\/v2\/types\/product"}],"replies":[{"embeddable":true,"href":"https:\/\/www.fabioferro.eu\/de\/wp-json\/wp\/v2\/comments?post=116632"}],"version-history":[{"count":0,"href":"https:\/\/www.fabioferro.eu\/de\/wp-json\/wp\/v2\/product\/116632\/revisions"}],"wp:featuredmedia":[{"embeddable":true,"href":"https:\/\/www.fabioferro.eu\/de\/wp-json\/wp\/v2\/media\/116638"}],"wp:attachment":[{"href":"https:\/\/www.fabioferro.eu\/de\/wp-json\/wp\/v2\/media?parent=116632"}],"wp:term":[{"taxonomy":"product_brand","embeddable":true,"href":"https:\/\/www.fabioferro.eu\/de\/wp-json\/wp\/v2\/product_brand?post=116632"},{"taxonomy":"product_cat","embeddable":true,"href":"https:\/\/www.fabioferro.eu\/de\/wp-json\/wp\/v2\/product_cat?post=116632"},{"taxonomy":"product_tag","embeddable":true,"href":"https:\/\/www.fabioferro.eu\/de\/wp-json\/wp\/v2\/product_tag?post=116632"}],"curies":[{"name":"wp","href":"https:\/\/api.w.org\/{rel}","templated":true}]}}