{"id":116646,"date":"2016-10-29T10:02:36","date_gmt":"2016-10-29T08:02:36","guid":{"rendered":"https:\/\/www.fabioferro.eu\/festina-damenuhr-extra-collection-gehaeuse-mm-29-versilbertes-zifferblatt-und-vergoldete-indizes-mit-elastikband.html"},"modified":"2016-10-29T10:02:36","modified_gmt":"2016-10-29T08:02:36","slug":"festina-damenuhr-extra-collection-gehaeuse-mm-29-versilbertes-zifferblatt-und-vergoldete-indizes-mit-elastikband","status":"publish","type":"product","link":"https:\/\/www.fabioferro.eu\/de\/festina-damenuhr-extra-collection-gehaeuse-mm-29-versilbertes-zifferblatt-und-vergoldete-indizes-mit-elastikband.html","title":{"rendered":"Festina Damenuhr Extra Collection Geh\u00e4use MM. 29 Versilbertes Zifferblatt und vergoldete Indizes Mit Elastikband"},"content":{"rendered":"<p><strong>Die Festina Extra Uhrenkollektion ist zur\u00fcck! Eine der emblematischsten Linien wird neu aufgelegt: die Kollektion Festina Extra. Die neuen St\u00fccke mit Vintage-Charakter sind von der Originalkollektion von 1948 inspiriert und vereinen elegantes und zeitloses Design, das dem Lauf der Zeit trotzt.<\/strong><\/p>\n<p>Festina Damenuhr Extra Kollektion in Edelstahl mit elastischem Armband.<\/p>\n<p>Analoges Quarzwerk mit reiner Zeitmessung.<\/p>\n<p>Geh\u00e4use aus poliertem Edelstahl, Durchmesser 29,00 mm, Dicke 9,00 mm. Geh\u00e4useboden aus Stahl mit Druckverschluss und wasserdicht bis 3 ATM. Wasserdichte Krone aus ger\u00e4ndeltem Stahl.<\/p>\n<p>Das silberfarbene Zifferblatt tr\u00e4gt vergoldete Metallindexe. Die arabischen Stunden- und Minutenzeiger bei 6 und 12 Uhr sind aus poliertem, vergoldetem Metall gefertigt. Sekundenkugel bei sechs Uhr mit Zeiger aus poliertem, vergoldetem Metall.<\/p>\n<p>Leicht gew\u00f6lbtes Plexiglas.<\/p>\n<p>Festina-Logo bei 12 Uhr mit dem Namen der Extra-Kollektion.<\/p>\n<p>Elastisches Edelstahlband, leicht zu k\u00fcrzen. 15-mm-Schleifen.<\/p>\n<p>Neuer Artikel mit spezieller Box und original Festina Zweijahresgarantie.<\/p>\n<p>Ich stelle eine Quittung und\/oder Rechnung aus.<\/p>\n","protected":false},"excerpt":{"rendered":"<p>Festina Damenuhr Extra Kollektion im Stahlgeh\u00e4use \u00d8 29 mm. mit silbernem Zifferblatt und elastischem Armband.<\/p>\n","protected":false},"featured_media":116656,"comment_status":"open","ping_status":"closed","template":"","meta":[],"product_brand":[171],"product_cat":[5976],"product_tag":[],"class_list":{"0":"post-116646","1":"product","2":"type-product","3":"status-publish","4":"has-post-thumbnail","6":"product_brand-festina","7":"product_cat-festina-damenuhren","9":"first","10":"outofstock","11":"sale","12":"taxable","13":"shipping-taxable","14":"purchasable","15":"product-type-simple"},"exclude_global_add_ons":[],"addons":[],"df_price":111.2,"df_sale_price":111.2,"df_regular_price":139,"df_image_link":"https:\/\/cdn02.fabioferro.eu\/wp-content\/uploads\/virtuemart\/product\/orologio-festina-donna-vintage-extra-f20256-2.jpg","_links":{"self":[{"href":"https:\/\/www.fabioferro.eu\/de\/wp-json\/wp\/v2\/product\/116646","targetHints":{"allow":["GET"]}}],"collection":[{"href":"https:\/\/www.fabioferro.eu\/de\/wp-json\/wp\/v2\/product"}],"about":[{"href":"https:\/\/www.fabioferro.eu\/de\/wp-json\/wp\/v2\/types\/product"}],"replies":[{"embeddable":true,"href":"https:\/\/www.fabioferro.eu\/de\/wp-json\/wp\/v2\/comments?post=116646"}],"version-history":[{"count":0,"href":"https:\/\/www.fabioferro.eu\/de\/wp-json\/wp\/v2\/product\/116646\/revisions"}],"wp:featuredmedia":[{"embeddable":true,"href":"https:\/\/www.fabioferro.eu\/de\/wp-json\/wp\/v2\/media\/116656"}],"wp:attachment":[{"href":"https:\/\/www.fabioferro.eu\/de\/wp-json\/wp\/v2\/media?parent=116646"}],"wp:term":[{"taxonomy":"product_brand","embeddable":true,"href":"https:\/\/www.fabioferro.eu\/de\/wp-json\/wp\/v2\/product_brand?post=116646"},{"taxonomy":"product_cat","embeddable":true,"href":"https:\/\/www.fabioferro.eu\/de\/wp-json\/wp\/v2\/product_cat?post=116646"},{"taxonomy":"product_tag","embeddable":true,"href":"https:\/\/www.fabioferro.eu\/de\/wp-json\/wp\/v2\/product_tag?post=116646"}],"curies":[{"name":"wp","href":"https:\/\/api.w.org\/{rel}","templated":true}]}}