{"id":116683,"date":"2016-10-06T10:20:36","date_gmt":"2016-10-06T08:20:36","guid":{"rendered":"https:\/\/www.fabioferro.eu\/bibigi-weissgold-ohrringe-mit-diamanten.html"},"modified":"2016-10-06T10:20:36","modified_gmt":"2016-10-06T08:20:36","slug":"bibigi-weissgold-ohrringe-mit-diamanten","status":"publish","type":"product","link":"https:\/\/www.fabioferro.eu\/de\/bibigi-weissgold-ohrringe-mit-diamanten.html","title":{"rendered":"Bibig\u00ec Wei\u00dfgold-Ohrringe mit Diamanten"},"content":{"rendered":"<p>Ohrringe Bibig\u00ec aus Wei\u00dfgold 750\/1000 mit Diamanten im Brillantschliff.<\/p>\n<p>Festes Lappenmodell in Form eines umgekehrten V, besetzt mit Diamanten im Brillantschliff von insgesamt 0,16 Karat, Farbe HVs.<\/p>\n<p>Die Ohrringe wiegen 7,60 Gramm, sind 17 mm lang, 5 mm breit und 4 mm dick.<\/p>\n<p>Das Schmuckst\u00fcck wird von einer kostenlosen Geschenkbox und dem Garantie- und Qualit\u00e4tszertifikat von Fabio Ferro i Gioielli begleitet.<\/p>\n<p>&nbsp;<\/p>\n<p>&nbsp;<\/p>\n","protected":false},"excerpt":{"rendered":"<p>Damenohrringe Bibig\u00ec aus Wei\u00dfgold mit Diamanten im Brillantschliff.<\/p>\n","protected":false},"featured_media":116687,"comment_status":"open","ping_status":"closed","template":"","meta":[],"product_brand":[],"product_cat":[6014],"product_tag":[7442],"class_list":{"0":"post-116683","1":"product","2":"type-product","3":"status-publish","4":"has-post-thumbnail","6":"product_cat-ohrringe","7":"product_tag-verfugbar","9":"first","10":"instock","11":"sale","12":"taxable","13":"shipping-taxable","14":"purchasable","15":"product-type-simple"},"exclude_global_add_ons":[],"addons":[],"df_price":1088,"df_sale_price":1088,"df_regular_price":1360,"df_image_link":"https:\/\/cdn02.fabioferro.eu\/wp-content\/uploads\/virtuemart\/product\/orecchini-donna-oro-bianco-con-diamanti1.jpg","_links":{"self":[{"href":"https:\/\/www.fabioferro.eu\/de\/wp-json\/wp\/v2\/product\/116683","targetHints":{"allow":["GET"]}}],"collection":[{"href":"https:\/\/www.fabioferro.eu\/de\/wp-json\/wp\/v2\/product"}],"about":[{"href":"https:\/\/www.fabioferro.eu\/de\/wp-json\/wp\/v2\/types\/product"}],"replies":[{"embeddable":true,"href":"https:\/\/www.fabioferro.eu\/de\/wp-json\/wp\/v2\/comments?post=116683"}],"version-history":[{"count":0,"href":"https:\/\/www.fabioferro.eu\/de\/wp-json\/wp\/v2\/product\/116683\/revisions"}],"wp:featuredmedia":[{"embeddable":true,"href":"https:\/\/www.fabioferro.eu\/de\/wp-json\/wp\/v2\/media\/116687"}],"wp:attachment":[{"href":"https:\/\/www.fabioferro.eu\/de\/wp-json\/wp\/v2\/media?parent=116683"}],"wp:term":[{"taxonomy":"product_brand","embeddable":true,"href":"https:\/\/www.fabioferro.eu\/de\/wp-json\/wp\/v2\/product_brand?post=116683"},{"taxonomy":"product_cat","embeddable":true,"href":"https:\/\/www.fabioferro.eu\/de\/wp-json\/wp\/v2\/product_cat?post=116683"},{"taxonomy":"product_tag","embeddable":true,"href":"https:\/\/www.fabioferro.eu\/de\/wp-json\/wp\/v2\/product_tag?post=116683"}],"curies":[{"name":"wp","href":"https:\/\/api.w.org\/{rel}","templated":true}]}}