{"id":116690,"date":"2016-10-13T16:08:13","date_gmt":"2016-10-13T14:08:13","guid":{"rendered":"https:\/\/www.fabioferro.eu\/ottaviani-bon-bon-halter-aus-kristall-in-herzform.html"},"modified":"2016-10-13T16:08:13","modified_gmt":"2016-10-13T14:08:13","slug":"ottaviani-bon-bon-halter-aus-kristall-in-herzform","status":"publish","type":"product","link":"https:\/\/www.fabioferro.eu\/de\/ottaviani-bon-bon-halter-aus-kristall-in-herzform.html","title":{"rendered":"Ottaviani Bon-Bon-Halter aus Kristall in Herzform"},"content":{"rendered":"<p>Ottaviani Bonbonhalter aus Kristall in Herzform.<\/p>\n<p>Ein kastenf\u00f6rmiges Herz mit einem gew\u00f6lbten und facettierten Deckel, an dem drei kleine Rosen als Henkel dienen.<\/p>\n<p>Das Herz hat eine Gr\u00f6\u00dfe von cm. 10,00&#215;10,50 bei einer H\u00f6he von cm. 8,00 einschlie\u00dflich des Griffs.<\/p>\n<p>Elegantes Geh\u00e4use und original Ottaviani-Garantie.<\/p>\n<p>Ich stelle eine Quittung und\/oder Rechnung aus.<\/p>\n<p>&nbsp;<\/p>\n<p><strong>Spezifisches Geschenkpaket f\u00fcr jede Art von Veranstaltung, Taufe, Kommunion, Konfirmation, Hochzeit usw.<\/strong><br \/>\n<strong>Wird in der Bestellung unter &#8220;Anmerkungen&#8221; angegeben.<\/strong><\/p>\n<p>&nbsp;<\/p>\n<p>&nbsp;<\/p>\n<p>&nbsp;<\/p>\n","protected":false},"excerpt":{"rendered":"<p>Ottaviani Bonbonhalter aus Kristall in Herzform mit Deckel.<\/p>\n","protected":false},"featured_media":116694,"comment_status":"open","ping_status":"closed","template":"","meta":[],"product_brand":[169],"product_cat":[6213,6428],"product_tag":[7442],"class_list":{"0":"post-116690","1":"product","2":"type-product","3":"status-publish","4":"has-post-thumbnail","6":"product_brand-ottaviani","7":"product_cat-begunstigungen","8":"product_cat-ottaviani-silvers-home","9":"product_tag-verfugbar","11":"first","12":"instock","13":"taxable","14":"shipping-taxable","15":"purchasable","16":"product-type-simple"},"exclude_global_add_ons":[],"addons":[],"df_price":40,"df_sale_price":"","df_regular_price":40,"df_image_link":"https:\/\/cdn02.fabioferro.eu\/wp-content\/uploads\/virtuemart\/product\/porta-bon-bon-cristallo-800061.jpg","_links":{"self":[{"href":"https:\/\/www.fabioferro.eu\/de\/wp-json\/wp\/v2\/product\/116690","targetHints":{"allow":["GET"]}}],"collection":[{"href":"https:\/\/www.fabioferro.eu\/de\/wp-json\/wp\/v2\/product"}],"about":[{"href":"https:\/\/www.fabioferro.eu\/de\/wp-json\/wp\/v2\/types\/product"}],"replies":[{"embeddable":true,"href":"https:\/\/www.fabioferro.eu\/de\/wp-json\/wp\/v2\/comments?post=116690"}],"version-history":[{"count":0,"href":"https:\/\/www.fabioferro.eu\/de\/wp-json\/wp\/v2\/product\/116690\/revisions"}],"wp:featuredmedia":[{"embeddable":true,"href":"https:\/\/www.fabioferro.eu\/de\/wp-json\/wp\/v2\/media\/116694"}],"wp:attachment":[{"href":"https:\/\/www.fabioferro.eu\/de\/wp-json\/wp\/v2\/media?parent=116690"}],"wp:term":[{"taxonomy":"product_brand","embeddable":true,"href":"https:\/\/www.fabioferro.eu\/de\/wp-json\/wp\/v2\/product_brand?post=116690"},{"taxonomy":"product_cat","embeddable":true,"href":"https:\/\/www.fabioferro.eu\/de\/wp-json\/wp\/v2\/product_cat?post=116690"},{"taxonomy":"product_tag","embeddable":true,"href":"https:\/\/www.fabioferro.eu\/de\/wp-json\/wp\/v2\/product_tag?post=116690"}],"curies":[{"name":"wp","href":"https:\/\/api.w.org\/{rel}","templated":true}]}}