{"id":116691,"date":"2016-10-06T08:15:02","date_gmt":"2016-10-06T06:15:02","guid":{"rendered":"https:\/\/www.fabioferro.eu\/damen-ohrringe-aus-weissgold-mit-diamanten-bliss.html"},"modified":"2016-10-06T08:15:02","modified_gmt":"2016-10-06T06:15:02","slug":"damen-ohrringe-aus-weissgold-mit-diamanten-bliss","status":"publish","type":"product","link":"https:\/\/www.fabioferro.eu\/de\/damen-ohrringe-aus-weissgold-mit-diamanten-bliss.html","title":{"rendered":"Damen Ohrringe aus Wei\u00dfgold mit Diamanten Bliss"},"content":{"rendered":"<p>Bliss Jewellery Ohrringe mit Anh\u00e4nger aus 18 Karat Wei\u00dfgold und einem Gewicht von 4 Gramm.<\/p>\n<p>Kreisf\u00f6rmiges Pendelmodell mit Lichtpunkt.<\/p>\n<p>Der Ohrring besteht aus zwei Elementen, die die M\u00f6glichkeit bieten, ihn auf zwei Arten zu tragen. Als H\u00e4ngeleuchte oder durch Abnehmen des oberen Teils erh\u00e4lt man einen diamantenen Lichtpunkt.<\/p>\n<p>Riegel und Fliege als Verschluss.<\/p>\n<p>Die Gesamtl\u00e4nge des Ohrrings betr\u00e4gt 2,6 cm.<\/p>\n<p>2 Diamanten im Brillantschliff von insgesamt 0,02 Ct. Farbe H VS<\/p>\n<p>Neuer Artikel mit original Bliss Jewellery Box und Garantie.<\/p>\n","protected":false},"excerpt":{"rendered":"<p>Bliss Jewellery Frauen Ohrringe Wei\u00dfgold Anh\u00e4nger Modell mit Diamanten doppelt passen.<\/p>\n","protected":false},"featured_media":116695,"comment_status":"open","ping_status":"closed","template":"","meta":[],"product_brand":[],"product_cat":[7620],"product_tag":[7442],"class_list":{"0":"post-116691","1":"product","2":"type-product","3":"status-publish","4":"has-post-thumbnail","6":"product_cat-outlet-schmuck","7":"product_tag-verfugbar","9":"first","10":"instock","11":"sale","12":"taxable","13":"shipping-taxable","14":"purchasable","15":"product-type-simple"},"exclude_global_add_ons":[],"addons":[],"df_price":870,"df_sale_price":870,"df_regular_price":1090,"df_image_link":"https:\/\/cdn02.fabioferro.eu\/wp-content\/uploads\/virtuemart\/product\/orecchini-donna-bliss-pendente-rotondo-con-diamante1.jpg","_links":{"self":[{"href":"https:\/\/www.fabioferro.eu\/de\/wp-json\/wp\/v2\/product\/116691","targetHints":{"allow":["GET"]}}],"collection":[{"href":"https:\/\/www.fabioferro.eu\/de\/wp-json\/wp\/v2\/product"}],"about":[{"href":"https:\/\/www.fabioferro.eu\/de\/wp-json\/wp\/v2\/types\/product"}],"replies":[{"embeddable":true,"href":"https:\/\/www.fabioferro.eu\/de\/wp-json\/wp\/v2\/comments?post=116691"}],"version-history":[{"count":0,"href":"https:\/\/www.fabioferro.eu\/de\/wp-json\/wp\/v2\/product\/116691\/revisions"}],"wp:featuredmedia":[{"embeddable":true,"href":"https:\/\/www.fabioferro.eu\/de\/wp-json\/wp\/v2\/media\/116695"}],"wp:attachment":[{"href":"https:\/\/www.fabioferro.eu\/de\/wp-json\/wp\/v2\/media?parent=116691"}],"wp:term":[{"taxonomy":"product_brand","embeddable":true,"href":"https:\/\/www.fabioferro.eu\/de\/wp-json\/wp\/v2\/product_brand?post=116691"},{"taxonomy":"product_cat","embeddable":true,"href":"https:\/\/www.fabioferro.eu\/de\/wp-json\/wp\/v2\/product_cat?post=116691"},{"taxonomy":"product_tag","embeddable":true,"href":"https:\/\/www.fabioferro.eu\/de\/wp-json\/wp\/v2\/product_tag?post=116691"}],"curies":[{"name":"wp","href":"https:\/\/api.w.org\/{rel}","templated":true}]}}