{"id":116705,"date":"2016-10-04T14:36:26","date_gmt":"2016-10-04T12:36:26","guid":{"rendered":"https:\/\/www.fabioferro.eu\/halskette-giovanni-raspini-perlage-kollektion.html"},"modified":"2025-09-25T17:25:18","modified_gmt":"2025-09-25T15:25:18","slug":"halskette-giovanni-raspini-perlage-kollektion","status":"publish","type":"product","link":"https:\/\/www.fabioferro.eu\/de\/halskette-giovanni-raspini-perlage-kollektion.html","title":{"rendered":"Halskette Giovanni Raspini Perlage Kollektion"},"content":{"rendered":"<div class=\"description\">  Giovanni Raspini New Perlage Collection Halskette aus 925\/1000 Silber. Handgefertigt und ausschlie\u00dflich in Italien hergestellt. Eine von Seifenblasen inspirierte Kollektion, eine Abfolge von kleinen Kugeln, die Formen und Lichtspiele erzeugen. Besteht aus 7 ineinander greifenden, starren Elementen, die beim Tragen miteinander verschmelzen. Die maximale H\u00f6he des zentralen Elements betr\u00e4gt 30 mm. Die Kette endet mit zwei Ringkettenst\u00fccken, von denen ein Teil mit einem Karabinerverschluss versehen ist. Das andere St\u00fcck endet mit einem niedlichen Gl\u00fccksbringer in Form einer Chilischote, einem unverkennbaren Detail bei Giovanni Raspini-Schmuck. Die Gesamtl\u00e4nge der Halskette ist cm. 42,00. Neuer Artikel mit krokodilgepr\u00e4gtem Etui und offizieller Giovanni Raspini Garantie.  <\/div>\n","protected":false},"excerpt":{"rendered":"<p>Damenhalskette Giovanni Raspini neue Perlage Kollektion in 925 Silber.<\/p>\n","protected":false},"featured_media":116709,"comment_status":"open","ping_status":"closed","template":"","meta":[],"product_brand":[155],"product_cat":[7568],"product_tag":[7442],"class_list":{"0":"post-116705","1":"product","2":"type-product","3":"status-publish","4":"has-post-thumbnail","6":"product_brand-raspini","7":"product_cat-giovanni-raspini-halsketten","8":"product_tag-verfugbar","10":"first","11":"instock","12":"sale","13":"taxable","14":"shipping-taxable","15":"purchasable","16":"product-type-simple"},"exclude_global_add_ons":[],"addons":[],"df_price":688.5,"df_sale_price":688.5,"df_regular_price":765,"df_image_link":"https:\/\/cdn02.fabioferro.eu\/wp-content\/uploads\/virtuemart\/product\/9525-collana-giovanni-raspini-perlage.jpg","_links":{"self":[{"href":"https:\/\/www.fabioferro.eu\/de\/wp-json\/wp\/v2\/product\/116705","targetHints":{"allow":["GET"]}}],"collection":[{"href":"https:\/\/www.fabioferro.eu\/de\/wp-json\/wp\/v2\/product"}],"about":[{"href":"https:\/\/www.fabioferro.eu\/de\/wp-json\/wp\/v2\/types\/product"}],"replies":[{"embeddable":true,"href":"https:\/\/www.fabioferro.eu\/de\/wp-json\/wp\/v2\/comments?post=116705"}],"version-history":[{"count":0,"href":"https:\/\/www.fabioferro.eu\/de\/wp-json\/wp\/v2\/product\/116705\/revisions"}],"wp:featuredmedia":[{"embeddable":true,"href":"https:\/\/www.fabioferro.eu\/de\/wp-json\/wp\/v2\/media\/116709"}],"wp:attachment":[{"href":"https:\/\/www.fabioferro.eu\/de\/wp-json\/wp\/v2\/media?parent=116705"}],"wp:term":[{"taxonomy":"product_brand","embeddable":true,"href":"https:\/\/www.fabioferro.eu\/de\/wp-json\/wp\/v2\/product_brand?post=116705"},{"taxonomy":"product_cat","embeddable":true,"href":"https:\/\/www.fabioferro.eu\/de\/wp-json\/wp\/v2\/product_cat?post=116705"},{"taxonomy":"product_tag","embeddable":true,"href":"https:\/\/www.fabioferro.eu\/de\/wp-json\/wp\/v2\/product_tag?post=116705"}],"curies":[{"name":"wp","href":"https:\/\/api.w.org\/{rel}","templated":true}]}}